{"id":3,"date":"2022-03-28T14:08:57","date_gmt":"2022-03-28T12:08:57","guid":{"rendered":"http:\/\/dev-gut.bambule.de\/?page_id=3"},"modified":"2022-09-28T16:50:20","modified_gmt":"2022-09-28T14:50:20","slug":"datenschutzerklaerung","status":"publish","type":"page","link":"https:\/\/gutgesell-cuxhaven.de\/wps\/datenschutzerklaerung","title":{"rendered":"Datenschutzerkl\u00e4rung"},"content":{"rendered":"<p>Verantwortliche Stelle im Sinne der Datenschutzgesetze, insbesondere der EU-Datenschutzgrundverordnung (DSGVO), ist:<\/p>\n<p>Frank-H. Rix Managementsysteme<br \/>\nKanalstra\u00dfe 24<br \/>\n24159 Kiel<br \/>\nE-Mail: datenschutz@gutgesell-cuxhaven.de<\/p>\n<p>Ihre Betroffenenrechte<\/p>\n<p>Unter den angegebenen Kontaktdaten unseres Datenschutzbeauftragten k\u00f6nnen Sie jederzeit folgende Rechte aus\u00fcben:<\/p>\n<p>Auskunft \u00fcber Ihre bei uns gespeicherten Daten und deren Verarbeitung,<br \/>\nBerichtigung unrichtiger personenbezogener Daten,<br \/>\nL\u00f6schung Ihrer bei uns gespeicherten Daten,<br \/>\nEinschr\u00e4nkung der Datenverarbeitung, sofern wir Ihre Daten aufgrund gesetzlicher Pflichten noch nicht l\u00f6schen d\u00fcrfen,<br \/>\nWiderspruch gegen die Verarbeitung Ihrer Daten bei uns und<br \/>\nDaten\u00fcbertragbarkeit, sofern Sie in die Datenverarbeitung eingewilligt haben oder einen Vertrag mit uns abgeschlossen haben.<br \/>\nSofern Sie uns eine Einwilligung erteilt haben, k\u00f6nnen Sie diese jederzeit mit Wirkung f\u00fcr die Zukunft widerrufen.<\/p>\n<p>Sie k\u00f6nnen sich jederzeit mit einer Beschwerde an die f\u00fcr Sie zust\u00e4ndige Aufsichtsbeh\u00f6rde wenden. Ihre zust\u00e4ndige Aufsichtsbeh\u00f6rde richtet sich nach dem Bundesland Ihres Wohnsitzes, Ihrer Arbeit oder der mutma\u00dflichen Verletzung. Eine Liste der Aufsichtsbeh\u00f6rden (f\u00fcr den nicht\u00f6ffentlichen Bereich) mit Anschrift finden Sie unter: https:\/\/www.bfdi.bund.de\/DE\/Infothek\/Anschriften_Links\/anschriften_links-node.html.<\/p>\n<p>Zwecke der Datenverarbeitung durch die verantwortliche Stelle und Dritte<\/p>\n<p>Wir verarbeiten Ihre personenbezogenen Daten nur zu den in dieser Datenschutzerkl\u00e4rung genannten Zwecken. Eine \u00dcbermittlung Ihrer pers\u00f6nlichen Daten an Dritte zu anderen als den genannten Zwecken findet nicht statt. Wir geben Ihre pers\u00f6nlichen Daten nur an Dritte weiter, wenn:<\/p>\n<p>Sie Ihre ausdr\u00fcckliche Einwilligung dazu erteilt haben,<br \/>\ndie Verarbeitung zur Abwicklung eines Vertrags mit Ihnen erforderlich ist,<br \/>\ndie Verarbeitung zur Erf\u00fcllung einer rechtlichen Verpflichtung erforderlich ist,<br \/>\ndie Verarbeitung zur Wahrung berechtigter Interessen erforderlich ist und kein Grund zur Annahme besteht, dass Sie ein \u00fcberwiegendes schutzw\u00fcrdiges Interesse an der Nichtweitergabe Ihrer Daten haben.<\/p>\n<p>L\u00f6schung bzw. Sperrung der Daten<\/p>\n<p>Wir halten uns an die Grunds\u00e4tze der Datenvermeidung und Datensparsamkeit. Wir speichern Ihre personenbezogenen Daten daher nur so lange, wie dies zur Erreichung der hier genannten Zwecke erforderlich ist oder wie es die vom Gesetzgeber vorgesehenen vielf\u00e4ltigen Speicherfristen vorsehen. Nach Fortfall des jeweiligen Zweckes bzw. Ablauf dieser Fristen werden die entsprechenden Daten routinem\u00e4\u00dfig und entsprechend den gesetzlichen Vorschriften gesperrt oder gel\u00f6scht.<\/p>\n<p>Erfassung allgemeiner Informationen beim Besuch unserer Website<\/p>\n<p>Wenn Sie auf unsere Website zugreifen, werden automatisch mittels eines Cookies Informationen allgemeiner Natur erfasst. Diese Informationen (Server-Logfiles) beinhalten etwa die Art des Webbrowsers, das verwendete Betriebssystem, den Domainnamen Ihres Internet-Service-Providers und \u00e4hnliches. Hierbei handelt es sich ausschlie\u00dflich um Informationen, welche keine R\u00fcckschl\u00fcsse auf Ihre Person zulassen.<\/p>\n<p>Diese Informationen sind technisch notwendig, um von Ihnen angeforderte Inhalte von Webseiten korrekt auszuliefern und fallen bei Nutzung des Internets zwingend an. Sie werden insbesondere zu folgenden Zwecken verarbeitet:<\/p>\n<p>Sicherstellung eines problemlosen Verbindungsaufbaus der Website,<br \/>\nSicherstellung einer reibungslosen Nutzung unserer Website,<br \/>\nAuswertung der Systemsicherheit und -stabilit\u00e4t sowie<br \/>\nzu weiteren administrativen Zwecken.<br \/>\nDie Verarbeitung Ihrer personenbezogenen Daten basiert auf unserem berechtigten Interesse aus den vorgenannten Zwecken zur Datenerhebung. Wir verwenden Ihre Daten nicht, um R\u00fcckschl\u00fcsse auf Ihre Person zu ziehen. Empf\u00e4nger der Daten sind nur die verantwortliche Stelle und ggf. Auftragsverarbeiter.<\/p>\n<p>Anonyme Informationen dieser Art werden von uns ggfs. statistisch ausgewertet, um unseren Internetauftritt und die dahinterstehende Technik zu optimieren.<\/p>\n<p>Cookies<\/p>\n<p>Wie viele andere Webseiten verwenden wir auch so genannte \u201eCookies\u201c. Cookies sind kleine Textdateien, die von einem Websiteserver auf Ihre Festplatte \u00fcbertragen werden. Hierdurch erhalten wir automatisch bestimmte Daten wie z. B. IP-Adresse, verwendeter Browser, Betriebssystem und Ihre Verbindung zum Internet.<\/p>\n<p>Cookies k\u00f6nnen nicht verwendet werden, um Programme zu starten oder Viren auf einen Computer zu \u00fcbertragen. Anhand der in Cookies enthaltenen Informationen k\u00f6nnen wir Ihnen die Navigation erleichtern und die korrekte Anzeige unserer Webseiten erm\u00f6glichen.<\/p>\n<p>In keinem Fall werden die von uns erfassten Daten an Dritte weitergegeben oder ohne Ihre Einwilligung eine Verkn\u00fcpfung mit personenbezogenen Daten hergestellt.<\/p>\n<p>Nat\u00fcrlich k\u00f6nnen Sie unsere Website grunds\u00e4tzlich auch ohne Cookies betrachten. Internet-Browser sind regelm\u00e4\u00dfig so eingestellt, dass sie Cookies akzeptieren. Im Allgemeinen k\u00f6nnen Sie die Verwendung von Cookies jederzeit \u00fcber die Einstellungen Ihres Browsers deaktivieren. Bitte verwenden Sie die Hilfefunktionen Ihres Internetbrowsers, um zu erfahren, wie Sie diese Einstellungen \u00e4ndern k\u00f6nnen. Bitte beachten Sie, dass einzelne Funktionen unserer Website m\u00f6glicherweise nicht funktionieren, wenn Sie die Verwendung von Cookies deaktiviert haben.<\/p>\n<p>Cookie-Einwilligung mit Borlabs Cookie<br \/>\nUnsere Website nutzt die Cookie-Consent-Technologie von Borlabs Cookie, um Ihre Einwilligung zur Speicherung bestimmter Cookies in Ihrem Browser einzuholen und diese datenschutzkonform zu dokumentieren. Anbieter dieser Technologie ist Borlabs &#8211; Benjamin A. Bornschein, Georg-Wilhelm-Str. 17, 21107 Hamburg (im Folgenden Borlabs).<\/p>\n<p>Wenn Sie unsere Website betreten, wird ein Borlabs-Cookie in Ihrem Browser gespeichert, in dem die von Ihnen erteilten Einwilligungen oder der Widerruf dieser Einwilligungen gespeichert werden. Diese Daten werden nicht an den Anbieter von Borlabs Cookie weitergegeben.<\/p>\n<p>Die erfassten Daten werden gespeichert, bis Sie uns zur L\u00f6schung auffordern bzw. das Borlabs-Cookie selbst l\u00f6schen oder der Zweck f\u00fcr die Datenspeicherung entf\u00e4llt. Zwingende gesetzliche Aufbewahrungsfristen bleiben unber\u00fchrt. Details zur Datenverarbeitung von Borlabs Cookie finden Sie unter https:\/\/de.borlabs.io\/kb\/welche-daten-speichert-borlabs-cookie\/<\/p>\n<p>Der Einsatz der Borlabs-Cookie-Consent-Technologie erfolgt, um die gesetzlich vorgeschriebenen Einwilligungen f\u00fcr den Einsatz von Cookies einzuholen. Rechtsgrundlage hierf\u00fcr ist Art. 6 Abs. 1 S. 1 lit. c DSGVO.<br \/>\n&nbsp;<br \/>\nSie k\u00f6nnen Ihre gew\u00e4hlten Cookie-Einstellungen jederzeit hier \u00e4ndern: <span class=\"borlabs-cookie-open-dialog-preferences brlbs-cmpnt-container\" data-borlabs-cookie-title=\"Cookie-Pr\u00e4ferenzen \u00e4ndern\" data-borlabs-cookie-type=\"button\" ><\/span><\/p>\n<p>Erbringung kostenpflichtiger Leistungen<\/p>\n<p>Zur Erbringung kostenpflichtiger Leistungen werden von uns zus\u00e4tzliche Daten erfragt, wie z.B. Zahlungsangaben, um Ihre Bestellung ausf\u00fchren zu k\u00f6nnen. Wir speichern diese Daten in unseren Systemen bis die gesetzlichen Aufbewahrungsfristen abgelaufen sind.<\/p>\n<p>SSL-Verschl\u00fcsselung<\/p>\n<p>Um die Sicherheit Ihrer Daten bei der \u00dcbertragung zu sch\u00fctzen, verwenden wir dem aktuellen Stand der Technik entsprechende Verschl\u00fcsselungsverfahren (z. B. SSL) \u00fcber HTTPS.<\/p>\n<p>Kontaktformular<\/p>\n<p>Treten Sie bzgl. Fragen jeglicher Art per E-Mail oder Kontaktformular mit uns in Kontakt, erteilen Sie uns zum Zwecke der Kontaktaufnahme Ihre freiwillige Einwilligung. Hierf\u00fcr ist die Angabe einer validen E-Mail-Adresse erforderlich. Diese dient der Zuordnung der Anfrage und der anschlie\u00dfenden Beantwortung derselben. Die Angabe weiterer Daten ist optional. Die von Ihnen gemachten Angaben werden zum Zwecke der Bearbeitung der Anfrage sowie f\u00fcr m\u00f6gliche Anschlussfragen gespeichert. Nach Erledigung der von Ihnen gestellten Anfrage werden personenbezogene Daten automatisch gel\u00f6scht.<\/p>\n<p>Eingebettete YouTube-Videos<\/p>\n<p>Auf einigen unserer Webseiten betten wir Youtube-Videos ein. Betreiber der entsprechenden Plugins ist die YouTube, LLC, 901 Cherry Ave., San Bruno, CA 94066, USA. Wenn Sie eine Seite mit dem YouTube-Plugin besuchen, wird eine Verbindung zu Servern von Youtube hergestellt. Dabei wird Youtube mitgeteilt, welche Seiten Sie besuchen. Wenn Sie in Ihrem Youtube-Account eingeloggt sind, kann Youtube Ihr Surfverhalten Ihnen pers\u00f6nlich zuzuordnen. Dies verhindern Sie, indem Sie sich vorher aus Ihrem Youtube-Account ausloggen.<\/p>\n<p>Wird ein Youtube-Video gestartet, setzt der Anbieter Cookies ein, die Hinweise \u00fcber das Nutzerverhalten sammeln.<\/p>\n<p>Wer das Speichern von Cookies f\u00fcr das Google-Ad-Programm deaktiviert hat, wird auch beim Anschauen von Youtube-Videos mit keinen solchen Cookies rechnen m\u00fcssen. Youtube legt aber auch in anderen Cookies nicht-personenbezogene Nutzungsinformationen ab. M\u00f6chten Sie dies verhindern, so m\u00fcssen Sie das Speichern von Cookies im Browser blockieren.<\/p>\n<p>Weitere Informationen zum Datenschutz bei \u201eYoutube\u201c finden Sie in der Datenschutzerkl\u00e4rung des Anbieters unter: https:\/\/www.google.de\/intl\/de\/policies\/privacy\/<\/p>\n<p>Bewerbungen<\/p>\n<p>Wir bieten Ihnen die M\u00f6glichkeit, sich bei uns zu bewerben (z. B. per E-Mail, postalisch oder via Online-Bewerberformular). Im Folgenden informieren wir Sie \u00fcber Umfang, Zweck und Verwendung Ihrer im Rahmen des Bewerbungsprozesses erhobenen personenbezogenen Daten. Wir versichern, dass die Erhebung, Verarbeitung und Nutzung Ihrer Daten in \u00dcbereinstimmung mit geltendem Datenschutzrecht und allen weiteren gesetzlichen Bestimmungen erfolgt und Ihre Daten streng vertraulich behandelt werden.<\/p>\n<p>Umfang und Zweck der Datenerhebung<\/p>\n<p>Wenn Sie uns eine Bewerbung zukommen lassen, verarbeiten wir Ihre damit verbundenen personenbezogenen Daten (z. B. Kontakt- und Kommunikationsdaten, Bewerbungsunterlagen, Notizen im Rahmen von Bewerbungsgespr\u00e4chen etc.), soweit dies zur Entscheidung \u00fcber die Begr\u00fcndung eines Besch\u00e4ftigungsverh\u00e4ltnisses erforderlich ist. Rechtsgrundlage hierf\u00fcr ist \u00a7 26 BDSG-neu nach deutschem Recht (Anbahnung eines Besch\u00e4ftigungsverh\u00e4ltnisses), Art. 6 Abs. 1 lit. b DSGVO (allgemeine Vertragsanbahnung) und \u2013 sofern Sie eine Einwilligung erteilt haben \u2013 Art. 6 Abs. 1 lit. a DSGVO. Die Einwilligung ist jederzeit widerrufbar. Ihre personenbezogenen Daten werden innerhalb unseres Unternehmens ausschlie\u00dflich an Personen weitergegeben, die an der Bearbeitung Ihrer Bewerbung beteiligt sind.<\/p>\n<p>Sofern die Bewerbung erfolgreich ist, werden die von Ihnen eingereichten Daten auf Grundlage von \u00a7 26 BDSG-neu und Art. 6 Abs. 1 lit. b DSGVO zum Zwecke der Durchf\u00fchrung des Besch\u00e4ftigungsverh\u00e4ltnisses in unseren Datenverarbeitungssystemen gespeichert.<\/p>\n<p>Aufbewahrungsdauer der Daten<\/p>\n<p>Wenn wir Ihnen kein Stellenangebot machen k\u00f6nnen, Sie ein Stellenangebot ablehnen, Ihre Bewerbung zur\u00fcckziehen, Ihre Einwilligung zur Datenverarbeitung widerrufen oder uns zur L\u00f6schung der Daten auffordern, werden die von Ihnen \u00fcbermittelten Daten inkl. ggf. verbleibender physischer Bewerbungsunterlagen f\u00fcr maximal 6 Monate nach Abschluss des Bewerbungsverfahrens gespeichert bzw. aufbewahrt (Aufbewahrungsfrist), um die Einzelheiten des Bewerbungsprozesses im Falle von Unstimmigkeiten nachvollziehen zu k\u00f6nnen (Art. 6 Abs. 1 lit. f DSGVO).<\/p>\n<p>DIESER SPEICHERUNG K\u00d6NNEN SIE WIDERSPRECHEN, SOFERN IHRERSEITS BERECHTIGTE INTERESSEN VORLIEGEN, DIE UNSERE INTERESSEN \u00dcBERWIEGEN.<\/p>\n<p>Nach Ablauf der Aufbewahrungsfrist werden die Daten gel\u00f6scht, sofern keine gesetzliche Aufbewahrungspflicht oder ein sonstiger Rechtsgrund zur weiteren Speicherung vorliegt. Sofern ersichtlich ist, dass die Aufbewahrung Ihrer Daten nach Ablauf der Aufbewahrungsfrist erforderlich sein wird (z. B. aufgrund eines drohenden oder anh\u00e4ngigen Rechtsstreits), findet eine L\u00f6schung erst statt, wenn die Daten gegenstandslos geworden sind. Sonstige gesetzliche Aufbewahrungspflichten bleiben unber\u00fchrt.\u00c4nderung unserer Datenschutzbestimmungen<\/p>\n<p>Wir behalten uns vor, diese Datenschutzerkl\u00e4rung anzupassen, damit sie stets den aktuellen rechtlichen Anforderungen entspricht oder um \u00c4nderungen unserer Leistungen in der Datenschutzerkl\u00e4rung umzusetzen, z.B. bei der Einf\u00fchrung neuer Services. F\u00fcr Ihren erneuten Besuch gilt dann die neue Datenschutzerkl\u00e4rung.<\/p>\n<p>Fragen an den Datenschutzbeauftragten<\/p>\n<p>Wenn Sie Fragen zum Datenschutz haben, schreiben Sie uns bitte eine E-Mail oder wenden Sie sich direkt an die f\u00fcr den Datenschutz verantwortliche Person in unserer Organisation:<\/p>\n<p>Frank-H. Rix Managementsysteme<br \/>\nKanalstra\u00dfe 24<br \/>\n24159 Kiel<br \/>\nE-Mail: datenschutz@gutgesell-cuxhaven<br \/>\n&nbsp;<br \/ >&nbsp;<br \/ >&nbsp;<br \/ >&nbsp;<br \/ >&nbsp;<br \/ >&nbsp;<br \/ ><\/p>\n","protected":false},"excerpt":{"rendered":"<p>Verantwortliche Stelle im Sinne der Datenschutzgesetze, insbesondere der EU-Datenschutzgrundverordnung (DSGVO), ist: Frank-H. Rix Managementsysteme Kanalstra\u00dfe 24 24159 Kiel E-Mail: datenschutz@gutgesell-cuxhaven.de Ihre Betroffenenrechte Unter den angegebenen Kontaktdaten unseres Datenschutzbeauftragten k\u00f6nnen Sie jederzeit folgende Rechte aus\u00fcben: Auskunft \u00fcber Ihre bei uns gespeicherten Daten und deren Verarbeitung, Berichtigung unrichtiger personenbezogener Daten, L\u00f6schung Ihrer bei uns gespeicherten Daten, Einschr\u00e4nkung [&hellip;]<\/p>\n","protected":false},"author":1,"featured_media":0,"parent":0,"menu_order":0,"comment_status":"closed","ping_status":"open","template":"","meta":{"_et_pb_use_builder":"","_et_pb_old_content":"","_et_gb_content_width":"","footnotes":""},"class_list":["post-3","page","type-page","status-publish","hentry"],"_links":{"self":[{"href":"https:\/\/gutgesell-cuxhaven.de\/wps\/wp-json\/wp\/v2\/pages\/3","targetHints":{"allow":["GET"]}}],"collection":[{"href":"https:\/\/gutgesell-cuxhaven.de\/wps\/wp-json\/wp\/v2\/pages"}],"about":[{"href":"https:\/\/gutgesell-cuxhaven.de\/wps\/wp-json\/wp\/v2\/types\/page"}],"author":[{"embeddable":true,"href":"https:\/\/gutgesell-cuxhaven.de\/wps\/wp-json\/wp\/v2\/users\/1"}],"replies":[{"embeddable":true,"href":"https:\/\/gutgesell-cuxhaven.de\/wps\/wp-json\/wp\/v2\/comments?post=3"}],"version-history":[{"count":5,"href":"https:\/\/gutgesell-cuxhaven.de\/wps\/wp-json\/wp\/v2\/pages\/3\/revisions"}],"predecessor-version":[{"id":2134,"href":"https:\/\/gutgesell-cuxhaven.de\/wps\/wp-json\/wp\/v2\/pages\/3\/revisions\/2134"}],"wp:attachment":[{"href":"https:\/\/gutgesell-cuxhaven.de\/wps\/wp-json\/wp\/v2\/media?parent=3"}],"curies":[{"name":"wp","href":"https:\/\/api.w.org\/{rel}","templated":true}]}}