{"id":2508,"date":"2024-01-30T15:53:11","date_gmt":"2024-01-30T14:53:11","guid":{"rendered":"https:\/\/gutgesell-cuxhaven.de\/wps\/?page_id=2508"},"modified":"2024-02-07T17:02:04","modified_gmt":"2024-02-07T16:02:04","slug":"gebrauchsanweisungen","status":"publish","type":"page","link":"https:\/\/gutgesell-cuxhaven.de\/wps\/gebrauchsanweisungen","title":{"rendered":"Gebrauchsanweisungen"},"content":{"rendered":"<p>[et_pb_section fb_built=&#8220;1&#8243; admin_label=&#8220;section&#8220; _builder_version=&#8220;4.17.4&#8243; bottom_divider_style=&#8220;wave&#8220; bottom_divider_color=&#8220;#fcbe00&#8243; bottom_divider_height=&#8220;80px&#8220; bottom_divider_flip=&#8220;horizontal&#8220; global_colors_info=&#8220;{}&#8220;][et_pb_row admin_label=&#8220;row&#8220; _builder_version=&#8220;4.17.4&#8243; background_size=&#8220;initial&#8220; background_position=&#8220;top_left&#8220; background_repeat=&#8220;repeat&#8220; custom_margin=&#8220;||||false|false&#8220; custom_padding=&#8220;50px||30px||false|false&#8220; global_colors_info=&#8220;{}&#8220;][et_pb_column type=&#8220;4_4&#8243; _builder_version=&#8220;4.16&#8243; custom_padding=&#8220;|||&#8220; global_colors_info=&#8220;{}&#8220; custom_padding__hover=&#8220;|||&#8220;][et_pb_text _builder_version=&#8220;4.24.0&#8243; _module_preset=&#8220;default&#8220; background_color=&#8220;#fcbe00&#8243; custom_margin=&#8220;||1.6em||false|false&#8220; custom_padding=&#8220;10px|||20px|false|false&#8220; border_radii=&#8220;on|6px|6px|6px|6px&#8220; global_colors_info=&#8220;{}&#8220;]<\/p>\n<h1> Gebrauchsanweisungen <\/h1>\n<p>[\/et_pb_text][et_pb_text _builder_version=&#8220;4.24.0&#8243; _module_preset=&#8220;default&#8220; global_colors_info=&#8220;{}&#8220;]Die Gebrauchsanweisungen geben Ihnen wichtige Hinweise zur Handhabung und Funktion Ihrer Versorgung. Zudem enthalten sie Warnungen und kl\u00e4ren \u00fcber Risiken auf. Scheuen Sie sich nicht, uns bei Fragen auch pers\u00f6nlich anzusprechen. Wir helfen Ihnen gerne.[\/et_pb_text][\/et_pb_column][\/et_pb_row][et_pb_row _builder_version=&#8220;4.24.0&#8243; _module_preset=&#8220;default&#8220; global_colors_info=&#8220;{}&#8220;][et_pb_column type=&#8220;4_4&#8243; _builder_version=&#8220;4.24.0&#8243; _module_preset=&#8220;default&#8220; global_colors_info=&#8220;{}&#8220;][et_pb_text _builder_version=&#8220;4.24.0&#8243; _module_preset=&#8220;default&#8220; text_font_size=&#8220;22px&#8220; background_color=&#8220;#f7dfa1&#8243; custom_padding=&#8220;14px|20px|14px|20px|true|true&#8220; border_radii=&#8220;on|8px|8px|8px|8px&#8220; global_colors_info=&#8220;{}&#8220;]<\/p>\n<p><a href=\"https:\/\/gutgesell-cuxhaven.de\/wps\/wp-content\/uploads\/2024\/01\/Gebrauchsanweisung-Orthesen-Rumpf.pdf\">Gebrauchsanleitung f\u00fcr Rumpforthesen (Skoliose-Korsett)<\/a><\/p>\n<p>[\/et_pb_text][et_pb_text _builder_version=&#8220;4.24.0&#8243; _module_preset=&#8220;default&#8220; text_font_size=&#8220;22px&#8220; background_color=&#8220;#f7dfa1&#8243; custom_padding=&#8220;14px|20px|14px|20px|true|true&#8220; border_radii=&#8220;on|8px|8px|8px|8px&#8220; global_colors_info=&#8220;{}&#8220;]<\/p>\n<p><a href=\"https:\/\/gutgesell-cuxhaven.de\/wps\/wp-content\/uploads\/2024\/01\/Gebrauchsanweisung-Orthesen-untere-Extremitaeten.pdf\">Gebrauchsanleitung f\u00fcr Fu\u00df-, Bein- und H\u00fcftorthesen<\/a><\/p>\n<p>[\/et_pb_text][et_pb_text _builder_version=&#8220;4.24.0&#8243; _module_preset=&#8220;default&#8220; text_font_size=&#8220;22px&#8220; background_color=&#8220;#f7dfa1&#8243; custom_padding=&#8220;14px|20px|14px|20px|true|true&#8220; hover_enabled=&#8220;0&#8243; border_radii=&#8220;on|8px|8px|8px|8px&#8220; global_colors_info=&#8220;{}&#8220; sticky_enabled=&#8220;0&#8243;]<a href=\"https:\/\/gutgesell-cuxhaven.de\/wps\/wp-content\/uploads\/2024\/02\/Gebrauchsanweisung-Einlagen.pdf\">Gebrauchsanleitung f\u00fcr Einlagen<\/a>[\/et_pb_text][et_pb_text _builder_version=&#8220;4.24.0&#8243; _module_preset=&#8220;default&#8220; text_font_size=&#8220;22px&#8220; background_color=&#8220;#f7dfa1&#8243; custom_padding=&#8220;14px|20px|14px|20px|true|true&#8220; border_radii=&#8220;on|8px|8px|8px|8px&#8220; global_colors_info=&#8220;{}&#8220;]<\/p>\n<p><a href=\"https:\/\/www.jobst.de\/fileadmin\/z-brands\/Jobst_rejuvenation\/Products\/IFU_Updated_PDF\/JBR14543.02_WEB.pdf\">Gebrauchsanleitung f\u00fcr Kompressions-Versorgungen<\/a><\/p>\n<p>[\/et_pb_text][\/et_pb_column][\/et_pb_row][et_pb_row _builder_version=&#8220;4.24.0&#8243; _module_preset=&#8220;default&#8220; custom_margin=&#8220;120px||||false|false&#8220; global_colors_info=&#8220;{}&#8220;][et_pb_column type=&#8220;4_4&#8243; _builder_version=&#8220;4.24.0&#8243; _module_preset=&#8220;default&#8220; global_colors_info=&#8220;{}&#8220;][\/et_pb_column][\/et_pb_row][\/et_pb_section]<\/p>\n","protected":false},"excerpt":{"rendered":"<p>Gebrauchsanweisungen Die Gebrauchsanweisungen geben Ihnen wichtige Hinweise zur Handhabung und Funktion Ihrer Versorgung. Zudem enthalten sie Warnungen und kl\u00e4ren \u00fcber Risiken auf. Scheuen Sie sich nicht, uns bei Fragen auch pers\u00f6nlich anzusprechen. Wir helfen Ihnen gerne.Gebrauchsanleitung f\u00fcr Rumpforthesen (Skoliose-Korsett)Gebrauchsanleitung f\u00fcr Fu\u00df-, Bein- und H\u00fcftorthesenGebrauchsanleitung f\u00fcr EinlagenGebrauchsanleitung f\u00fcr Kompressions-Versorgungen<\/p>\n","protected":false},"author":1,"featured_media":0,"parent":0,"menu_order":0,"comment_status":"closed","ping_status":"closed","template":"","meta":{"_et_pb_use_builder":"on","_et_pb_old_content":"","_et_gb_content_width":"","footnotes":""},"class_list":["post-2508","page","type-page","status-publish","hentry"],"_links":{"self":[{"href":"https:\/\/gutgesell-cuxhaven.de\/wps\/wp-json\/wp\/v2\/pages\/2508","targetHints":{"allow":["GET"]}}],"collection":[{"href":"https:\/\/gutgesell-cuxhaven.de\/wps\/wp-json\/wp\/v2\/pages"}],"about":[{"href":"https:\/\/gutgesell-cuxhaven.de\/wps\/wp-json\/wp\/v2\/types\/page"}],"author":[{"embeddable":true,"href":"https:\/\/gutgesell-cuxhaven.de\/wps\/wp-json\/wp\/v2\/users\/1"}],"replies":[{"embeddable":true,"href":"https:\/\/gutgesell-cuxhaven.de\/wps\/wp-json\/wp\/v2\/comments?post=2508"}],"version-history":[{"count":16,"href":"https:\/\/gutgesell-cuxhaven.de\/wps\/wp-json\/wp\/v2\/pages\/2508\/revisions"}],"predecessor-version":[{"id":2534,"href":"https:\/\/gutgesell-cuxhaven.de\/wps\/wp-json\/wp\/v2\/pages\/2508\/revisions\/2534"}],"wp:attachment":[{"href":"https:\/\/gutgesell-cuxhaven.de\/wps\/wp-json\/wp\/v2\/media?parent=2508"}],"curies":[{"name":"wp","href":"https:\/\/api.w.org\/{rel}","templated":true}]}}