{"id":1230,"date":"2022-04-18T11:03:42","date_gmt":"2022-04-18T09:03:42","guid":{"rendered":"https:\/\/dev-gut.bambule.de\/?page_id=1230"},"modified":"2022-10-06T11:08:54","modified_gmt":"2022-10-06T09:08:54","slug":"firmenprofil-und-geschichte","status":"publish","type":"page","link":"https:\/\/gutgesell-cuxhaven.de\/wps\/firmenprofil-und-geschichte","title":{"rendered":"Firmenprofil &#038; Firmengeschichte"},"content":{"rendered":"<p>[et_pb_section fb_built=&#8220;1&#8243; admin_label=&#8220;section&#8220; _builder_version=&#8220;4.17.4&#8243; bottom_divider_style=&#8220;wave&#8220; bottom_divider_color=&#8220;#fcbe00&#8243; bottom_divider_height=&#8220;80px&#8220; bottom_divider_flip=&#8220;horizontal&#8220; global_colors_info=&#8220;{}&#8220;][et_pb_row admin_label=&#8220;row&#8220; _builder_version=&#8220;4.17.4&#8243; background_size=&#8220;initial&#8220; background_position=&#8220;top_left&#8220; background_repeat=&#8220;repeat&#8220; custom_margin=&#8220;||||false|false&#8220; custom_padding=&#8220;50px||100px||false|false&#8220; global_colors_info=&#8220;{}&#8220;][et_pb_column type=&#8220;4_4&#8243; _builder_version=&#8220;4.16&#8243; custom_padding=&#8220;|||&#8220; global_colors_info=&#8220;{}&#8220; custom_padding__hover=&#8220;|||&#8220;][et_pb_text _builder_version=&#8220;4.17.4&#8243; _module_preset=&#8220;default&#8220; background_color=&#8220;#fcbe00&#8243; custom_margin=&#8220;||1.6em||false|false&#8220; custom_padding=&#8220;10px|||20px|false|false&#8220; border_radii=&#8220;on|6px|6px|6px|6px&#8220; global_colors_info=&#8220;{}&#8220;]<\/p>\n<h1>Firmenprofil<\/h1>\n<p>[\/et_pb_text][et_pb_text _builder_version=&#8220;4.17.4&#8243; _module_preset=&#8220;default&#8220; global_colors_info=&#8220;{}&#8220;]Im Sanit\u00e4tshaus erh\u00e4lt der Kunde vom Kompressionsstrumpf \u00fcber Bequemschuh f\u00fcr Diabetiker und Rheumatiker Bandagen, Unterarmst\u00fctzen, Handst\u00f6cke und Inkontinenzartikel.<\/p>\n<p>Ein besonderes Anliegen ist die Versorgung und Betreuung von Frauen nach einer Brustkrebserkrankung. Hierf\u00fcr halten wir eine gro\u00dfe Auswahl an BH`s und Bademoden parat.<\/p>\n<p>Auch im Bereich der Orthop\u00e4die \u2013 Technik sind intensive Schulungen der Mitarbeiter oberstes Gebot. Schon vor 40 Jahren haben wir Armamputierte mit myoelektrischen Prothesen versorgt. Eine erfolgreiche \u201eLehrlingsausbildung\u201c wird seit Jahren bei uns gro\u00dfgeschrieben. Viele der ausgebildeten Mitarbeiter haben inzwischen die Meisterpr\u00fcfung abgelegt. Heute ist unsere Firma 20 Mann stark. Diplomierte Orthop\u00e4dietechnikermeister, Maik Scholz, Ralph Schnoor suchen bei uns t\u00e4glich nach L\u00f6sungen von Problemen der ihnen anvertrauten Patienten.<\/p>\n<p>Firma Gutgesell z\u00e4hlt zu den ersten Firmen in Deutschland, die Siliconhaftschaftprothesen f\u00fcr Unterschenkelamputierte herstellt. F\u00fcr Oberschenkelamputierte kamen Kniegelenke mit hydraulischer Steuerung zum Einsatz. Heute ist die Firma f\u00fcr die Prothesenfertigung der modernsten Technologie, z.B. dem computergesteuerten \u201eC-Leg\u201c zertifiziert. Schr\u00e4gen und Stufen werden beim Amputierten nicht mehr zum Problem und die Schrittgeschwindigkeit wird vom mitdenkenden Kniegelenk reguliert.<\/p>\n<p>Seit 1976 besteht eine enge Zusammenarbeit mit dem Norddeutschen Skoliosezentrum im Seehospital Sahlenburg. Unter dem damaligen Chefarzt Dr. Peter Edelmann wurde mit dem Orthop\u00e4dietechnikmeister Peter Gutgesell das Cuxhaven-Korsett entwickelt. Junge Patienten aus ganz Deutschland und dem Ausland werden in der Klinik damit behandelt. Auch heute unter Dr. Broscheit wird die Behandlung fortgef\u00fchrt.<\/p>\n<p>Mit der Anfertigung von Einlagen, Bandagen und Schienen f\u00fcr Fu\u00df, Knie, H\u00fcfte, Hand, Ellenbogen und Schulter, Rumpf und Hals versuchen wir den Menschen Hilfe und Erleichterung im t\u00e4glichen Leben zu verschaffen. Die Reha \u2013 Abteilung  liefert vielseitige Hilfen vom Rollstuhl bis hin zum Bad \u2013 und Treppenliftern sowie vielen Alltagshilfen f\u00fcr die Pflege zu Hause.[\/et_pb_text][et_pb_text _builder_version=&#8220;4.18.0&#8243; _module_preset=&#8220;default&#8220; hover_enabled=&#8220;0&#8243; global_colors_info=&#8220;{}&#8220; sticky_enabled=&#8220;0&#8243;]<\/p>\n<h2>Firmengeschichte<\/h2>\n<table class=\"table table-hover\" width=\"1003\">\n<tbody>\n<tr>\n<td valign=\"top\">1946<\/td>\n<td>In einer Baracke auf dem Gel\u00e4nde des Stadtkrankenhauses<br \/>begann 1946 die Geschichte der Firma Gutgesell.<br \/>Arno Gutgesell war es, der damals die Filiale des Hamburger Unternehmens \u201eSchaarschmidt &amp;<br \/>Bock\u201c leitete.<br \/>Die vielen Kriegsverletzten des 2. Weltkrieges, die als Arm \u2013 oder Beinamputierte Prothesen<br \/>ben\u00f6tigten, um in das Berufsleben eingegliedert zu werden, veranlasste die Firma Schaarschmidt<br \/>&amp; Bock in Cuxhaven eine Filiale zu er\u00f6ffnen. Arno Gutgesell \u00fcbernahm die Leitung von der<br \/>ersten Stunde an.<\/td>\n<\/tr>\n<tr>\n<td valign=\"top\">1950<\/td>\n<td>Umzug der Firma in die Osterreihe (heute<br \/>S\u00fcdersteinstra\u00dfe).<\/td>\n<\/tr>\n<tr>\n<td valign=\"top\">1954<\/td>\n<td>Die Filiale in Otterndorf wurde er\u00f6ffnet. Arno Gutgesell<br \/>wurde Teilhaber und das Unternehmen wurde in Bock &amp; Gutgesell umbenannt.<\/td>\n<\/tr>\n<tr>\n<td valign=\"top\">1959<\/td>\n<td>Die neuen R\u00e4ume in der<br \/>Neustra\u00dfe wurden bezogen. Arno Gutgesell wurde bald alleiniger Inhaber.<\/td>\n<\/tr>\n<tr>\n<td valign=\"top\">1972<\/td>\n<td>Sohn Peter Gutgesell steigt nach Jahren der Ausbildung in Hamburg,<br \/>Hannover, Duderstadt, Frankfurt, St. Gallen und Lugano als junger Meister in die Firma ein.<\/td>\n<\/tr>\n<tr>\n<td valign=\"top\">1976<\/td>\n<td>Die Firma er\u00f6ffnet ihren Neubau in der Segelckestra\u00dfe<br \/>42. Seitdem nennt sich unsere Firma nur noch Gutgesell. Eine neue Abteilung f\u00fcr Mieder \u2013<br \/>W\u00e4sche \u2013 Bademoden wurde der Werkstatt f\u00fcr Orthop\u00e4die\u2013Technik<br \/>sowie dem Sanit\u00e4tshaus angegliedert.<\/td>\n<\/tr>\n<tr>\n<td valign=\"top\">1977<\/td>\n<td>Einf\u00fchrung von myoelektrische Armprothesen.<br \/>Entwicklung mit der Nordheim-Stiftung Sahlenburg, unter der Leitung Dr. P. Edelmann, des<br \/>Cuxhaven-Korsettes.<\/td>\n<\/tr>\n<tr>\n<td valign=\"top\">1990<\/td>\n<td>Einf\u00fchrung, als eine der ersten Anbieter in Deutschland,<br \/>von ma\u00dfgefertigten Silikonlinern in eigener Herstellung.<\/td>\n<\/tr>\n<tr>\n<td valign=\"top\">2000<\/td>\n<td>Umwandlung der Gesellschaftsform in die \u201eGutgesell<br \/>GmbH\u201c, mit Heidrun und Peter Gutgesell als Gesch\u00e4ftsf\u00fchrer.<\/td>\n<\/tr>\n<tr>\n<td valign=\"top\">2001<\/td>\n<td>Der diplomierte Orthop\u00e4dietechnik-Meister Maik Scholz<br \/>wird gesch\u00e4ftsf\u00fchrender Gesellschafter.<\/td>\n<\/tr>\n<tr>\n<td valign=\"top\">2005<\/td>\n<td>Heidrun Gutgesell scheidet als Gesch\u00e4ftsf\u00fchrerin aus.<\/td>\n<\/tr>\n<tr>\n<td valign=\"top\">2006<\/td>\n<td>Website wird online gestellt und das Unternehmen wird nach<br \/>ISO 9001\/2000 DIN 13485 zertifiziert<\/td>\n<\/tr>\n<tr>\n<td valign=\"top\">2007<\/td>\n<td>Das Unternehmen wird an Maik Scholz und Ralph Schnoor \u00fcbergeben und Peter Gutgesell scheidet aus. MBT Schuh wird in das Sortiment aufgenommen.<\/td>\n<\/tr>\n<tr>\n<td valign=\"top\">2008<\/td>\n<td>Umfirmierung von \u201eMieder \u2013 W\u00e4sche \u2013 Bademoden\u201c in \u201eHautnah\u201c<\/td>\n<\/tr>\n<tr>\n<td valign=\"top\">2016<\/td>\n<td>Einf\u00fchrung elektronischer Fu\u00dfdruckmessung von medilogic mit Wlan Sohlen eingef\u00fchrt f\u00fcr Messungen im Innenschuh z.B. bei diabetischer Fu\u00dfbettung<\/td>\n<\/tr>\n<tr>\n<td valign=\"top\">2016<\/td>\n<td>3D K\u00f6rper-Scanner f\u00fcr Orthetik in Betrieb genommen<\/td>\n<\/tr>\n<tr>\n<td valign=\"top\">2018<\/td>\n<td>Relaunch der Internetseite auf Responsive Design<\/td>\n<\/tr>\n<tr>\n<td valign=\"top\">2018<\/td>\n<td>PROS. A: Assembly Laser gesteuertes Aufbausystem f\u00fcr Prothetik eingef\u00fchrt<\/td>\n<\/tr>\n<tr>\n<td valign=\"top\">2018<\/td>\n<td>3D L.A.S.A.R. Posture Prothesen und Orthesenaufbausystem eingef\u00fchrt zur K\u00f6rperschwerpunktmessung<\/td>\n<\/tr>\n<tr>\n<td valign=\"top\">2020<\/td>\n<td>Umbau und 3D-Bein-Scanner Lexpert im Venenkompetenzzentrum Cuxhaven in Betrieb genommen<\/td>\n<\/tr>\n<tr>\n<td valign=\"top\">2020<\/td>\n<td>Umbau des W\u00e4scheladen in ein gro\u00dfes freundliches Sanit\u00e4tshaus mit Konzentration auf das Kerngesch\u00e4ft<\/td>\n<\/tr>\n<tr>\n<td valign=\"top\">2021<\/td>\n<td>Umbau und 3D Bein- Scanner Lexpert im Venenkompetenzzentrum in Otterndorf n Betrieb genommen<\/td>\n<\/tr>\n<tr>\n<td valign=\"top\">2022<\/td>\n<td>Neue Homepage<\/td>\n<\/tr>\n<\/tbody>\n<\/table>\n<p>[\/et_pb_text][\/et_pb_column][\/et_pb_row][\/et_pb_section]<\/p>\n","protected":false},"excerpt":{"rendered":"<p>FirmenprofilIm Sanit\u00e4tshaus erh\u00e4lt der Kunde vom Kompressionsstrumpf \u00fcber Bequemschuh f\u00fcr Diabetiker und Rheumatiker Bandagen, Unterarmst\u00fctzen, Handst\u00f6cke und Inkontinenzartikel. Ein besonderes Anliegen ist die Versorgung und Betreuung von Frauen nach einer Brustkrebserkrankung. Hierf\u00fcr halten wir eine gro\u00dfe Auswahl an BH`s und Bademoden parat. Auch im Bereich der Orthop\u00e4die \u2013 Technik sind intensive Schulungen der Mitarbeiter oberstes [&hellip;]<\/p>\n","protected":false},"author":1,"featured_media":0,"parent":0,"menu_order":0,"comment_status":"closed","ping_status":"closed","template":"","meta":{"_et_pb_use_builder":"on","_et_pb_old_content":"","_et_gb_content_width":"","footnotes":""},"class_list":["post-1230","page","type-page","status-publish","hentry"],"_links":{"self":[{"href":"https:\/\/gutgesell-cuxhaven.de\/wps\/wp-json\/wp\/v2\/pages\/1230","targetHints":{"allow":["GET"]}}],"collection":[{"href":"https:\/\/gutgesell-cuxhaven.de\/wps\/wp-json\/wp\/v2\/pages"}],"about":[{"href":"https:\/\/gutgesell-cuxhaven.de\/wps\/wp-json\/wp\/v2\/types\/page"}],"author":[{"embeddable":true,"href":"https:\/\/gutgesell-cuxhaven.de\/wps\/wp-json\/wp\/v2\/users\/1"}],"replies":[{"embeddable":true,"href":"https:\/\/gutgesell-cuxhaven.de\/wps\/wp-json\/wp\/v2\/comments?post=1230"}],"version-history":[{"count":5,"href":"https:\/\/gutgesell-cuxhaven.de\/wps\/wp-json\/wp\/v2\/pages\/1230\/revisions"}],"predecessor-version":[{"id":2321,"href":"https:\/\/gutgesell-cuxhaven.de\/wps\/wp-json\/wp\/v2\/pages\/1230\/revisions\/2321"}],"wp:attachment":[{"href":"https:\/\/gutgesell-cuxhaven.de\/wps\/wp-json\/wp\/v2\/media?parent=1230"}],"curies":[{"name":"wp","href":"https:\/\/api.w.org\/{rel}","templated":true}]}}