{"id":1207,"date":"2022-04-18T10:58:41","date_gmt":"2022-04-18T08:58:41","guid":{"rendered":"https:\/\/dev-gut.bambule.de\/?page_id=1207"},"modified":"2023-10-16T10:41:56","modified_gmt":"2023-10-16T08:41:56","slug":"wohnberatung","status":"publish","type":"page","link":"https:\/\/gutgesell-cuxhaven.de\/wps\/reha-technik\/wohnberatung","title":{"rendered":"Wohnberatung"},"content":{"rendered":"<p>[et_pb_section fb_built=&#8220;1&#8243; admin_label=&#8220;section&#8220; _builder_version=&#8220;4.17.4&#8243; bottom_divider_style=&#8220;wave&#8220; bottom_divider_color=&#8220;#fcbe00&#8243; bottom_divider_height=&#8220;80px&#8220; bottom_divider_flip=&#8220;horizontal&#8220; global_colors_info=&#8220;{}&#8220;][et_pb_row admin_label=&#8220;row&#8220; _builder_version=&#8220;4.17.4&#8243; background_size=&#8220;initial&#8220; background_position=&#8220;top_left&#8220; background_repeat=&#8220;repeat&#8220; custom_margin=&#8220;||||false|false&#8220; custom_padding=&#8220;50px||||false|false&#8220; global_colors_info=&#8220;{}&#8220;][et_pb_column type=&#8220;4_4&#8243; _builder_version=&#8220;4.16&#8243; custom_padding=&#8220;|||&#8220; global_colors_info=&#8220;{}&#8220; custom_padding__hover=&#8220;|||&#8220;][et_pb_text _builder_version=&#8220;4.17.4&#8243; _module_preset=&#8220;default&#8220; background_color=&#8220;#fcbe00&#8243; custom_margin=&#8220;||1.6em||false|false&#8220; custom_padding=&#8220;10px|||20px|false|false&#8220; border_radii=&#8220;on|6px|6px|6px|6px&#8220; global_colors_info=&#8220;{}&#8220;]<\/p>\n<h1>Wohnumfeldberatung<\/h1>\n<p>[\/et_pb_text][et_pb_text _builder_version=&#8220;4.22.2&#8243; _module_preset=&#8220;default&#8220; global_colors_info=&#8220;{}&#8220;]Sicherheit &amp; Selbstst\u00e4ndigkeit im Alter<\/p>\n<p>Die meisten Menschen haben den Wunsch, m\u00f6glichst lange in den eigenen vier W\u00e4nden zu wohnen.<\/p>\n<p>Das \u00c4lterwerden bringt aber einige Herausforderungen mit sich, die ein eigenst\u00e4ndiges Leben Zuhause verhindern: K\u00f6rperliche Einschr\u00e4nkungen, Sturzgefahr im Bad, Hindernisse in den Wohnr\u00e4umen oder die Finanzierung von altersgerechten Umbauma\u00dfnahmen.<\/p>\n<p>Wir unterst\u00fctzen Sie, damit Ihr Traum in Erf\u00fcllung geht! Unsere speziell ausgebildeten Wohnberater besprechen mit Ihnen Ihre individuelle Situation, Ihre Ziele und welche M\u00f6glichkeiten es gibt, Ihre W\u00fcnsche zu erf\u00fcllen. Pers\u00f6nlich und kompetent. Unverbindlich und kostenlos.<\/p>\n<p><strong>Telefonische Beratung<\/strong><\/p>\n<p>Vereinbaren Sie ein unverbindliches Telefonat mit unseren Experten und besprechen Sie Ihre Situation: 04721 34045 <\/p>\n<p><strong>Vor-Ort-Beratung<\/strong><\/p>\n<p>Bei Bedarf kommen unsere Experten bei Ihnen zuhause vorbei. Sie zeigen Ihnen Verbesserungsm\u00f6glichkeiten.<\/p>\n<p><strong>F\u00f6rderm\u00f6glichkeiten<\/strong><\/p>\n<p>Besprechen Sie mit unseren Experten staatliche F\u00f6rderm\u00f6glichkeiten zur Verbesserung ihres Wohnumfelds.[\/et_pb_text][et_pb_text _builder_version=&#8220;4.22.2&#8243; _module_preset=&#8220;default&#8220; text_font_size=&#8220;1.2em&#8220; background_color=&#8220;#fcbe00&#8243; text_orientation=&#8220;center&#8220; custom_padding=&#8220;1em|1em|1em|1em|true|true&#8220; border_radii=&#8220;on|6px|6px|6px|6px&#8220; global_colors_info=&#8220;{}&#8220;]<\/p>\n<p>M\u00f6chten Sie einen Termin mit uns machen?<br \/>Rufen Sie uns doch einfach: <strong>(04721) 3 40 45<\/strong><\/p>\n<p><a href=\"\/kontakt\">Oder schicken Sie uns eine Nachricht<\/a><\/p>\n<p>[\/et_pb_text][\/et_pb_column][\/et_pb_row][et_pb_row column_structure=&#8220;1_3,1_3,1_3&#8243; _builder_version=&#8220;4.17.4&#8243; _module_preset=&#8220;default&#8220; global_colors_info=&#8220;{}&#8220;][et_pb_column type=&#8220;1_3&#8243; _builder_version=&#8220;4.17.4&#8243; _module_preset=&#8220;default&#8220; global_colors_info=&#8220;{}&#8220;][et_pb_image src=&#8220;https:\/\/gutgesell-cuxhaven.de\/wps\/wp-content\/uploads\/2022\/06\/treppenlift-wohnumfeldberatung.jpg&#8220; alt=&#8220;Treppenlift f\u00fcr mehr Selbstst\u00e4ndigkeit zu Hause&#8220; title_text=&#8220;Treppenlift &#8220; show_in_lightbox=&#8220;on&#8220; _builder_version=&#8220;4.17.4&#8243; _module_preset=&#8220;default&#8220; global_colors_info=&#8220;{}&#8220;][\/et_pb_image][\/et_pb_column][et_pb_column type=&#8220;1_3&#8243; _builder_version=&#8220;4.17.4&#8243; _module_preset=&#8220;default&#8220; global_colors_info=&#8220;{}&#8220;][et_pb_image src=&#8220;https:\/\/gutgesell-cuxhaven.de\/wps\/wp-content\/uploads\/2022\/06\/topro_olympos_m_off-road_wheels.jpg&#8220; alt=&#8220;Rollator Topro Olympos&#8220; title_text=&#8220;Rollator Topro Olympos leihen&#8220; show_in_lightbox=&#8220;on&#8220; _builder_version=&#8220;4.17.4&#8243; _module_preset=&#8220;default&#8220; global_colors_info=&#8220;{}&#8220;][\/et_pb_image][\/et_pb_column][et_pb_column type=&#8220;1_3&#8243; _builder_version=&#8220;4.17.4&#8243; _module_preset=&#8220;default&#8220; global_colors_info=&#8220;{}&#8220;][et_pb_image src=&#8220;https:\/\/gutgesell-cuxhaven.de\/wps\/wp-content\/uploads\/2022\/06\/SALJOL_Page_Innenraur-Rollator.jpg&#8220; alt=&#8220;SALJOL Page: Innenraum-Rollator&#8220; title_text=&#8220;SALJOL Page: Innenraum-Rollator&#8220; show_in_lightbox=&#8220;on&#8220; _builder_version=&#8220;4.17.4&#8243; _module_preset=&#8220;default&#8220; global_colors_info=&#8220;{}&#8220;][\/et_pb_image][\/et_pb_column][\/et_pb_row][et_pb_row _builder_version=&#8220;4.17.4&#8243; _module_preset=&#8220;default&#8220; custom_padding=&#8220;||100px||false|false&#8220; global_colors_info=&#8220;{}&#8220;][et_pb_column type=&#8220;4_4&#8243; _builder_version=&#8220;4.17.4&#8243; _module_preset=&#8220;default&#8220; global_colors_info=&#8220;{}&#8220;][et_pb_text _builder_version=&#8220;4.17.4&#8243; _module_preset=&#8220;default&#8220; global_colors_info=&#8220;{}&#8220;]<\/p>\n<h2>Ihre Wohnberatung<\/h2>\n<p>Bleiben Sie sicher &amp; selbstst\u00e4ndig zuhause<\/p>\n<p>Wenn Sie auch m\u00f6glichst lange Zuhause wohnen bleiben m\u00f6chten, dann ist unsere unabh\u00e4ngige Wohnberatung wie f\u00fcr Sie gemacht.<\/p>\n<p>F\u00fcr uns ist eine kompetente und pers\u00f6nliche Wohnberatung \u00fcberaus wichtig. Deswegen haben wir uns der Initiative \u201eWieder-ich-sein: Sicherheit und Selbstst\u00e4ndigkeit im Alltag\u201c angeschlossen.<\/p>\n<p>Durch dieses Expertennetzwerk k\u00f6nnen wir Ihnen die modernsten Methoden und die aktuellsten Informationen rund um altersgerechtes Wohnen und passenden staatlichen F\u00f6rderm\u00f6glichkeiten liefern.<\/p>\n<p>Unsere Mitarbeiter haben die Qualifikation zum Wohnberater erfolgreich abgeschlossen.<\/p>\n<p>Sie nehmen sich Zeit, um telefonisch oder bei Ihnen Zuhause Ihre Situation kennenzulernen und Ihnen passende L\u00f6sungsm\u00f6glichkeiten vorzustellen (wir empfehlen Ihnen einen Vor-Ort-Termin, damit sich unser Experte ein genaues Bild von Ihrer Wohnung machen kann).<\/p>\n<p>Die L\u00f6sungen k\u00f6nnen sofort umsetzbare Tipps sein oder der Einsatz praktischer Hilfsmittel wie Badewannenlifter, Haltegriffe oder Rampen.<\/p>\n<p>Unsere Wohnberater informieren Sie aber auch \u00fcber staatliche F\u00f6rderm\u00f6glichkeiten. Die KFW-Bank und die Pflegekasse beispielsweise unterst\u00fctzen altersgerechte Umbauma\u00dfnahmen mit bis zu 6.250 \u20ac.<\/p>\n<p>Hilfreiche Informationen f\u00fcr ein sicheres und selbstst\u00e4ndiges Leben im Alltag erhalten Sie hier: <a href=\"https:\/\/wieder-ich-sein.com\/\">Altersgerechte Wohnberatung.<\/a><\/p>\n<p>Melden Sie sich bei uns! Wir freuen uns, wenn wir Sie bei Ihrem Wunsch f\u00fcr ein langes Leben in den eigenen vier W\u00e4nden unterst\u00fctzen k\u00f6nnen.[\/et_pb_text][\/et_pb_column][\/et_pb_row][\/et_pb_section]<\/p>\n","protected":false},"excerpt":{"rendered":"<p>WohnumfeldberatungSicherheit &amp; Selbstst\u00e4ndigkeit im Alter Die meisten Menschen haben den Wunsch, m\u00f6glichst lange in den eigenen vier W\u00e4nden zu wohnen. Das \u00c4lterwerden bringt aber einige Herausforderungen mit sich, die ein eigenst\u00e4ndiges Leben Zuhause verhindern: K\u00f6rperliche Einschr\u00e4nkungen, Sturzgefahr im Bad, Hindernisse in den Wohnr\u00e4umen oder die Finanzierung von altersgerechten Umbauma\u00dfnahmen. Wir unterst\u00fctzen Sie, damit Ihr Traum [&hellip;]<\/p>\n","protected":false},"author":1,"featured_media":0,"parent":1195,"menu_order":0,"comment_status":"closed","ping_status":"closed","template":"","meta":{"_et_pb_use_builder":"on","_et_pb_old_content":"","_et_gb_content_width":"","footnotes":""},"class_list":["post-1207","page","type-page","status-publish","hentry"],"_links":{"self":[{"href":"https:\/\/gutgesell-cuxhaven.de\/wps\/wp-json\/wp\/v2\/pages\/1207","targetHints":{"allow":["GET"]}}],"collection":[{"href":"https:\/\/gutgesell-cuxhaven.de\/wps\/wp-json\/wp\/v2\/pages"}],"about":[{"href":"https:\/\/gutgesell-cuxhaven.de\/wps\/wp-json\/wp\/v2\/types\/page"}],"author":[{"embeddable":true,"href":"https:\/\/gutgesell-cuxhaven.de\/wps\/wp-json\/wp\/v2\/users\/1"}],"replies":[{"embeddable":true,"href":"https:\/\/gutgesell-cuxhaven.de\/wps\/wp-json\/wp\/v2\/comments?post=1207"}],"version-history":[{"count":9,"href":"https:\/\/gutgesell-cuxhaven.de\/wps\/wp-json\/wp\/v2\/pages\/1207\/revisions"}],"predecessor-version":[{"id":2487,"href":"https:\/\/gutgesell-cuxhaven.de\/wps\/wp-json\/wp\/v2\/pages\/1207\/revisions\/2487"}],"up":[{"embeddable":true,"href":"https:\/\/gutgesell-cuxhaven.de\/wps\/wp-json\/wp\/v2\/pages\/1195"}],"wp:attachment":[{"href":"https:\/\/gutgesell-cuxhaven.de\/wps\/wp-json\/wp\/v2\/media?parent=1207"}],"curies":[{"name":"wp","href":"https:\/\/api.w.org\/{rel}","templated":true}]}}