{"id":1201,"date":"2022-04-18T10:57:37","date_gmt":"2022-04-18T08:57:37","guid":{"rendered":"https:\/\/dev-gut.bambule.de\/?page_id=1201"},"modified":"2022-09-29T09:29:18","modified_gmt":"2022-09-29T07:29:18","slug":"treppenlifte","status":"publish","type":"page","link":"https:\/\/gutgesell-cuxhaven.de\/wps\/reha-technik\/treppenlifte","title":{"rendered":"Treppenlifte"},"content":{"rendered":"<p>[et_pb_section fb_built=&#8220;1&#8243; fullwidth=&#8220;on&#8220; _builder_version=&#8220;4.17.1&#8243; _module_preset=&#8220;default&#8220; background_enable_image=&#8220;off&#8220; height=&#8220;70%&#8220; top_divider_style=&#8220;wave&#8220; top_divider_color=&#8220;#FFFFFF&#8220; top_divider_height=&#8220;60px&#8220; bottom_divider_style=&#8220;wave&#8220; bottom_divider_color=&#8220;#FFFFFF&#8220; bottom_divider_height=&#8220;50px&#8220; global_colors_info=&#8220;{}&#8220;][et_pb_fullwidth_header header_fullscreen=&#8220;on&#8220; header_scroll_down=&#8220;on&#8220; scroll_down_icon_color=&#8220;#FFFFFF&#8220; _builder_version=&#8220;4.17.4&#8243; _module_preset=&#8220;default&#8220; background_image=&#8220;https:\/\/gutgesell-cuxhaven.de\/wps\/wp-content\/uploads\/2022\/06\/treppenlift-von-acorn_cuxhaven.jpg&#8220; global_colors_info=&#8220;{}&#8220;][\/et_pb_fullwidth_header][\/et_pb_section][et_pb_section fb_built=&#8220;1&#8243; admin_label=&#8220;section&#8220; _builder_version=&#8220;4.17.4&#8243; bottom_divider_style=&#8220;wave&#8220; bottom_divider_color=&#8220;#fcbe00&#8243; bottom_divider_height=&#8220;80px&#8220; bottom_divider_flip=&#8220;horizontal&#8220; global_colors_info=&#8220;{}&#8220;][et_pb_row admin_label=&#8220;row&#8220; _builder_version=&#8220;4.17.4&#8243; background_size=&#8220;initial&#8220; background_position=&#8220;top_left&#8220; background_repeat=&#8220;repeat&#8220; custom_margin=&#8220;||||false|false&#8220; custom_padding=&#8220;20px||20px||false|false&#8220; global_colors_info=&#8220;{}&#8220;][et_pb_column type=&#8220;4_4&#8243; _builder_version=&#8220;4.16&#8243; custom_padding=&#8220;|||&#8220; global_colors_info=&#8220;{}&#8220; custom_padding__hover=&#8220;|||&#8220;][et_pb_text _builder_version=&#8220;4.17.4&#8243; _module_preset=&#8220;default&#8220; background_color=&#8220;#fcbe00&#8243; custom_margin=&#8220;||||false|false&#8220; custom_padding=&#8220;10px|||20px|false|false&#8220; border_radii=&#8220;on|6px|6px|6px|6px&#8220; global_colors_info=&#8220;{}&#8220;]<\/p>\n<h1>Treppenlifte von Acorn<\/h1>\n<p>[\/et_pb_text][\/et_pb_column][\/et_pb_row][et_pb_row column_structure=&#8220;1_2,1_2&#8243; _builder_version=&#8220;4.17.4&#8243; _module_preset=&#8220;default&#8220; global_colors_info=&#8220;{}&#8220;][et_pb_column type=&#8220;1_2&#8243; _builder_version=&#8220;4.17.4&#8243; _module_preset=&#8220;default&#8220; global_colors_info=&#8220;{}&#8220;][et_pb_text _builder_version=&#8220;4.17.4&#8243; _module_preset=&#8220;default&#8220; global_colors_info=&#8220;{}&#8220;]Wenn die Treppe zum un\u00fcberwindbaren Hindernis wird, kann Ihnen ein Treppenlift helfen: Er bringt sie bequem von einer Etage in eine andere und sichert so Ihre Unabh\u00e4ngigkeit und Mobilit\u00e4t in Ihrem eigenen Zuhause.<\/p>\n<p>Dabei l\u00e4sst sich der Treppenlift an die baulichen Gegebenheiten anpassen und kann nicht nur im Haus, sondern auch im Au\u00dfenbereich montiert werden. So bleiben auch ein Garten oder die Haust\u00fcr bequem erreichbar.<\/p>\n<h2>Treppenlift passgenau f\u00fcr Sie<\/h2>\n<p>Ein Treppenlift von Acorn kann unabh\u00e4ngig von der Art der Treppe schnell und unkompliziert bei Ihnen installiert werden. Dabei wird er auf Ihre pers\u00f6nlichen Bed\u00fcrfnisse zugeschnitten. Durch das einzigartige Schienen-Modul-System sind keine strukturellen \u00c4nderungen in Ihrem Wohnbereich notwendig.<br \/>\nDank eines Treppenliftes bewahren Sie sich ein St\u00fcck Selbstbestimmtheit und \u00fcberwinden Stockwerke sicher und m\u00fchelos.<\/p>\n<h2>Lebensqualit\u00e4t erhalten<\/h2>\n<p>Der Treppenlift erleichtert oder erm\u00f6glicht gar die Pflege im vertrauten Wohnumfeld und tr\u00e4gt dadurch wesentlich zu einer besseren Lebensqualit\u00e4t bei. Solche Wohnraumanpassungen k\u00f6nnen gegebenenfalls von der Pflegeversicherung bezuschusst werden, wenn ein Pflegegrad vorliegt und die Ma\u00dfnahme notwendig und sinnvoll ist.<\/p>\n<p>Lassen Sie sich unverbindlich von unserem Fachpersonal beraten. Wir erkl\u00e4ren Ihnen gerne und unverbindlich die Vorz\u00fcge eines Treppenliftes von Acorn.[\/et_pb_text][\/et_pb_column][et_pb_column type=&#8220;1_2&#8243; _builder_version=&#8220;4.17.4&#8243; _module_preset=&#8220;default&#8220; global_colors_info=&#8220;{}&#8220;][et_pb_image src=&#8220;https:\/\/gutgesell-cuxhaven.de\/wps\/wp-content\/uploads\/2019\/11\/treppenlift-kurve_acorn.jpg&#8220; alt=&#8220;Treppenlift von Acorn&#8220; title_text=&#8220;Treppenlift von Acorn&#8220; show_in_lightbox=&#8220;on&#8220; _builder_version=&#8220;4.18.0&#8243; _module_preset=&#8220;default&#8220; global_colors_info=&#8220;{}&#8220;][\/et_pb_image][\/et_pb_column][\/et_pb_row][et_pb_row _builder_version=&#8220;4.18.0&#8243; _module_preset=&#8220;default&#8220; global_colors_info=&#8220;{}&#8220;][et_pb_column type=&#8220;4_4&#8243; _builder_version=&#8220;4.18.0&#8243; _module_preset=&#8220;default&#8220; global_colors_info=&#8220;{}&#8220;][et_pb_text _builder_version=&#8220;4.18.0&#8243; _module_preset=&#8220;default&#8220; background_color=&#8220;#fcbe00&#8243; custom_margin=&#8220;||||false|false&#8220; custom_padding=&#8220;10px|||20px|false|false&#8220; border_radii=&#8220;on|6px|6px|6px|6px&#8220; global_colors_info=&#8220;{}&#8220;]<\/p>\n<h1>Treppenlifte von Lifta<\/h1>\n<p>[\/et_pb_text][\/et_pb_column][\/et_pb_row][et_pb_row column_structure=&#8220;2_5,3_5&#8243; _builder_version=&#8220;4.18.0&#8243; _module_preset=&#8220;default&#8220; global_colors_info=&#8220;{}&#8220;][et_pb_column type=&#8220;2_5&#8243; _builder_version=&#8220;4.18.0&#8243; _module_preset=&#8220;default&#8220; global_colors_info=&#8220;{}&#8220;][et_pb_image src=&#8220;https:\/\/gutgesell-cuxhaven.de\/wps\/wp-content\/uploads\/2022\/09\/klassik-treppenlift_lifta.jpg&#8220; alt=&#8220;Klassik-Treppenlift von Lifta&#8220; title_text=&#8220;Klassik-Treppenlift von Lifta&#8220; show_in_lightbox=&#8220;on&#8220; admin_label=&#8220;Bild&#8220; _builder_version=&#8220;4.18.0&#8243; _module_preset=&#8220;default&#8220; global_colors_info=&#8220;{}&#8220;][\/et_pb_image][\/et_pb_column][et_pb_column type=&#8220;3_5&#8243; _builder_version=&#8220;4.18.0&#8243; _module_preset=&#8220;default&#8220; global_colors_info=&#8220;{}&#8220;][et_pb_text _builder_version=&#8220;4.18.0&#8243; _module_preset=&#8220;default&#8220; global_colors_info=&#8220;{}&#8220;]Treppenlifte von Lifta sind in vielen Haushalten zuverl\u00e4ssig im Einsatz. Mithilfe eines Treppenlifts sind alle Etagen jederzeit problemlos erreichbar. Aufwendige Umbauten oder gar ein Auszug aus dem eigenen Heim sind damit nicht notwendig. Steile Wendeltreppen, kurvige oder gerade Treppen, im Innen- oder Au\u00dfenbereich \u2013 Lifta Treppenlifte sind Allesk\u00f6nner und f\u00fcgen sich harmonisch in Ihre R\u00e4umlichkeiten ein. Ein ma\u00dfangefertigtes Schienensystem erm\u00f6glicht die Lift-Installation in nahezu jedem Treppenhaus.[\/et_pb_text][\/et_pb_column][\/et_pb_row][et_pb_row column_structure=&#8220;2_5,3_5&#8243; _builder_version=&#8220;4.18.0&#8243; _module_preset=&#8220;default&#8220; global_colors_info=&#8220;{}&#8220;][et_pb_column type=&#8220;2_5&#8243; _builder_version=&#8220;4.18.0&#8243; _module_preset=&#8220;default&#8220; global_colors_info=&#8220;{}&#8220;][et_pb_text _builder_version=&#8220;4.18.0&#8243; _module_preset=&#8220;default&#8220; hover_enabled=&#8220;0&#8243; global_colors_info=&#8220;{}&#8220; sticky_enabled=&#8220;0&#8243;]<\/p>\n<h2>Sicherheit eingebaut<\/h2>\n<p>Lifta Treppenlifte sind mit modernen Funktionen ausgestattet, die daf\u00fcr sorgen, dass Sie Ihren Lift jederzeit bedenkenlos bedienen k\u00f6nnen. So gibt es bei unseren Treppenlift-Modellen unter anderem eine intelligente Hinderniserkennung, ein Sicherheitsgurt und im Falle des Lifta Avantgarde sogar einen einzigartigen Gewichtssensor, der versehentliches Losfahren verhindert. Durch den drehbaren Sitz steigen Sie komfortabel und sicher ein. Mehr Informationen zu den Sicherheitsfunktionen unserer Sitzlifte finden Sie auf der Seite zum jeweiligen Treppenlift-Modell.[\/et_pb_text][\/et_pb_column][et_pb_column type=&#8220;3_5&#8243; _builder_version=&#8220;4.18.0&#8243; _module_preset=&#8220;default&#8220; global_colors_info=&#8220;{}&#8220;][et_pb_image src=&#8220;https:\/\/gutgesell-cuxhaven.de\/wps\/wp-content\/uploads\/2022\/09\/esprit-lifta-treppenlift.jpg&#8220; alt=&#8220;Esprit von Lifta&#8220; title_text=&#8220;Esprit von Lifta&#8220; show_in_lightbox=&#8220;on&#8220; _builder_version=&#8220;4.18.0&#8243; _module_preset=&#8220;default&#8220; global_colors_info=&#8220;{}&#8220;][\/et_pb_image][\/et_pb_column][\/et_pb_row][et_pb_row _builder_version=&#8220;4.17.4&#8243; _module_preset=&#8220;default&#8220; custom_padding=&#8220;||100px||false|false&#8220; global_colors_info=&#8220;{}&#8220;][et_pb_column type=&#8220;4_4&#8243; _builder_version=&#8220;4.17.4&#8243; _module_preset=&#8220;default&#8220; global_colors_info=&#8220;{}&#8220;][\/et_pb_column][\/et_pb_row][\/et_pb_section]<\/p>\n","protected":false},"excerpt":{"rendered":"<p>Treppenlifte von AcornWenn die Treppe zum un\u00fcberwindbaren Hindernis wird, kann Ihnen ein Treppenlift helfen: Er bringt sie bequem von einer Etage in eine andere und sichert so Ihre Unabh\u00e4ngigkeit und Mobilit\u00e4t in Ihrem eigenen Zuhause. Dabei l\u00e4sst sich der Treppenlift an die baulichen Gegebenheiten anpassen und kann nicht nur im Haus, sondern auch im Au\u00dfenbereich [&hellip;]<\/p>\n","protected":false},"author":1,"featured_media":0,"parent":1195,"menu_order":0,"comment_status":"closed","ping_status":"closed","template":"","meta":{"_et_pb_use_builder":"on","_et_pb_old_content":"","_et_gb_content_width":"","footnotes":""},"class_list":["post-1201","page","type-page","status-publish","hentry"],"_links":{"self":[{"href":"https:\/\/gutgesell-cuxhaven.de\/wps\/wp-json\/wp\/v2\/pages\/1201","targetHints":{"allow":["GET"]}}],"collection":[{"href":"https:\/\/gutgesell-cuxhaven.de\/wps\/wp-json\/wp\/v2\/pages"}],"about":[{"href":"https:\/\/gutgesell-cuxhaven.de\/wps\/wp-json\/wp\/v2\/types\/page"}],"author":[{"embeddable":true,"href":"https:\/\/gutgesell-cuxhaven.de\/wps\/wp-json\/wp\/v2\/users\/1"}],"replies":[{"embeddable":true,"href":"https:\/\/gutgesell-cuxhaven.de\/wps\/wp-json\/wp\/v2\/comments?post=1201"}],"version-history":[{"count":9,"href":"https:\/\/gutgesell-cuxhaven.de\/wps\/wp-json\/wp\/v2\/pages\/1201\/revisions"}],"predecessor-version":[{"id":2177,"href":"https:\/\/gutgesell-cuxhaven.de\/wps\/wp-json\/wp\/v2\/pages\/1201\/revisions\/2177"}],"up":[{"embeddable":true,"href":"https:\/\/gutgesell-cuxhaven.de\/wps\/wp-json\/wp\/v2\/pages\/1195"}],"wp:attachment":[{"href":"https:\/\/gutgesell-cuxhaven.de\/wps\/wp-json\/wp\/v2\/media?parent=1201"}],"curies":[{"name":"wp","href":"https:\/\/api.w.org\/{rel}","templated":true}]}}