{"id":1199,"date":"2022-04-18T10:57:17","date_gmt":"2022-04-18T08:57:17","guid":{"rendered":"https:\/\/dev-gut.bambule.de\/?page_id=1199"},"modified":"2023-05-12T11:11:11","modified_gmt":"2023-05-12T09:11:11","slug":"pflege-und-hilfsmittel","status":"publish","type":"page","link":"https:\/\/gutgesell-cuxhaven.de\/wps\/reha-technik\/pflege-und-hilfsmittel","title":{"rendered":"Pflege- und Hilfsmittel"},"content":{"rendered":"<p>[et_pb_section fb_built=&#8220;1&#8243; admin_label=&#8220;section&#8220; _builder_version=&#8220;4.17.4&#8243; bottom_divider_style=&#8220;wave&#8220; bottom_divider_color=&#8220;#fcbe00&#8243; bottom_divider_height=&#8220;80px&#8220; bottom_divider_flip=&#8220;horizontal&#8220; global_colors_info=&#8220;{}&#8220;][et_pb_row admin_label=&#8220;row&#8220; _builder_version=&#8220;4.17.4&#8243; background_size=&#8220;initial&#8220; background_position=&#8220;top_left&#8220; background_repeat=&#8220;repeat&#8220; custom_margin=&#8220;||||false|false&#8220; custom_padding=&#8220;50px||20px||false|false&#8220; global_colors_info=&#8220;{}&#8220;][et_pb_column type=&#8220;4_4&#8243; _builder_version=&#8220;4.16&#8243; custom_padding=&#8220;|||&#8220; global_colors_info=&#8220;{}&#8220; custom_padding__hover=&#8220;|||&#8220;][et_pb_text _builder_version=&#8220;4.17.4&#8243; _module_preset=&#8220;default&#8220; background_color=&#8220;#fcbe00&#8243; custom_margin=&#8220;||||false|false&#8220; custom_padding=&#8220;10px|||20px|false|false&#8220; border_radii=&#8220;on|6px|6px|6px|6px&#8220; global_colors_info=&#8220;{}&#8220;]<\/p>\n<h1>H\u00e4usliche Pflege- und Hilfsmittel<\/h1>\n<p>[\/et_pb_text][\/et_pb_column][\/et_pb_row][et_pb_row column_structure=&#8220;1_4,3_4&#8243; _builder_version=&#8220;4.17.4&#8243; _module_preset=&#8220;default&#8220; global_colors_info=&#8220;{}&#8220;][et_pb_column type=&#8220;1_4&#8243; _builder_version=&#8220;4.17.4&#8243; _module_preset=&#8220;default&#8220; global_colors_info=&#8220;{}&#8220;][et_pb_image src=&#8220;https:\/\/gutgesell-cuxhaven.de\/wps\/wp-content\/uploads\/2018\/08\/rollstuhl_trendmobil_dusche.jpg&#8220; alt=&#8220;Rollstuhl von Trendmobil&#8220; title_text=&#8220;Rollstuhl von Trendmobil&#8220; show_in_lightbox=&#8220;on&#8220; _builder_version=&#8220;4.17.4&#8243; _module_preset=&#8220;default&#8220; border_radii=&#8220;on|6px|6px|6px|6px&#8220; border_width_all=&#8220;2px&#8220; border_color_all=&#8220;#d6d6d6&#8243; global_colors_info=&#8220;{}&#8220;][\/et_pb_image][\/et_pb_column][et_pb_column type=&#8220;3_4&#8243; _builder_version=&#8220;4.17.4&#8243; _module_preset=&#8220;default&#8220; global_colors_info=&#8220;{}&#8220;][et_pb_text _builder_version=&#8220;4.21.0&#8243; _module_preset=&#8220;default&#8220; global_colors_info=&#8220;{}&#8220;]Um im Alter, Krankheitsfall oder bei vorhandener Behinderung \u00fcberhaupt oder sogar weitestgehend eigenst\u00e4ndig die t\u00e4gliche K\u00f6rperpflege oder den Gang zur Toilette \u2013 f\u00fcr Junge, Nichtbehinderte und Gesunde ganz selbstverst\u00e4ndliche Dinge \u2013 ausf\u00fchren zu k\u00f6nnen, gibt es zur Unterst\u00fctzung eine Vielzahl von einfachen zu handhabenden Hilfsmitteln. Angefangen von Toilettensitzerh\u00f6hungen bis hin zu Badeliftern \u2013 f\u00fcr weitestgehende Unabh\u00e4ngigkeit von fremder Hilfe im Bereich der (K\u00f6rper-) Hygiene.<\/p>\n<p>Erg\u00e4nzend dazu bieten wir jegliche Alltagshilfen, Einstiegshilfen, Pflegebetten, Toilettenst\u00fchle bis hin zu Lagerungshilfen an.[\/et_pb_text][\/et_pb_column][\/et_pb_row][et_pb_row column_structure=&#8220;1_4,1_4,1_4,1_4&#8243; _builder_version=&#8220;4.17.4&#8243; _module_preset=&#8220;default&#8220; custom_padding=&#8220;||100px||false|false&#8220; global_colors_info=&#8220;{}&#8220;][et_pb_column type=&#8220;1_4&#8243; _builder_version=&#8220;4.17.4&#8243; _module_preset=&#8220;default&#8220; global_colors_info=&#8220;{}&#8220;][et_pb_image src=&#8220;https:\/\/gutgesell-cuxhaven.de\/wps\/wp-content\/uploads\/2023\/05\/toilettensitzerhoehung.jpg&#8220; alt=&#8220;Toilettensitzerh\u00f6hung&#8220; title_text=&#8220;Toilettensitzerh\u00f6hung&#8220; _builder_version=&#8220;4.21.0&#8243; _module_preset=&#8220;default&#8220; hover_enabled=&#8220;0&#8243; border_radii=&#8220;on|6px|6px|6px|6px&#8220; border_width_all=&#8220;2px&#8220; border_color_all=&#8220;#cccccc&#8220; global_colors_info=&#8220;{}&#8220; sticky_enabled=&#8220;0&#8243;][\/et_pb_image][\/et_pb_column][et_pb_column type=&#8220;1_4&#8243; _builder_version=&#8220;4.17.4&#8243; _module_preset=&#8220;default&#8220; global_colors_info=&#8220;{}&#8220;][et_pb_image src=&#8220;https:\/\/gutgesell-cuxhaven.de\/wps\/wp-content\/uploads\/2023\/05\/duschstuhl.jpg&#8220; alt=&#8220;Duschstuhl&#8220; title_text=&#8220;Duschstuhl&#8220; _builder_version=&#8220;4.21.0&#8243; _module_preset=&#8220;default&#8220; hover_enabled=&#8220;0&#8243; border_radii=&#8220;on|6px|6px|6px|6px&#8220; border_width_all=&#8220;2px&#8220; border_color_all=&#8220;#cccccc&#8220; global_colors_info=&#8220;{}&#8220; sticky_enabled=&#8220;0&#8243;][\/et_pb_image][\/et_pb_column][et_pb_column type=&#8220;1_4&#8243; _builder_version=&#8220;4.17.4&#8243; _module_preset=&#8220;default&#8220; global_colors_info=&#8220;{}&#8220;][et_pb_image src=&#8220;https:\/\/gutgesell-cuxhaven.de\/wps\/wp-content\/uploads\/2023\/05\/toilettenrollstuhl.jpg&#8220; alt=&#8220;Toilettenrollstuhl&#8220; title_text=&#8220;Toilettenrollstuhl&#8220; _builder_version=&#8220;4.21.0&#8243; _module_preset=&#8220;default&#8220; hover_enabled=&#8220;0&#8243; border_radii=&#8220;on|6px|6px|6px|6px&#8220; border_width_all=&#8220;2px&#8220; border_color_all=&#8220;#cccccc&#8220; global_colors_info=&#8220;{}&#8220; sticky_enabled=&#8220;0&#8243;][\/et_pb_image][\/et_pb_column][et_pb_column type=&#8220;1_4&#8243; _builder_version=&#8220;4.17.4&#8243; _module_preset=&#8220;default&#8220; global_colors_info=&#8220;{}&#8220;][et_pb_image src=&#8220;https:\/\/gutgesell-cuxhaven.de\/wps\/wp-content\/uploads\/2022\/06\/topro_olympos_m_off-road_wheels.jpg&#8220; alt=&#8220;Premium-Rollator Topro Olympos&#8220; title_text=&#8220;Rollator Topro Olympos leihen&#8220; _builder_version=&#8220;4.21.0&#8243; _module_preset=&#8220;default&#8220; hover_enabled=&#8220;0&#8243; border_radii=&#8220;on|6px|6px|6px|6px&#8220; border_width_all=&#8220;2px&#8220; border_color_all=&#8220;#cccccc&#8220; global_colors_info=&#8220;{}&#8220; sticky_enabled=&#8220;0&#8243;][\/et_pb_image][\/et_pb_column][\/et_pb_row][\/et_pb_section]<\/p>\n","protected":false},"excerpt":{"rendered":"<p>H\u00e4usliche Pflege- und HilfsmittelUm im Alter, Krankheitsfall oder bei vorhandener Behinderung \u00fcberhaupt oder sogar weitestgehend eigenst\u00e4ndig die t\u00e4gliche K\u00f6rperpflege oder den Gang zur Toilette \u2013 f\u00fcr Junge, Nichtbehinderte und Gesunde ganz selbstverst\u00e4ndliche Dinge \u2013 ausf\u00fchren zu k\u00f6nnen, gibt es zur Unterst\u00fctzung eine Vielzahl von einfachen zu handhabenden Hilfsmitteln. Angefangen von Toilettensitzerh\u00f6hungen bis hin zu Badeliftern [&hellip;]<\/p>\n","protected":false},"author":1,"featured_media":0,"parent":1195,"menu_order":0,"comment_status":"closed","ping_status":"closed","template":"","meta":{"_et_pb_use_builder":"on","_et_pb_old_content":"","_et_gb_content_width":"","footnotes":""},"class_list":["post-1199","page","type-page","status-publish","hentry"],"_links":{"self":[{"href":"https:\/\/gutgesell-cuxhaven.de\/wps\/wp-json\/wp\/v2\/pages\/1199","targetHints":{"allow":["GET"]}}],"collection":[{"href":"https:\/\/gutgesell-cuxhaven.de\/wps\/wp-json\/wp\/v2\/pages"}],"about":[{"href":"https:\/\/gutgesell-cuxhaven.de\/wps\/wp-json\/wp\/v2\/types\/page"}],"author":[{"embeddable":true,"href":"https:\/\/gutgesell-cuxhaven.de\/wps\/wp-json\/wp\/v2\/users\/1"}],"replies":[{"embeddable":true,"href":"https:\/\/gutgesell-cuxhaven.de\/wps\/wp-json\/wp\/v2\/comments?post=1199"}],"version-history":[{"count":11,"href":"https:\/\/gutgesell-cuxhaven.de\/wps\/wp-json\/wp\/v2\/pages\/1199\/revisions"}],"predecessor-version":[{"id":2477,"href":"https:\/\/gutgesell-cuxhaven.de\/wps\/wp-json\/wp\/v2\/pages\/1199\/revisions\/2477"}],"up":[{"embeddable":true,"href":"https:\/\/gutgesell-cuxhaven.de\/wps\/wp-json\/wp\/v2\/pages\/1195"}],"wp:attachment":[{"href":"https:\/\/gutgesell-cuxhaven.de\/wps\/wp-json\/wp\/v2\/media?parent=1199"}],"curies":[{"name":"wp","href":"https:\/\/api.w.org\/{rel}","templated":true}]}}