{"id":1185,"date":"2022-04-18T10:53:58","date_gmt":"2022-04-18T08:53:58","guid":{"rendered":"https:\/\/dev-gut.bambule.de\/?page_id=1185"},"modified":"2022-09-29T07:28:03","modified_gmt":"2022-09-29T05:28:03","slug":"lymphcare","status":"publish","type":"page","link":"https:\/\/gutgesell-cuxhaven.de\/wps\/sanitaetshaus\/lymphcare","title":{"rendered":"LymphCare"},"content":{"rendered":"<p>[et_pb_section fb_built=&#8220;1&#8243; fullwidth=&#8220;on&#8220; _builder_version=&#8220;4.17.1&#8243; _module_preset=&#8220;default&#8220; background_enable_image=&#8220;off&#8220; height=&#8220;70%&#8220; top_divider_style=&#8220;wave&#8220; top_divider_color=&#8220;#FFFFFF&#8220; top_divider_height=&#8220;60px&#8220; bottom_divider_style=&#8220;wave&#8220; bottom_divider_color=&#8220;#FFFFFF&#8220; bottom_divider_height=&#8220;50px&#8220; global_colors_info=&#8220;{}&#8220;][et_pb_fullwidth_header header_fullscreen=&#8220;on&#8220; header_scroll_down=&#8220;on&#8220; scroll_down_icon_color=&#8220;#FFFFFF&#8220; _builder_version=&#8220;4.17.4&#8243; _module_preset=&#8220;default&#8220; background_image=&#8220;https:\/\/gutgesell-cuxhaven.de\/wps\/wp-content\/uploads\/2021\/08\/lymphcare-partner_cuxhaven.jpg&#8220; global_colors_info=&#8220;{}&#8220;][\/et_pb_fullwidth_header][\/et_pb_section][et_pb_section fb_built=&#8220;1&#8243; admin_label=&#8220;section&#8220; _builder_version=&#8220;4.17.4&#8243; bottom_divider_style=&#8220;wave&#8220; bottom_divider_color=&#8220;#fcbe00&#8243; bottom_divider_height=&#8220;80px&#8220; bottom_divider_flip=&#8220;horizontal&#8220; global_colors_info=&#8220;{}&#8220;][et_pb_row admin_label=&#8220;row&#8220; _builder_version=&#8220;4.17.4&#8243; background_size=&#8220;initial&#8220; background_position=&#8220;top_left&#8220; background_repeat=&#8220;repeat&#8220; custom_margin=&#8220;||||false|false&#8220; custom_padding=&#8220;50px||20px||false|false&#8220; global_colors_info=&#8220;{}&#8220;][et_pb_column type=&#8220;4_4&#8243; _builder_version=&#8220;4.16&#8243; custom_padding=&#8220;|||&#8220; global_colors_info=&#8220;{}&#8220; custom_padding__hover=&#8220;|||&#8220;][et_pb_text _builder_version=&#8220;4.17.4&#8243; _module_preset=&#8220;default&#8220; background_color=&#8220;#fcbe00&#8243; custom_margin=&#8220;||1.6em||false|false&#8220; custom_padding=&#8220;10px|||20px|false|false&#8220; border_radii=&#8220;on|6px|6px|6px|6px&#8220; global_colors_info=&#8220;{}&#8220;]<\/p>\n<h1>Lip\u00f6dem und Lymph\u00f6dem: Wir sind Ihr LymphCare-Partner<\/h1>\n<p>[\/et_pb_text][et_pb_text _builder_version=&#8220;4.17.4&#8243; _module_preset=&#8220;default&#8220; global_colors_info=&#8220;{}&#8220;]<\/p>\n<p>Das <strong>Lip\u00f6dem<\/strong> ist eine chronische Fettverteilungsst\u00f6rung im Unterhautfettgewebe. Betroffen sind meist Frauen. Die Fettansammlungen finden sich haupts\u00e4chlich an den Beinen, aber auch an den H\u00fcften oder Armen. Das Lip\u00f6dem wird h\u00e4ufig mit einer Adipositas, also Fettleibigkeit verwechselt, hat aber nichts damit zu tun.<\/p>\n<p>Ein <strong>Lymph\u00f6dem<\/strong> hingegen ist eine Ansammlung von Gewebefl\u00fcssigkeit. Dazu kommt es, wenn das Lymphgef\u00e4\u00dfsystem nicht ausreichend funktioniert. Auch dies \u00e4u\u00dfert sich meist in Schwellungen an Armen und Beinen.<\/p>\n<p>[\/et_pb_text][\/et_pb_column][\/et_pb_row][et_pb_row _builder_version=&#8220;4.17.4&#8243; _module_preset=&#8220;default&#8220; global_colors_info=&#8220;{}&#8220;][et_pb_column type=&#8220;4_4&#8243; _builder_version=&#8220;4.17.4&#8243; _module_preset=&#8220;default&#8220; global_colors_info=&#8220;{}&#8220;][et_pb_text _builder_version=&#8220;4.17.4&#8243; _module_preset=&#8220;default&#8220; header_2_text_align=&#8220;center&#8220; global_colors_info=&#8220;{}&#8220;]<\/p>\n<h2>Kompressionstherapie bei Lip\u00f6dem und Lymph\u00f6dem<\/h2>\n<p>[\/et_pb_text][\/et_pb_column][\/et_pb_row][et_pb_row column_structure=&#8220;1_2,1_2&#8243; _builder_version=&#8220;4.17.4&#8243; _module_preset=&#8220;default&#8220; global_colors_info=&#8220;{}&#8220;][et_pb_column type=&#8220;1_2&#8243; _builder_version=&#8220;4.17.4&#8243; _module_preset=&#8220;default&#8220; global_colors_info=&#8220;{}&#8220;][et_pb_text _builder_version=&#8220;4.17.4&#8243; _module_preset=&#8220;default&#8220; global_colors_info=&#8220;{}&#8220;]Damit diese oft chronischen Krankheitsbilder nicht auf einen langen Leidensweg f\u00fchren, versorgen wir Sie mit passgenauen Kompressionsstr\u00fcmpfen. Daf\u00fcr vermessen wir Sie ber\u00fchrungslos mit einem Laser-Scanner. Die Erfassung dauert nur wenige Sekunden.<\/p>\n<p>Danach k\u00f6nnen unsere erfahrenen Mitarbeiterinnen Sie ausf\u00fchrlich zur Kompressionsversorgung beraten und Ihnen modische Str\u00fcmpfe in optimaler Passform anbieten.<\/p>\n<p>Die Kompressionsstrumpf-Scanner LEXpert-360 zur kontaktlosen Messung finden Sie in unseren beiden Sanit\u00e4tsh\u00e4usern in Cuxhaven und Otterndorf.[\/et_pb_text][\/et_pb_column][et_pb_column type=&#8220;1_2&#8243; _builder_version=&#8220;4.17.4&#8243; _module_preset=&#8220;default&#8220; global_colors_info=&#8220;{}&#8220;][et_pb_image src=&#8220;https:\/\/gutgesell-cuxhaven.de\/wps\/wp-content\/uploads\/2020\/09\/kompressions-therapie_cuxhaven.jpg&#8220; alt=&#8220;Kompressionstherapie: Messen mit Abstand&#8220; title_text=&#8220;Kompressionstherapie: Messen mit Abstand in Cuxhaven&#8220; _builder_version=&#8220;4.17.4&#8243; _module_preset=&#8220;default&#8220; global_colors_info=&#8220;{}&#8220;][\/et_pb_image][\/et_pb_column][\/et_pb_row][et_pb_row _builder_version=&#8220;4.17.4&#8243; _module_preset=&#8220;default&#8220; global_colors_info=&#8220;{}&#8220;][et_pb_column type=&#8220;4_4&#8243; _builder_version=&#8220;4.17.4&#8243; _module_preset=&#8220;default&#8220; global_colors_info=&#8220;{}&#8220;][et_pb_text _builder_version=&#8220;4.17.4&#8243; _module_preset=&#8220;default&#8220; header_2_text_align=&#8220;center&#8220; global_colors_info=&#8220;{}&#8220;]<\/p>\n<h2>Noch mehr Unterst\u00fctzung durch das LymphCare-Netzwerk<\/h2>\n<p>[\/et_pb_text][et_pb_text _builder_version=&#8220;4.17.4&#8243; _module_preset=&#8220;default&#8220; global_colors_info=&#8220;{}&#8220;]Als Partner der Initiative LymphCare ist es uns sehr daran gelegen, dass Betroffene mit den chronischen Krankheitsbildern Lymph\u00f6dem und Lip\u00f6dem optimal betreut werden und sich gut bei uns aufgehoben f\u00fchlen. Zur weiteren Aufkl\u00e4rung und zum Erlernen von wichtigen Dingen im Alltag, wie zum Beispiel die korrekte Handhabung mit Kompressionsstr\u00fcmpfen, Eigenbandage, Selbstlymphen oder auch gesunde Ern\u00e4hrung und Bewegungstherapien bieten wir Ihnen regelm\u00e4\u00dfig Veranstaltungen, sogenannte LymphCare-Events an, um das theoretisch erlernte Wissen auch anzuwenden zu k\u00f6nnen. [\/et_pb_text][\/et_pb_column][\/et_pb_row][et_pb_row column_structure=&#8220;1_2,1_2&#8243; _builder_version=&#8220;4.17.4&#8243; _module_preset=&#8220;default&#8220; global_colors_info=&#8220;{}&#8220;][et_pb_column type=&#8220;1_2&#8243; _builder_version=&#8220;4.17.4&#8243; _module_preset=&#8220;default&#8220; global_colors_info=&#8220;{}&#8220;][et_pb_image src=&#8220;https:\/\/gutgesell-cuxhaven.de\/wps\/wp-content\/uploads\/2021\/08\/LymphCare_Madita_web.jpg&#8220; alt=&#8220;LymphCare-Partner in Cuxhaven&#8220; title_text=&#8220;LymphCare-Partner in Cuxhaven&#8220; _builder_version=&#8220;4.17.4&#8243; _module_preset=&#8220;default&#8220; global_colors_info=&#8220;{}&#8220;][\/et_pb_image][\/et_pb_column][et_pb_column type=&#8220;1_2&#8243; _builder_version=&#8220;4.17.4&#8243; _module_preset=&#8220;default&#8220; global_colors_info=&#8220;{}&#8220;][et_pb_text _builder_version=&#8220;4.17.4&#8243; _module_preset=&#8220;default&#8220; global_colors_info=&#8220;{}&#8220;]<\/p>\n<p>Au\u00dferdem erm\u00f6glichen wir Ihnen den Zugang zu weiteren qualifizierten Informationen:<\/p>\n<p>Die Online-Plattform LymphCare wurde ins Leben gerufen, um das Leben der Betroffenen einfacher zu gestalten. Hier k\u00f6nnen Sie sich rund um die Lymphologie im Forum austauschen. Zudem finden Sie hier wichtige Informationen zu den Krankheitsbildern Lip\u00f6dem und Lymph\u00f6dem, Therapiem\u00f6glichkeiten und vieles mehr.<\/p>\n<p>Auf der LymphCare Online-Plattform finden Sie solche Veranstaltungen in Ihrer N\u00e4he.<\/p>\n<p>Zus\u00e4tzlich werden Ihnen hier viele interessante Themen zu Sport, Ern\u00e4hrung, Mode und Lifestyle und Produktneuheiten von JOBST\u00ae pr\u00e4sentiert. Also worauf warten Sie noch?<\/p>\n<p>Registrieren Sie sich auf <a href=\"https:\/\/www.lymphcare.com\/de-de\/\">www.LymphCare.com<\/a> und werden Sie Teil der Lymph- und Lip\u00f6dem-Gemeinschaft.<\/p>\n<p>[\/et_pb_text][\/et_pb_column][\/et_pb_row][et_pb_row _builder_version=&#8220;4.17.4&#8243; _module_preset=&#8220;default&#8220; global_colors_info=&#8220;{}&#8220;][et_pb_column type=&#8220;4_4&#8243; _builder_version=&#8220;4.17.4&#8243; _module_preset=&#8220;default&#8220; global_colors_info=&#8220;{}&#8220;][et_pb_text _builder_version=&#8220;4.17.4&#8243; _module_preset=&#8220;default&#8220; global_colors_info=&#8220;{}&#8220;]<\/p>\n<p style=\"text-align: center;\">Rufen Sie uns jetzt an, damit wir Sie zu moderner Kompressionstherapie beraten k\u00f6nnen:<br \/><strong>(04721) 3 40 45<\/strong><\/p>\n<p>[\/et_pb_text][\/et_pb_column][\/et_pb_row][et_pb_row column_structure=&#8220;1_2,1_2&#8243; _builder_version=&#8220;4.17.4&#8243; _module_preset=&#8220;default&#8220; custom_padding=&#8220;||130px||false|false&#8220; global_colors_info=&#8220;{}&#8220;][et_pb_column type=&#8220;1_2&#8243; _builder_version=&#8220;4.17.4&#8243; _module_preset=&#8220;default&#8220; global_colors_info=&#8220;{}&#8220;][et_pb_text _builder_version=&#8220;4.17.4&#8243; _module_preset=&#8220;default&#8220; text_font_size=&#8220;1.2em&#8220; background_color=&#8220;#fcbe00&#8243; text_orientation=&#8220;center&#8220; custom_padding=&#8220;1em|1em|1em|1em|true|true&#8220; link_option_url=&#8220;https:\/\/www.lymphcare.com\/de-de\/&#8220; border_radii=&#8220;on|6px|6px|6px|6px&#8220; global_colors_info=&#8220;{}&#8220;]<\/p>\n<p style=\"text-align: center;\">Zur LymphCare-Community<\/p>\n<p>[\/et_pb_text][\/et_pb_column][et_pb_column type=&#8220;1_2&#8243; _builder_version=&#8220;4.17.4&#8243; _module_preset=&#8220;default&#8220; global_colors_info=&#8220;{}&#8220;][et_pb_text _builder_version=&#8220;4.18.0&#8243; _module_preset=&#8220;default&#8220; text_font_size=&#8220;1.2em&#8220; background_color=&#8220;#fcbe00&#8243; text_orientation=&#8220;center&#8220; custom_padding=&#8220;1em|1em|1em|1em|true|true&#8220; link_option_url=&#8220;\/wps\/kontakt&#8220; hover_enabled=&#8220;0&#8243; border_radii=&#8220;on|6px|6px|6px|6px&#8220; global_colors_info=&#8220;{}&#8220; sticky_enabled=&#8220;0&#8243;]<\/p>\n<p style=\"text-align: center;\">Ihr Weg zu uns<\/p>\n<p>[\/et_pb_text][\/et_pb_column][\/et_pb_row][\/et_pb_section]<\/p>\n","protected":false},"excerpt":{"rendered":"<p>Lip\u00f6dem und Lymph\u00f6dem: Wir sind Ihr LymphCare-PartnerDas Lip\u00f6dem ist eine chronische Fettverteilungsst\u00f6rung im Unterhautfettgewebe. Betroffen sind meist Frauen. Die Fettansammlungen finden sich haupts\u00e4chlich an den Beinen, aber auch an den H\u00fcften oder Armen. Das Lip\u00f6dem wird h\u00e4ufig mit einer Adipositas, also Fettleibigkeit verwechselt, hat aber nichts damit zu tun. Ein Lymph\u00f6dem hingegen ist eine Ansammlung [&hellip;]<\/p>\n","protected":false},"author":1,"featured_media":0,"parent":1177,"menu_order":0,"comment_status":"closed","ping_status":"closed","template":"","meta":{"_et_pb_use_builder":"on","_et_pb_old_content":"","_et_gb_content_width":"","footnotes":""},"class_list":["post-1185","page","type-page","status-publish","hentry"],"_links":{"self":[{"href":"https:\/\/gutgesell-cuxhaven.de\/wps\/wp-json\/wp\/v2\/pages\/1185","targetHints":{"allow":["GET"]}}],"collection":[{"href":"https:\/\/gutgesell-cuxhaven.de\/wps\/wp-json\/wp\/v2\/pages"}],"about":[{"href":"https:\/\/gutgesell-cuxhaven.de\/wps\/wp-json\/wp\/v2\/types\/page"}],"author":[{"embeddable":true,"href":"https:\/\/gutgesell-cuxhaven.de\/wps\/wp-json\/wp\/v2\/users\/1"}],"replies":[{"embeddable":true,"href":"https:\/\/gutgesell-cuxhaven.de\/wps\/wp-json\/wp\/v2\/comments?post=1185"}],"version-history":[{"count":10,"href":"https:\/\/gutgesell-cuxhaven.de\/wps\/wp-json\/wp\/v2\/pages\/1185\/revisions"}],"predecessor-version":[{"id":2140,"href":"https:\/\/gutgesell-cuxhaven.de\/wps\/wp-json\/wp\/v2\/pages\/1185\/revisions\/2140"}],"up":[{"embeddable":true,"href":"https:\/\/gutgesell-cuxhaven.de\/wps\/wp-json\/wp\/v2\/pages\/1177"}],"wp:attachment":[{"href":"https:\/\/gutgesell-cuxhaven.de\/wps\/wp-json\/wp\/v2\/media?parent=1185"}],"curies":[{"name":"wp","href":"https:\/\/api.w.org\/{rel}","templated":true}]}}