{"id":1183,"date":"2022-04-18T10:53:35","date_gmt":"2022-04-18T08:53:35","guid":{"rendered":"https:\/\/dev-gut.bambule.de\/?page_id=1183"},"modified":"2022-09-29T10:05:34","modified_gmt":"2022-09-29T08:05:34","slug":"kompressionstherapie","status":"publish","type":"page","link":"https:\/\/gutgesell-cuxhaven.de\/wps\/sanitaetshaus\/kompressionstherapie","title":{"rendered":"Kompressionstherapie"},"content":{"rendered":"<p>[et_pb_section fb_built=&#8220;1&#8243; fullwidth=&#8220;on&#8220; _builder_version=&#8220;4.17.1&#8243; _module_preset=&#8220;default&#8220; background_enable_image=&#8220;off&#8220; height=&#8220;70%&#8220; top_divider_style=&#8220;wave&#8220; top_divider_color=&#8220;#FFFFFF&#8220; top_divider_height=&#8220;60px&#8220; bottom_divider_style=&#8220;wave&#8220; bottom_divider_color=&#8220;#FFFFFF&#8220; bottom_divider_height=&#8220;50px&#8220; global_colors_info=&#8220;{}&#8220;][et_pb_fullwidth_header header_fullscreen=&#8220;on&#8220; header_scroll_down=&#8220;on&#8220; scroll_down_icon_color=&#8220;#FFFFFF&#8220; _builder_version=&#8220;4.17.4&#8243; _module_preset=&#8220;default&#8220; background_image=&#8220;https:\/\/gutgesell-cuxhaven.de\/wps\/wp-content\/uploads\/2019\/11\/kompressionsstruempfe-im-venenkompetenz-zentrum-e1654415508957.jpg&#8220; global_colors_info=&#8220;{}&#8220;][\/et_pb_fullwidth_header][\/et_pb_section][et_pb_section fb_built=&#8220;1&#8243; admin_label=&#8220;section&#8220; _builder_version=&#8220;4.17.4&#8243; bottom_divider_style=&#8220;wave&#8220; bottom_divider_color=&#8220;#fcbe00&#8243; bottom_divider_height=&#8220;80px&#8220; bottom_divider_flip=&#8220;horizontal&#8220; global_colors_info=&#8220;{}&#8220;][et_pb_row admin_label=&#8220;row&#8220; _builder_version=&#8220;4.17.4&#8243; background_size=&#8220;initial&#8220; background_position=&#8220;top_left&#8220; background_repeat=&#8220;repeat&#8220; custom_margin=&#8220;||||false|false&#8220; custom_padding=&#8220;50px||||false|false&#8220; global_colors_info=&#8220;{}&#8220;][et_pb_column type=&#8220;4_4&#8243; _builder_version=&#8220;4.16&#8243; custom_padding=&#8220;|||&#8220; global_colors_info=&#8220;{}&#8220; custom_padding__hover=&#8220;|||&#8220;][et_pb_text _builder_version=&#8220;4.17.4&#8243; _module_preset=&#8220;default&#8220; background_color=&#8220;#fcbe00&#8243; custom_margin=&#8220;||||false|false&#8220; custom_padding=&#8220;10px|||20px|false|false&#8220; border_radii=&#8220;on|6px|6px|6px|6px&#8220; global_colors_info=&#8220;{}&#8220;]<\/p>\n<h1>Venenkompetenz-Zentrum<\/h1>\n<p>[\/et_pb_text][\/et_pb_column][\/et_pb_row][et_pb_row column_structure=&#8220;1_2,1_2&#8243; _builder_version=&#8220;4.17.4&#8243; _module_preset=&#8220;default&#8220; global_colors_info=&#8220;{}&#8220;][et_pb_column type=&#8220;1_2&#8243; _builder_version=&#8220;4.17.4&#8243; _module_preset=&#8220;default&#8220; global_colors_info=&#8220;{}&#8220;][et_pb_text _builder_version=&#8220;4.17.4&#8243; _module_preset=&#8220;default&#8220; hover_enabled=&#8220;0&#8243; global_colors_info=&#8220;{}&#8220; sticky_enabled=&#8220;0&#8243;]In unserem gro\u00dfz\u00fcgig und freundlich gestalteten Venenkompetenzzentrum informieren und betreuen wir Sie rund um das Thema Kompressionsstr\u00fcmpfe. Wir versorgen gut 1500 Patienten pro Jahr erfolgreich mit Kompressionstr\u00fcmpfen. Diese Erfahrung geben wir gerne an Sie weiter, sodass sie eine rundum gute Versorgung bei uns erfahren.[\/et_pb_text][\/et_pb_column][et_pb_column type=&#8220;1_2&#8243; _builder_version=&#8220;4.17.4&#8243; _module_preset=&#8220;default&#8220; global_colors_info=&#8220;{}&#8220;][et_pb_text _builder_version=&#8220;4.17.4&#8243; _module_preset=&#8220;default&#8220; global_colors_info=&#8220;{}&#8220;]Unter dem Begriff Kompressionstherapie versteht die Medizin entlastende Therapien des gest\u00f6rten Venensystems. Dazu geh\u00f6rt die manuelle Drainage oder auch das Tragen eines Kompressionsstrumpfes. Man behandelt damit Krampfadern (Varizen), Beinvenenthrombosen und deren Folgen, das postthrombotische Syndrom sowie auch das Lymph\u00f6dem und so genannte \u201eoffene Beine\u201c (Ulcus cruris).[\/et_pb_text][\/et_pb_column][\/et_pb_row][et_pb_row column_structure=&#8220;1_2,1_2&#8243; _builder_version=&#8220;4.17.4&#8243; _module_preset=&#8220;default&#8220; custom_padding=&#8220;||80px||false|false&#8220; global_colors_info=&#8220;{}&#8220;][et_pb_column type=&#8220;1_2&#8243; _builder_version=&#8220;4.17.4&#8243; _module_preset=&#8220;default&#8220; global_colors_info=&#8220;{}&#8220;][et_pb_image src=&#8220;https:\/\/gutgesell-cuxhaven.de\/wps\/wp-content\/uploads\/2020\/09\/kompressions-therapie_cuxhaven.jpg&#8220; alt=&#8220;Kompressionstherapie: Messen mit Abstand&#8220; title_text=&#8220;Kompressionstherapie: Messen mit Abstand in Cuxhaven&#8220; show_in_lightbox=&#8220;on&#8220; _builder_version=&#8220;4.17.4&#8243; _module_preset=&#8220;default&#8220; global_colors_info=&#8220;{}&#8220;][\/et_pb_image][\/et_pb_column][et_pb_column type=&#8220;1_2&#8243; _builder_version=&#8220;4.17.4&#8243; _module_preset=&#8220;default&#8220; global_colors_info=&#8220;{}&#8220;][et_pb_image src=&#8220;https:\/\/gutgesell-cuxhaven.de\/wps\/wp-content\/uploads\/2020\/09\/kompressionstherapie_laser-messung.jpg&#8220; alt=&#8220;Die Erfassung dauert nur wenige Sekunden.&#8220; title_text=&#8220;Kompressionstherapie: Messen mit Abstand&#8220; show_in_lightbox=&#8220;on&#8220; _builder_version=&#8220;4.17.4&#8243; _module_preset=&#8220;default&#8220; global_colors_info=&#8220;{}&#8220;][\/et_pb_image][\/et_pb_column][\/et_pb_row][et_pb_row _builder_version=&#8220;4.17.4&#8243; _module_preset=&#8220;default&#8220; global_colors_info=&#8220;{}&#8220;][et_pb_column type=&#8220;4_4&#8243; _builder_version=&#8220;4.17.4&#8243; _module_preset=&#8220;default&#8220; global_colors_info=&#8220;{}&#8220;][et_pb_code _builder_version=&#8220;4.17.4&#8243; _module_preset=&#8220;default&#8220; global_colors_info=&#8220;{}&#8220;] <\/p>\n<div class=\"brlbs-cmpnt-container brlbs-cmpnt-content-blocker brlbs-cmpnt-with-individual-styles\" data-borlabs-cookie-content-blocker-id=\"youtube-content-blocker\" data-borlabs-cookie-content=\"PGlmcmFtZSB3aWR0aD0iNTYwIiBoZWlnaHQ9IjMxNSIgc3JjPSJodHRwczovL3d3dy55b3V0dWJlLW5vY29va2llLmNvbS9lbWJlZC95UmJNdUI1b1c1QSIgdGl0bGU9IllvdVR1YmUgdmlkZW8gcGxheWVyIiBmcmFtZWJvcmRlcj0iMCIgYWxsb3c9ImFjY2VsZXJvbWV0ZXI7IGF1dG9wbGF5OyBjbGlwYm9hcmQtd3JpdGU7IGVuY3J5cHRlZC1tZWRpYTsgZ3lyb3Njb3BlOyBwaWN0dXJlLWluLXBpY3R1cmUiIGFsbG93ZnVsbHNjcmVlbj48L2lmcmFtZT4=\">\n<div class=\"brlbs-cmpnt-cb-preset-c brlbs-cmpnt-cb-youtube\">\n<div class=\"brlbs-cmpnt-cb-thumbnail\" style=\"background-image: url('https:\/\/gutgesell-cuxhaven.de\/wps\/wp-content\/uploads\/borlabs-cookie\/1\/yt_yRbMuB5oW5A_hqdefault.jpg')\"><\/div>\n<div class=\"brlbs-cmpnt-cb-main\">\n<div class=\"brlbs-cmpnt-cb-play-button\"><\/div>\n<div class=\"brlbs-cmpnt-cb-content\">\n<p class=\"brlbs-cmpnt-cb-description\">Sie sehen gerade einen Platzhalterinhalt von <strong>YouTube<\/strong>. Um auf den eigentlichen Inhalt zuzugreifen, klicken Sie auf die Schaltfl\u00e4che unten. Bitte beachten Sie, dass dabei Daten an Drittanbieter weitergegeben werden.<\/p>\n<p> <a class=\"brlbs-cmpnt-cb-provider-toggle\" href=\"#\" data-borlabs-cookie-show-provider-information role=\"button\">Mehr Informationen<\/a> <\/div>\n<div class=\"brlbs-cmpnt-cb-buttons\"> <a class=\"brlbs-cmpnt-cb-btn\" href=\"#\" data-borlabs-cookie-unblock role=\"button\">Inhalt entsperren<\/a> <a class=\"brlbs-cmpnt-cb-btn\" href=\"#\" data-borlabs-cookie-accept-service role=\"button\" style=\"display: inherit\">Erforderlichen Service akzeptieren und Inhalte entsperren<\/a> <\/div>\n<\/p><\/div>\n<\/p><\/div>\n<\/div>\n<p>[\/et_pb_code][\/et_pb_column][\/et_pb_row][et_pb_row column_structure=&#8220;3_4,1_4&#8243; _builder_version=&#8220;4.17.4&#8243; _module_preset=&#8220;default&#8220; global_colors_info=&#8220;{}&#8220;][et_pb_column type=&#8220;3_4&#8243; _builder_version=&#8220;4.17.4&#8243; _module_preset=&#8220;default&#8220; global_colors_info=&#8220;{}&#8220;][et_pb_text _builder_version=&#8220;4.18.0&#8243; _module_preset=&#8220;default&#8220; hover_enabled=&#8220;0&#8243; global_colors_info=&#8220;{}&#8220; sticky_enabled=&#8220;0&#8243;]<\/p>\n<h2>Ber\u00fchrungslos anmessen mit dem LEXpert-360-System<\/h2>\n<p>Um Ihre Beine noch genauer vermessen zu k\u00f6nnen, benutzen wir <a href=\"https:\/\/www.jobst.de\/unternehmen\/lexpert-360.html\">das LEXpert-360 System.<\/a> Dieser Kompressionsstrumpf-Scanner schafft es in nur f\u00fcnf Sekunden Ihre genauen Ma\u00dfe zu erfassen. Unsere Beraterin hat dadurch mehr Zeit f\u00fcr Ihr Beratungsgespr\u00e4ch.[\/et_pb_text][et_pb_text _builder_version=&#8220;4.17.4&#8243; _module_preset=&#8220;default&#8220; hover_enabled=&#8220;0&#8243; global_colors_info=&#8220;{}&#8220; sticky_enabled=&#8220;0&#8243;]<\/p>\n<h2>Weniger Therapieabbr\u00fcche durch Tragekomfort<\/h2>\n<p>Um ein optimales Ergebnis zu erreichen, m\u00fcssen die Kompressionsstr\u00fcmpfe auch getragen werden. Der h\u00e4ufigste Grund f\u00fcr Therapieabbruch sind juckende, gereizte Haut oder Probleme beim Anziehen. Um die Akzeptanz der Patientin zu erh\u00f6hen, gibt es mehrere Hilfsmittel in unserem Sanit\u00e4tshaus. Sie erleichtern das Anziehen und erh\u00f6hen den Tragekomfort.[\/et_pb_text][\/et_pb_column][et_pb_column type=&#8220;1_4&#8243; _builder_version=&#8220;4.17.4&#8243; _module_preset=&#8220;default&#8220; global_colors_info=&#8220;{}&#8220;][et_pb_image src=&#8220;https:\/\/gutgesell-cuxhaven.de\/wps\/wp-content\/uploads\/2019\/11\/venenkompetenz-zentrum.jpg&#8220; alt=&#8220;LEXpert Venenkompetenz&#8220; title_text=&#8220;LEXpert Venenkompetenz&#8220; show_in_lightbox=&#8220;on&#8220; _builder_version=&#8220;4.17.4&#8243; _module_preset=&#8220;default&#8220; global_colors_info=&#8220;{}&#8220;][\/et_pb_image][\/et_pb_column][\/et_pb_row][et_pb_row column_structure=&#8220;1_2,1_2&#8243; _builder_version=&#8220;4.17.4&#8243; _module_preset=&#8220;default&#8220; global_colors_info=&#8220;{}&#8220;][et_pb_column type=&#8220;1_2&#8243; _builder_version=&#8220;4.17.4&#8243; _module_preset=&#8220;default&#8220; global_colors_info=&#8220;{}&#8220;][et_pb_text _builder_version=&#8220;4.17.4&#8243; _module_preset=&#8220;default&#8220; global_colors_info=&#8220;{}&#8220;]<\/p>\n<h2>Moderne Lymph-Therapie<\/h2>\n<p>F\u00fcr Lymphtherapie ist dieser Bereich mit viel Platz und einer gro\u00dfen Liege besonders gut geeignet. In der Lymphtherapie versorgen wir in einem genau definierten Zeitfenster, das mit dem Therapeuten abgestimmt wird. Das f\u00fchrt zu einem deutlich besseren Ergebnis der Therapie und der Lymphdrainage.[\/et_pb_text][et_pb_text _builder_version=&#8220;4.18.0&#8243; _module_preset=&#8220;default&#8220; text_font_size=&#8220;1.2em&#8220; background_color=&#8220;#fcbe00&#8243; text_orientation=&#8220;center&#8220; custom_padding=&#8220;1em|1em|1em|1em|true|true&#8220; border_radii=&#8220;on|6px|6px|6px|6px&#8220; global_colors_info=&#8220;{}&#8220;]<\/p>\n<p>M\u00f6chten Sie einen Termin mit uns machen?<br \/>Rufen Sie uns doch einfach: <strong>(04721) 3 40 45<\/strong><\/p>\n<p><a href=\"\/wps\/kontakt\">Oder schicken Sie uns eine Nachricht<\/a><\/p>\n<p>[\/et_pb_text][\/et_pb_column][et_pb_column type=&#8220;1_2&#8243; _builder_version=&#8220;4.17.4&#8243; _module_preset=&#8220;default&#8220; global_colors_info=&#8220;{}&#8220;][et_pb_text _builder_version=&#8220;4.17.4&#8243; _module_preset=&#8220;default&#8220; global_colors_info=&#8220;{}&#8220;]<\/p>\n<h2>Kompressions-Str\u00fcmpfe individuell angepasst<\/h2>\n<p>Bei uns werden Kompressionsstr\u00fcmpfe individuell ausgemessen und je nach Diagnose mit Serien- oder Ma\u00dfstr\u00fcmpfen versorgt. Auch Flachstrickversorgungen geh\u00f6ren zu unseren Leistungen. Hierf\u00fcr haben wir ein Lymphstudio geschaffen um eine optimale Beratung und Versorgung zu gew\u00e4hrleisten. <\/p>\n<p>Nach Terminvereinbarung und Absprache mit dem Lymphtherapeuten wird w\u00e4hrend der Lymphdrainage die Versorgung vorgenommen. Da der Kompressionsstrumpf heutzutage nicht mehr einfach nur ein brauner Gummistrumpf ist, sondern durchaus auch modisch sein kann, haben wir eine Auswahl an verschiedenen Farben vorr\u00e4tig.[\/et_pb_text][\/et_pb_column][\/et_pb_row][et_pb_row _builder_version=&#8220;4.17.4&#8243; _module_preset=&#8220;default&#8220; global_colors_info=&#8220;{}&#8220;][et_pb_column type=&#8220;4_4&#8243; _builder_version=&#8220;4.17.4&#8243; _module_preset=&#8220;default&#8220; global_colors_info=&#8220;{}&#8220;][et_pb_text _builder_version=&#8220;4.17.4&#8243; _module_preset=&#8220;default&#8220; global_colors_info=&#8220;{}&#8220;]<\/p>\n<h2>Kompression gibt\u2019s auch f\u00fcr M\u00e4nner<\/h2>\n<p>Beim JOBST forMen Explore verbinden sich Carbon und Cotton f\u00fcr einen einzigartigen Tragekomfort und effektive Geruchskontrolle. Wenig Bewegung, langes Sitzen oder Stehen, h\u00e4ufige Flugreisen \u2013 das sind Faktoren, die Venenleiden beg\u00fcnstigen und auch M\u00e4nner betreffen. Daher sollten Sie sich lieber m\u00f6glichst fr\u00fchzeitig bei uns zu Str\u00fcmpfen mit medizinischer Kompression beraten lassen, um Ihr Venensystem zu unterst\u00fctzen und zu entlasten. [\/et_pb_text][\/et_pb_column][\/et_pb_row][et_pb_row column_structure=&#8220;1_3,1_3,1_3&#8243; _builder_version=&#8220;4.17.4&#8243; _module_preset=&#8220;default&#8220; global_colors_info=&#8220;{}&#8220;][et_pb_column type=&#8220;1_3&#8243; _builder_version=&#8220;4.17.4&#8243; _module_preset=&#8220;default&#8220; global_colors_info=&#8220;{}&#8220;][et_pb_image src=&#8220;https:\/\/gutgesell-cuxhaven.de\/wps\/wp-content\/uploads\/2020\/03\/1Schlagzeug1.jpg&#8220; alt=&#8220;Schlagzeuger mit Kompressionsstrumpf&#8220; title_text=&#8220;Schlagzeuger mit Kompressionsstrumpf&#8220; show_in_lightbox=&#8220;on&#8220; _builder_version=&#8220;4.17.4&#8243; _module_preset=&#8220;default&#8220; global_colors_info=&#8220;{}&#8220;][\/et_pb_image][\/et_pb_column][et_pb_column type=&#8220;1_3&#8243; _builder_version=&#8220;4.17.4&#8243; _module_preset=&#8220;default&#8220; global_colors_info=&#8220;{}&#8220;][et_pb_image src=&#8220;https:\/\/gutgesell-cuxhaven.de\/wps\/wp-content\/uploads\/2020\/03\/4Roller1.jpg&#8220; alt=&#8220;Rollerfahrer mit Kompressionsstrumpf&#8220; title_text=&#8220;Rollerfahrer mit Kompressionsstrumpf&#8220; show_in_lightbox=&#8220;on&#8220; _builder_version=&#8220;4.17.4&#8243; _module_preset=&#8220;default&#8220; global_colors_info=&#8220;{}&#8220;][\/et_pb_image][\/et_pb_column][et_pb_column type=&#8220;1_3&#8243; _builder_version=&#8220;4.17.4&#8243; _module_preset=&#8220;default&#8220; global_colors_info=&#8220;{}&#8220;][et_pb_image src=&#8220;https:\/\/gutgesell-cuxhaven.de\/wps\/wp-content\/uploads\/2020\/03\/3Schlafzimmer2.jpg&#8220; alt=&#8220;Mann mit Kompressionsstrumpf&#8220; title_text=&#8220;Mann mit Kompressionsstrumpf&#8220; show_in_lightbox=&#8220;on&#8220; _builder_version=&#8220;4.17.4&#8243; _module_preset=&#8220;default&#8220; global_colors_info=&#8220;{}&#8220;][\/et_pb_image][\/et_pb_column][\/et_pb_row][et_pb_row _builder_version=&#8220;4.17.4&#8243; _module_preset=&#8220;default&#8220; custom_padding=&#8220;||80px||false|false&#8220; global_colors_info=&#8220;{}&#8220;][et_pb_column type=&#8220;4_4&#8243; _builder_version=&#8220;4.17.4&#8243; _module_preset=&#8220;default&#8220; global_colors_info=&#8220;{}&#8220;][\/et_pb_column][\/et_pb_row][\/et_pb_section]<\/p>\n","protected":false},"excerpt":{"rendered":"<p>Venenkompetenz-ZentrumIn unserem gro\u00dfz\u00fcgig und freundlich gestalteten Venenkompetenzzentrum informieren und betreuen wir Sie rund um das Thema Kompressionsstr\u00fcmpfe. Wir versorgen gut 1500 Patienten pro Jahr erfolgreich mit Kompressionstr\u00fcmpfen. Diese Erfahrung geben wir gerne an Sie weiter, sodass sie eine rundum gute Versorgung bei uns erfahren.Unter dem Begriff Kompressionstherapie versteht die Medizin entlastende Therapien des gest\u00f6rten Venensystems. [&hellip;]<\/p>\n","protected":false},"author":1,"featured_media":0,"parent":1177,"menu_order":0,"comment_status":"closed","ping_status":"closed","template":"","meta":{"_et_pb_use_builder":"on","_et_pb_old_content":"","_et_gb_content_width":"","footnotes":""},"class_list":["post-1183","page","type-page","status-publish","hentry"],"_links":{"self":[{"href":"https:\/\/gutgesell-cuxhaven.de\/wps\/wp-json\/wp\/v2\/pages\/1183","targetHints":{"allow":["GET"]}}],"collection":[{"href":"https:\/\/gutgesell-cuxhaven.de\/wps\/wp-json\/wp\/v2\/pages"}],"about":[{"href":"https:\/\/gutgesell-cuxhaven.de\/wps\/wp-json\/wp\/v2\/types\/page"}],"author":[{"embeddable":true,"href":"https:\/\/gutgesell-cuxhaven.de\/wps\/wp-json\/wp\/v2\/users\/1"}],"replies":[{"embeddable":true,"href":"https:\/\/gutgesell-cuxhaven.de\/wps\/wp-json\/wp\/v2\/comments?post=1183"}],"version-history":[{"count":23,"href":"https:\/\/gutgesell-cuxhaven.de\/wps\/wp-json\/wp\/v2\/pages\/1183\/revisions"}],"predecessor-version":[{"id":2202,"href":"https:\/\/gutgesell-cuxhaven.de\/wps\/wp-json\/wp\/v2\/pages\/1183\/revisions\/2202"}],"up":[{"embeddable":true,"href":"https:\/\/gutgesell-cuxhaven.de\/wps\/wp-json\/wp\/v2\/pages\/1177"}],"wp:attachment":[{"href":"https:\/\/gutgesell-cuxhaven.de\/wps\/wp-json\/wp\/v2\/media?parent=1183"}],"curies":[{"name":"wp","href":"https:\/\/api.w.org\/{rel}","templated":true}]}}