{"id":1179,"date":"2022-04-18T10:52:54","date_gmt":"2022-04-18T08:52:54","guid":{"rendered":"https:\/\/dev-gut.bambule.de\/?page_id=1179"},"modified":"2026-02-16T08:03:42","modified_gmt":"2026-02-16T07:03:42","slug":"cuxhaven","status":"publish","type":"page","link":"https:\/\/gutgesell-cuxhaven.de\/wps\/sanitaetshaus\/cuxhaven","title":{"rendered":"Cuxhaven"},"content":{"rendered":"<p>[et_pb_section fb_built=&#8220;1&#8243; fullwidth=&#8220;on&#8220; _builder_version=&#8220;4.17.1&#8243; _module_preset=&#8220;default&#8220; background_enable_image=&#8220;off&#8220; height=&#8220;70%&#8220; top_divider_style=&#8220;wave&#8220; top_divider_color=&#8220;#FFFFFF&#8220; top_divider_height=&#8220;60px&#8220; bottom_divider_style=&#8220;wave&#8220; bottom_divider_color=&#8220;#FFFFFF&#8220; bottom_divider_height=&#8220;50px&#8220; global_colors_info=&#8220;{}&#8220;][et_pb_fullwidth_header header_fullscreen=&#8220;on&#8220; header_scroll_down=&#8220;on&#8220; scroll_down_icon_color=&#8220;#FFFFFF&#8220; _builder_version=&#8220;4.17.4&#8243; _module_preset=&#8220;default&#8220; background_image=&#8220;https:\/\/gutgesell-cuxhaven.de\/wps\/wp-content\/uploads\/2022\/04\/gutgesell_sanitaetshaus-start.jpg&#8220; global_colors_info=&#8220;{}&#8220;][\/et_pb_fullwidth_header][\/et_pb_section][et_pb_section fb_built=&#8220;1&#8243; admin_label=&#8220;section&#8220; _builder_version=&#8220;4.17.4&#8243; bottom_divider_style=&#8220;wave&#8220; bottom_divider_color=&#8220;#fcbe00&#8243; bottom_divider_height=&#8220;80px&#8220; bottom_divider_flip=&#8220;horizontal&#8220; global_colors_info=&#8220;{}&#8220;][et_pb_row admin_label=&#8220;row&#8220; _builder_version=&#8220;4.17.4&#8243; background_size=&#8220;initial&#8220; background_position=&#8220;top_left&#8220; background_repeat=&#8220;repeat&#8220; custom_margin=&#8220;||||false|false&#8220; custom_padding=&#8220;50px||20px||false|false&#8220; global_colors_info=&#8220;{}&#8220;][et_pb_column type=&#8220;4_4&#8243; _builder_version=&#8220;4.16&#8243; custom_padding=&#8220;|||&#8220; global_colors_info=&#8220;{}&#8220; custom_padding__hover=&#8220;|||&#8220;][et_pb_text _builder_version=&#8220;4.17.4&#8243; _module_preset=&#8220;default&#8220; background_color=&#8220;#fcbe00&#8243; custom_margin=&#8220;||1.6em||false|false&#8220; custom_padding=&#8220;10px|||20px|false|false&#8220; border_radii=&#8220;on|6px|6px|6px|6px&#8220; global_colors_info=&#8220;{}&#8220;]<\/p>\n<h1>Ihr Sanit\u00e4tshaus in Cuxhaven<\/h1>\n<p>[\/et_pb_text][\/et_pb_column][\/et_pb_row][et_pb_row column_structure=&#8220;1_2,1_2&#8243; _builder_version=&#8220;4.17.4&#8243; _module_preset=&#8220;default&#8220; global_colors_info=&#8220;{}&#8220;][et_pb_column type=&#8220;1_2&#8243; _builder_version=&#8220;4.17.4&#8243; _module_preset=&#8220;default&#8220; global_colors_info=&#8220;{}&#8220;][et_pb_text _builder_version=&#8220;4.27.4&#8243; _module_preset=&#8220;default&#8220; hover_enabled=&#8220;0&#8243; global_colors_info=&#8220;{}&#8220; sticky_enabled=&#8220;0&#8243;]<\/p>\n<h2>\u00d6ffnungszeiten<\/h2>\n<p>Sanit\u00e4tshaus:<br \/>\nMo \u2013 Fr.: 8 Uhr \u2013 17 Uhr | Sa.: 10 Uhr \u2013 13 Uhr<\/p>\n<p>Orthop\u00e4dietechnik:<br \/>\nMo \u2013 Fr.: 8 Uhr \u2013 13 Uhr und 14 Uhr \u2013 17 Uhr | Sa.: geschlossen<\/p>\n<h2>Telefonzeiten<\/h2>\n<p>Mo \u2013 Fr.: 9 Uhr \u2013 13 Uhr | 14 Uhr \u2013 17 Uhr[\/et_pb_text][\/et_pb_column][et_pb_column type=&#8220;1_2&#8243; _builder_version=&#8220;4.17.4&#8243; _module_preset=&#8220;default&#8220; global_colors_info=&#8220;{}&#8220;][et_pb_text _builder_version=&#8220;4.17.4&#8243; _module_preset=&#8220;default&#8220; global_colors_info=&#8220;{}&#8220;]Das klassische Produktsortiment und vieles mehr finden Sie in den gro\u00dfz\u00fcgig eingerichteten, modernen R\u00e4umlichkeiten unserer Sanit\u00e4tsh\u00e4user in Cuxhaven und Otterndorf. Hier k\u00f6nnen Sie die Produkte in aller Ruhe ausw\u00e4hlen und ggf. anprobieren.F\u00fcr die brustoperierte Frau bieten wir als akkreditiertes Beratungszentrum neben einer breiten Produktvielfalt und hoher Fachkompetenz auch speziell f\u00fcr diese Bed\u00fcrfnisse ausgelegte Beratungs- und Anprober\u00e4ume.<\/p>\n<p>Vor allem auf qualifizierte Beratung legen wir gro\u00dfen Wert. Wir veranstalten u. a. Bademodenschauen, kl\u00e4ren Sie in unseren Venen-Fitness-Wochen auf \u00fcber alles, was zum Thema Venenerkrankung wissenswert ist.<\/p>\n<p>Dar\u00fcber hinaus sind wir ein anerkanntes Beratungszentrum f\u00fcr Lymphologie.[\/et_pb_text][\/et_pb_column][\/et_pb_row][et_pb_row column_structure=&#8220;1_3,1_3,1_3&#8243; _builder_version=&#8220;4.17.4&#8243; _module_preset=&#8220;default&#8220; custom_padding=&#8220;||80px||false|false&#8220; global_colors_info=&#8220;{}&#8220;][et_pb_column type=&#8220;1_3&#8243; _builder_version=&#8220;4.17.4&#8243; _module_preset=&#8220;default&#8220; global_colors_info=&#8220;{}&#8220;][et_pb_image src=&#8220;https:\/\/gutgesell-cuxhaven.de\/wps\/wp-content\/uploads\/2022\/06\/sanitaetshaus-in-cuxhaven_1.jpg&#8220; alt=&#8220;Sanit\u00e4tshaus in Cuxhaven&#8220; title_text=&#8220;Sanit\u00e4tshaus in Cuxhaven&#8220; show_in_lightbox=&#8220;on&#8220; _builder_version=&#8220;4.17.4&#8243; _module_preset=&#8220;default&#8220; global_colors_info=&#8220;{}&#8220;][\/et_pb_image][\/et_pb_column][et_pb_column type=&#8220;1_3&#8243; _builder_version=&#8220;4.17.4&#8243; _module_preset=&#8220;default&#8220; global_colors_info=&#8220;{}&#8220;][et_pb_image src=&#8220;https:\/\/gutgesell-cuxhaven.de\/wps\/wp-content\/uploads\/2022\/06\/sanitaetshaus-in-cuxhaven_2.jpg&#8220; alt=&#8220;Sanit\u00e4tshaus in Cuxhaven&#8220; title_text=&#8220;Sanit\u00e4tshaus in Cuxhaven&#8220; show_in_lightbox=&#8220;on&#8220; _builder_version=&#8220;4.17.4&#8243; _module_preset=&#8220;default&#8220; global_colors_info=&#8220;{}&#8220;][\/et_pb_image][\/et_pb_column][et_pb_column type=&#8220;1_3&#8243; _builder_version=&#8220;4.17.4&#8243; _module_preset=&#8220;default&#8220; global_colors_info=&#8220;{}&#8220;][et_pb_image src=&#8220;https:\/\/gutgesell-cuxhaven.de\/wps\/wp-content\/uploads\/2022\/06\/sanitaetshaus-in-cuxhaven_3.jpg&#8220; alt=&#8220;Sanit\u00e4tshaus in Cuxhaven&#8220; title_text=&#8220;Sanit\u00e4tshaus in Cuxhaven&#8220; show_in_lightbox=&#8220;on&#8220; _builder_version=&#8220;4.17.4&#8243; _module_preset=&#8220;default&#8220; global_colors_info=&#8220;{}&#8220;][\/et_pb_image][\/et_pb_column][\/et_pb_row][\/et_pb_section]<\/p>\n","protected":false},"excerpt":{"rendered":"<p>Ihr Sanit\u00e4tshaus in Cuxhaven\u00d6ffnungszeiten Sanit\u00e4tshaus: Mo \u2013 Fr.: 8 Uhr \u2013 17 Uhr | Sa.: 10 Uhr \u2013 13 Uhr Orthop\u00e4dietechnik: Mo \u2013 Fr.: 8 Uhr \u2013 13 Uhr und 14 Uhr \u2013 17 Uhr | Sa.: geschlossen Telefonzeiten Mo \u2013 Fr.: 9 Uhr \u2013 13 Uhr | 14 Uhr \u2013 17 UhrDas klassische Produktsortiment [&hellip;]<\/p>\n","protected":false},"author":1,"featured_media":0,"parent":1177,"menu_order":0,"comment_status":"closed","ping_status":"closed","template":"","meta":{"_et_pb_use_builder":"on","_et_pb_old_content":"","_et_gb_content_width":"","footnotes":""},"class_list":["post-1179","page","type-page","status-publish","hentry"],"_links":{"self":[{"href":"https:\/\/gutgesell-cuxhaven.de\/wps\/wp-json\/wp\/v2\/pages\/1179","targetHints":{"allow":["GET"]}}],"collection":[{"href":"https:\/\/gutgesell-cuxhaven.de\/wps\/wp-json\/wp\/v2\/pages"}],"about":[{"href":"https:\/\/gutgesell-cuxhaven.de\/wps\/wp-json\/wp\/v2\/types\/page"}],"author":[{"embeddable":true,"href":"https:\/\/gutgesell-cuxhaven.de\/wps\/wp-json\/wp\/v2\/users\/1"}],"replies":[{"embeddable":true,"href":"https:\/\/gutgesell-cuxhaven.de\/wps\/wp-json\/wp\/v2\/comments?post=1179"}],"version-history":[{"count":6,"href":"https:\/\/gutgesell-cuxhaven.de\/wps\/wp-json\/wp\/v2\/pages\/1179\/revisions"}],"predecessor-version":[{"id":2627,"href":"https:\/\/gutgesell-cuxhaven.de\/wps\/wp-json\/wp\/v2\/pages\/1179\/revisions\/2627"}],"up":[{"embeddable":true,"href":"https:\/\/gutgesell-cuxhaven.de\/wps\/wp-json\/wp\/v2\/pages\/1177"}],"wp:attachment":[{"href":"https:\/\/gutgesell-cuxhaven.de\/wps\/wp-json\/wp\/v2\/media?parent=1179"}],"curies":[{"name":"wp","href":"https:\/\/api.w.org\/{rel}","templated":true}]}}