{"id":1159,"date":"2022-04-18T10:38:21","date_gmt":"2022-04-18T08:38:21","guid":{"rendered":"https:\/\/dev-gut.bambule.de\/?page_id=1159"},"modified":"2022-06-04T14:55:12","modified_gmt":"2022-06-04T12:55:12","slug":"reklinationsorthesen","status":"publish","type":"page","link":"https:\/\/gutgesell-cuxhaven.de\/wps\/orthopaedie\/reklinationsorthesen","title":{"rendered":"Reklinationsorthesen"},"content":{"rendered":"<p>[et_pb_section fb_built=&#8220;1&#8243; admin_label=&#8220;section&#8220; _builder_version=&#8220;4.17.4&#8243; bottom_divider_style=&#8220;wave&#8220; bottom_divider_color=&#8220;#fcbe00&#8243; bottom_divider_height=&#8220;80px&#8220; bottom_divider_flip=&#8220;horizontal&#8220; global_colors_info=&#8220;{}&#8220;][et_pb_row admin_label=&#8220;row&#8220; _builder_version=&#8220;4.17.4&#8243; background_size=&#8220;initial&#8220; background_position=&#8220;top_left&#8220; background_repeat=&#8220;repeat&#8220; custom_margin=&#8220;||||false|false&#8220; custom_padding=&#8220;50px||20px||false|false&#8220; global_colors_info=&#8220;{}&#8220;][et_pb_column type=&#8220;4_4&#8243; _builder_version=&#8220;4.16&#8243; custom_padding=&#8220;|||&#8220; global_colors_info=&#8220;{}&#8220; custom_padding__hover=&#8220;|||&#8220;][et_pb_text _builder_version=&#8220;4.17.4&#8243; _module_preset=&#8220;default&#8220; background_color=&#8220;#fcbe00&#8243; custom_margin=&#8220;||1.6em||false|false&#8220; custom_padding=&#8220;10px|||20px|false|false&#8220; border_radii=&#8220;on|6px|6px|6px|6px&#8220; global_colors_info=&#8220;{}&#8220;]<\/p>\n<h1>Reklinationsorthesen<\/h1>\n<p>[\/et_pb_text][et_pb_text _builder_version=&#8220;4.17.4&#8243; _module_preset=&#8220;default&#8220; global_colors_info=&#8220;{}&#8220;]Bei Kyphoseerscheinung im Kindesalter (z. B. Scheuermannsche Krankheit \/ Morbus Scheuermann) ist eine Korsettversorgung sinnvoll. Die Korrekturergebnisse sind sehr gut und dauerhaft.[\/et_pb_text][\/et_pb_column][\/et_pb_row][et_pb_row column_structure=&#8220;1_3,1_3,1_3&#8243; _builder_version=&#8220;4.17.4&#8243; _module_preset=&#8220;default&#8220; global_colors_info=&#8220;{}&#8220;][et_pb_column type=&#8220;1_3&#8243; _builder_version=&#8220;4.17.4&#8243; _module_preset=&#8220;default&#8220; global_colors_info=&#8220;{}&#8220;][et_pb_image src=&#8220;https:\/\/gutgesell-cuxhaven.de\/wps\/wp-content\/uploads\/2020\/04\/reklinations-orthese-1.jpg&#8220; alt=&#8220;Reklinations-Orthese&#8220; title_text=&#8220;Reklinations-Orthese&#8220; show_in_lightbox=&#8220;on&#8220; _builder_version=&#8220;4.17.4&#8243; _module_preset=&#8220;default&#8220; global_colors_info=&#8220;{}&#8220;][\/et_pb_image][\/et_pb_column][et_pb_column type=&#8220;1_3&#8243; _builder_version=&#8220;4.17.4&#8243; _module_preset=&#8220;default&#8220; global_colors_info=&#8220;{}&#8220;][et_pb_image src=&#8220;https:\/\/gutgesell-cuxhaven.de\/wps\/wp-content\/uploads\/2020\/04\/reklinations-orthese-2.jpg&#8220; alt=&#8220;Reklinations-Orthese&#8220; title_text=&#8220;Reklinations-Orthese&#8220; show_in_lightbox=&#8220;on&#8220; _builder_version=&#8220;4.17.4&#8243; _module_preset=&#8220;default&#8220; global_colors_info=&#8220;{}&#8220;][\/et_pb_image][\/et_pb_column][et_pb_column type=&#8220;1_3&#8243; _builder_version=&#8220;4.17.4&#8243; _module_preset=&#8220;default&#8220; global_colors_info=&#8220;{}&#8220;][et_pb_image src=&#8220;https:\/\/gutgesell-cuxhaven.de\/wps\/wp-content\/uploads\/2020\/04\/reklinations-orthese-3.jpg&#8220; alt=&#8220;Reklinations-Orthese&#8220; title_text=&#8220;Reklinations-Orthese&#8220; show_in_lightbox=&#8220;on&#8220; _builder_version=&#8220;4.17.4&#8243; _module_preset=&#8220;default&#8220; global_colors_info=&#8220;{}&#8220;][\/et_pb_image][\/et_pb_column][\/et_pb_row][et_pb_row _builder_version=&#8220;4.17.4&#8243; _module_preset=&#8220;default&#8220; global_colors_info=&#8220;{}&#8220;][et_pb_column type=&#8220;4_4&#8243; _builder_version=&#8220;4.17.4&#8243; _module_preset=&#8220;default&#8220; global_colors_info=&#8220;{}&#8220;][et_pb_text _builder_version=&#8220;4.17.4&#8243; _module_preset=&#8220;default&#8220; global_colors_info=&#8220;{}&#8220;]Wie auch bei dem Cuxhavenkorsett findet unser Konzept der Korsettversorgung Anwendung. Dieses Konzept umfasst das vielseits gew\u00fcnschte und selten erreichte Ziel der engen Zusammenarbeit aller Akteure. In unserem Falle sind es die \u00c4rzte unter dem Chefarzt Dr. Rolf Christophers des Norddeutschen Skoliosezentrums, uns als Orthop\u00e4dietechniker, Physiotherapeuten, Ergotherapeuten und nicht zuletzt der Schwestern auf der Station. Dieses enge Zusammenspiel und die t\u00e4gliche Abstimmung der Versorgung, f\u00fchrt zu einer optimalen Versorgung und einer extrem hohen Akzeptanz der Patienten. Die Kinder erlernen in dem Klinikaufenthalt  Ihre t\u00e4glichen krankegymnastischen \u00dcbungen, die sie im Anschluss selbstst\u00e4ndig zu Hause ausf\u00fchren sollen und k\u00f6nnen. Zudem lernen sie h\u00e4ufig andere Korsettkinder w\u00e4hrend des Aufenthalt kennen und stellen fest das sie mit diesem Zustand nicht alleine dastehen. Dieses und der legere Umgang mit den Patienten und ein immer offenes Ohr der Techniker f\u00fchrt zu einer hohen Complience der Kinder und der psychische Druck wird erleichtert. Da die Tragezeit hier f\u00fcr den Erfolg der Behandlung entscheidend ist geht es ohne diese Akzeptanz nicht.[\/et_pb_text][\/et_pb_column][\/et_pb_row][et_pb_row column_structure=&#8220;1_3,1_3,1_3&#8243; _builder_version=&#8220;4.17.4&#8243; _module_preset=&#8220;default&#8220; global_colors_info=&#8220;{}&#8220;][et_pb_column type=&#8220;1_3&#8243; _builder_version=&#8220;4.17.4&#8243; _module_preset=&#8220;default&#8220; global_colors_info=&#8220;{}&#8220;][et_pb_image src=&#8220;https:\/\/gutgesell-cuxhaven.de\/wps\/wp-content\/uploads\/2020\/04\/reklinations-orthese-vorher.jpg&#8220; alt=&#8220;Reklinations-Orthese vor Korrektur&#8220; title_text=&#8220;Reklinations-Orthese vor Korrektur&#8220; show_in_lightbox=&#8220;on&#8220; _builder_version=&#8220;4.17.4&#8243; _module_preset=&#8220;default&#8220; global_colors_info=&#8220;{}&#8220;][\/et_pb_image][\/et_pb_column][et_pb_column type=&#8220;1_3&#8243; _builder_version=&#8220;4.17.4&#8243; _module_preset=&#8220;default&#8220; global_colors_info=&#8220;{}&#8220;][et_pb_image src=&#8220;https:\/\/gutgesell-cuxhaven.de\/wps\/wp-content\/uploads\/2022\/06\/reklinations-orthese_auf-positiv-form.jpg&#8220; alt=&#8220;Reklinations-Orthese auf Positivform&#8220; title_text=&#8220;Reklinations-Orthese auf Positivform&#8220; show_in_lightbox=&#8220;on&#8220; _builder_version=&#8220;4.17.4&#8243; _module_preset=&#8220;default&#8220; global_colors_info=&#8220;{}&#8220;][\/et_pb_image][\/et_pb_column][et_pb_column type=&#8220;1_3&#8243; _builder_version=&#8220;4.17.4&#8243; _module_preset=&#8220;default&#8220; global_colors_info=&#8220;{}&#8220;][et_pb_image src=&#8220;https:\/\/gutgesell-cuxhaven.de\/wps\/wp-content\/uploads\/2020\/04\/reklinations-orthese-nachher.jpg&#8220; alt=&#8220;Reklinations-Orthese nach Korrektur&#8220; title_text=&#8220;Reklinations-Orthese nach Korrektur&#8220; show_in_lightbox=&#8220;on&#8220; _builder_version=&#8220;4.17.4&#8243; _module_preset=&#8220;default&#8220; global_colors_info=&#8220;{}&#8220;][\/et_pb_image][\/et_pb_column][\/et_pb_row][et_pb_row _builder_version=&#8220;4.17.4&#8243; _module_preset=&#8220;default&#8220; global_colors_info=&#8220;{}&#8220;][et_pb_column type=&#8220;4_4&#8243; _builder_version=&#8220;4.17.4&#8243; _module_preset=&#8220;default&#8220; global_colors_info=&#8220;{}&#8220;][et_pb_text _builder_version=&#8220;4.17.4&#8243; _module_preset=&#8220;default&#8220; global_colors_info=&#8220;{}&#8220;]W\u00e4hrend des Klinikaufenthaltes wird die Orthese minuti\u00f6s angepasst und auf die Bed\u00fcrfnisse der Kinder wird sensibel eingegangen, so dass Hobbys  wie z.B. Radfahren oder reiten Ber\u00fccksichtigung finden. Der langsam ansteigende Druck im Korsett wird auf die Hautverh\u00e4ltnisse und die Akzeptanz des Patienten auf ein Maximum erh\u00f6ht so dass wir nicht irgendein Ergebnis erreichen sondern das zu diesem Zeitpunkt optimale. Jedes Korsett wird individuell nach 3D Scan und CAD CAM angefertigt.[\/et_pb_text][\/et_pb_column][\/et_pb_row][et_pb_row column_structure=&#8220;1_3,1_3,1_3&#8243; _builder_version=&#8220;4.17.4&#8243; _module_preset=&#8220;default&#8220; global_colors_info=&#8220;{}&#8220;][et_pb_column type=&#8220;1_3&#8243; _builder_version=&#8220;4.17.4&#8243; _module_preset=&#8220;default&#8220; global_colors_info=&#8220;{}&#8220;][et_pb_image src=&#8220;https:\/\/gutgesell-cuxhaven.de\/wps\/wp-content\/uploads\/2020\/04\/reklinationsorthese-a.jpg&#8220; alt=&#8220;Reklinationsorthese in Zwei-Schalen-Technik&#8220; title_text=&#8220;Reklinationsorthese in Zwei-Schalen-Technik&#8220; show_in_lightbox=&#8220;on&#8220; _builder_version=&#8220;4.17.4&#8243; _module_preset=&#8220;default&#8220; global_colors_info=&#8220;{}&#8220;][\/et_pb_image][\/et_pb_column][et_pb_column type=&#8220;1_3&#8243; _builder_version=&#8220;4.17.4&#8243; _module_preset=&#8220;default&#8220; global_colors_info=&#8220;{}&#8220;][et_pb_image src=&#8220;https:\/\/gutgesell-cuxhaven.de\/wps\/wp-content\/uploads\/2020\/04\/reklinationsorthese-b.jpg&#8220; alt=&#8220;Reklinationsorthese in Zwei-Schalen-Technik&#8220; title_text=&#8220;Reklinationsorthese in Zwei-Schalen-Technik&#8220; show_in_lightbox=&#8220;on&#8220; _builder_version=&#8220;4.17.4&#8243; _module_preset=&#8220;default&#8220; global_colors_info=&#8220;{}&#8220;][\/et_pb_image][\/et_pb_column][et_pb_column type=&#8220;1_3&#8243; _builder_version=&#8220;4.17.4&#8243; _module_preset=&#8220;default&#8220; global_colors_info=&#8220;{}&#8220;][et_pb_image src=&#8220;https:\/\/gutgesell-cuxhaven.de\/wps\/wp-content\/uploads\/2020\/04\/reklinationsorthese-c.jpg&#8220; alt=&#8220;Reklinationsorthese in Zwei-Schalen-Technik&#8220; title_text=&#8220;Reklinationsorthese in Zwei-Schalen-Technik&#8220; show_in_lightbox=&#8220;on&#8220; _builder_version=&#8220;4.17.4&#8243; _module_preset=&#8220;default&#8220; global_colors_info=&#8220;{}&#8220;][\/et_pb_image][\/et_pb_column][\/et_pb_row][et_pb_row _builder_version=&#8220;4.17.4&#8243; _module_preset=&#8220;default&#8220; hover_enabled=&#8220;0&#8243; global_colors_info=&#8220;{}&#8220; custom_padding=&#8220;||80px||false|false&#8220; sticky_enabled=&#8220;0&#8243;][et_pb_column type=&#8220;4_4&#8243; _builder_version=&#8220;4.17.4&#8243; _module_preset=&#8220;default&#8220; global_colors_info=&#8220;{}&#8220;][et_pb_text _builder_version=&#8220;4.17.4&#8243; _module_preset=&#8220;default&#8220; global_colors_info=&#8220;{}&#8220;]Mit Korrekturpelotten im Abdominalbereich und im dorsalem Thorakalbereich sowie einem ma\u00dfgefertigtem Aluminiumaufbau mit hochthorakaler Pelotte wird die Wirbels\u00e4ule korrigiert. Da wir als einzige mit diesem hohen Druck arbeiten ist dieses Verfahren als effektivste Methode zu betrachten. Um den keilf\u00f6rmigen Wirbeln den Freiraum zu verschaffen damit die Wirbelk\u00f6rper sich im laufe des Wachstums noch Blockf\u00f6rmig also physiologisch ausbilden k\u00f6nnen ist dieser Druck notwendig.[\/et_pb_text][\/et_pb_column][\/et_pb_row][\/et_pb_section]<\/p>\n","protected":false},"excerpt":{"rendered":"<p>ReklinationsorthesenBei Kyphoseerscheinung im Kindesalter (z. B. Scheuermannsche Krankheit \/ Morbus Scheuermann) ist eine Korsettversorgung sinnvoll. Die Korrekturergebnisse sind sehr gut und dauerhaft.Wie auch bei dem Cuxhavenkorsett findet unser Konzept der Korsettversorgung Anwendung. Dieses Konzept umfasst das vielseits gew\u00fcnschte und selten erreichte Ziel der engen Zusammenarbeit aller Akteure. In unserem Falle sind es die \u00c4rzte unter [&hellip;]<\/p>\n","protected":false},"author":1,"featured_media":0,"parent":1147,"menu_order":0,"comment_status":"closed","ping_status":"closed","template":"","meta":{"_et_pb_use_builder":"on","_et_pb_old_content":"","_et_gb_content_width":"","footnotes":""},"class_list":["post-1159","page","type-page","status-publish","hentry"],"_links":{"self":[{"href":"https:\/\/gutgesell-cuxhaven.de\/wps\/wp-json\/wp\/v2\/pages\/1159","targetHints":{"allow":["GET"]}}],"collection":[{"href":"https:\/\/gutgesell-cuxhaven.de\/wps\/wp-json\/wp\/v2\/pages"}],"about":[{"href":"https:\/\/gutgesell-cuxhaven.de\/wps\/wp-json\/wp\/v2\/types\/page"}],"author":[{"embeddable":true,"href":"https:\/\/gutgesell-cuxhaven.de\/wps\/wp-json\/wp\/v2\/users\/1"}],"replies":[{"embeddable":true,"href":"https:\/\/gutgesell-cuxhaven.de\/wps\/wp-json\/wp\/v2\/comments?post=1159"}],"version-history":[{"count":8,"href":"https:\/\/gutgesell-cuxhaven.de\/wps\/wp-json\/wp\/v2\/pages\/1159\/revisions"}],"predecessor-version":[{"id":1675,"href":"https:\/\/gutgesell-cuxhaven.de\/wps\/wp-json\/wp\/v2\/pages\/1159\/revisions\/1675"}],"up":[{"embeddable":true,"href":"https:\/\/gutgesell-cuxhaven.de\/wps\/wp-json\/wp\/v2\/pages\/1147"}],"wp:attachment":[{"href":"https:\/\/gutgesell-cuxhaven.de\/wps\/wp-json\/wp\/v2\/media?parent=1159"}],"curies":[{"name":"wp","href":"https:\/\/api.w.org\/{rel}","templated":true}]}}