{"id":1157,"date":"2022-04-18T10:37:38","date_gmt":"2022-04-18T08:37:38","guid":{"rendered":"https:\/\/dev-gut.bambule.de\/?page_id=1157"},"modified":"2023-07-31T09:38:32","modified_gmt":"2023-07-31T07:38:32","slug":"cuxhavenkorsett","status":"publish","type":"page","link":"https:\/\/gutgesell-cuxhaven.de\/wps\/orthopaedie\/cuxhavenkorsett","title":{"rendered":"Cuxhavenkorsett"},"content":{"rendered":"<p>[et_pb_section fb_built=&#8220;1&#8243; fullwidth=&#8220;on&#8220; _builder_version=&#8220;4.17.1&#8243; _module_preset=&#8220;default&#8220; background_enable_image=&#8220;off&#8220; height=&#8220;70%&#8220; top_divider_style=&#8220;wave&#8220; top_divider_color=&#8220;#FFFFFF&#8220; top_divider_height=&#8220;60px&#8220; bottom_divider_style=&#8220;wave&#8220; bottom_divider_color=&#8220;#FFFFFF&#8220; bottom_divider_height=&#8220;50px&#8220; global_colors_info=&#8220;{}&#8220;][et_pb_fullwidth_header title=&#8220;\u201eDas wohl beste Skoliose-Korsett Europas\u201c&#8220; subhead=&#8220;Dr. Edelmann, ehem. Chefarzt Seehospital Sahlenburg&#8220; header_fullscreen=&#8220;on&#8220; header_scroll_down=&#8220;on&#8220; scroll_down_icon_color=&#8220;#FFFFFF&#8220; background_overlay_color=&#8220;RGBA(255,255,255,0)&#8220; _builder_version=&#8220;4.17.4&#8243; _module_preset=&#8220;default&#8220; title_text_color=&#8220;#000000&#8243; title_font_size=&#8220;2em&#8220; subhead_text_align=&#8220;left&#8220; subhead_text_color=&#8220;#000000&#8243; subhead_font_size=&#8220;1.2em&#8220; background_image=&#8220;https:\/\/gutgesell-cuxhaven.de\/wps\/wp-content\/uploads\/2022\/06\/IMG_2268.jpg&#8220; global_colors_info=&#8220;{}&#8220;][\/et_pb_fullwidth_header][\/et_pb_section][et_pb_section fb_built=&#8220;1&#8243; admin_label=&#8220;section&#8220; _builder_version=&#8220;4.17.4&#8243; bottom_divider_style=&#8220;wave&#8220; bottom_divider_color=&#8220;#fcbe00&#8243; bottom_divider_height=&#8220;80px&#8220; bottom_divider_flip=&#8220;horizontal&#8220; global_colors_info=&#8220;{}&#8220;][et_pb_row column_structure=&#8220;3_5,2_5&#8243; admin_label=&#8220;row&#8220; _builder_version=&#8220;4.17.4&#8243; background_size=&#8220;initial&#8220; background_position=&#8220;top_left&#8220; background_repeat=&#8220;repeat&#8220; custom_margin=&#8220;||||false|false&#8220; custom_padding=&#8220;50px||20px||false|false&#8220; global_colors_info=&#8220;{}&#8220;][et_pb_column type=&#8220;3_5&#8243; _builder_version=&#8220;4.16&#8243; custom_padding=&#8220;|||&#8220; global_colors_info=&#8220;{}&#8220; custom_padding__hover=&#8220;|||&#8220;][et_pb_text _builder_version=&#8220;4.17.4&#8243; _module_preset=&#8220;default&#8220; background_color=&#8220;#fcbe00&#8243; custom_margin=&#8220;||||false|false&#8220; custom_padding=&#8220;10px|||20px|false|false&#8220; hover_enabled=&#8220;0&#8243; border_radii=&#8220;on|6px|6px|6px|6px&#8220; global_colors_info=&#8220;{}&#8220; sticky_enabled=&#8220;0&#8243;]<\/p>\n<h2>Das Cuxhaven-Korsett<\/h2>\n<p>[\/et_pb_text][et_pb_text _builder_version=&#8220;4.21.0&#8243; _module_preset=&#8220;default&#8220; hover_enabled=&#8220;0&#8243; global_colors_info=&#8220;{}&#8220; sticky_enabled=&#8220;0&#8243;]<\/p>\n<p>Dieses Skoliose Korsett ist mehr als nur eine Skoliose-Orthese, es ist ein Gesamtkonzept: Unter dem Begriff Cuxhaven-Korsett hegen wir f\u00fcr uns den Anspruch, die bestm\u00f6gliche Skoliose-Versorgung zu bieten. Dieses Konzept des Skoliose-Korsetts umfasst das oft gew\u00fcnschte und selten erreichte Ziel der engen Zusammenarbeit aller Akteure. In unserem Falle sind es unsere Orthop\u00e4dietechnik-Meister und Skoliose-Experten Maik Scholz und Ralph Schnoor, die \u00c4rzte unter dem Chefarzt Dr. Rolf Christophers des <a href=\"https:\/\/www.helios-gesundheit.de\/kliniken\/cuxhaven-sahlenburg\/unser-angebot\/unsere-fachbereiche\/wirbelsaeulenchirurgie-und-kinderorthopaedie\/wirbelsaeule-fehlbildungen\/\">Norddeutschen Skoliose-Zentrums<\/a> sowie Physiotherapeuten, Ergotherapeuten und nicht zuletzt die Schwestern auf der Station.<\/p>\n<p>[\/et_pb_text][et_pb_text _builder_version=&#8220;4.17.4&#8243; _module_preset=&#8220;default&#8220; hover_enabled=&#8220;0&#8243; global_colors_info=&#8220;{}&#8220; sticky_enabled=&#8220;0&#8243;]<\/p>\n<h2>Skoliose Korsett mit hoher Akzeptanz<\/h2>\n<p>Dieses enge Zusammenspiel und die t\u00e4gliche Abstimmung der Versorgung f\u00fchren zu einer optimalen Versorgung und einer extrem hohen Akzeptanz der Patienten. Die Kinder erlernen in dem Klinikaufenthalt ihre t\u00e4glichen krankengymnastischen \u00dcbungen, die sie im Anschluss selbstst\u00e4ndig zu Hause ausf\u00fchren sollen und k\u00f6nnen. Zudem lernen sie h\u00e4ufig andere Korsettkinder w\u00e4hrend des Aufenthalts kennen und stellen fest, dass sie mit diesem Zustand nicht alleine dastehen. Dieses und der pers\u00f6nliche Umgang mit den Skoliose-Patienten und ein immer offenes Ohr der Techniker f\u00fchrt zu einer hohen Compliance der Kinder. Der psychische Druck wird gemindert. Da die Tragezeit hier f\u00fcr den Erfolg der Behandlung entscheidend ist, geht es ohne diese Akzeptanz nicht.<\/p>\n<p>Nat\u00fcrlich bieten wir auch die ambulante Versorgung der Skoliose-Orthesen an, denn manchmal ist es den Kindern nicht m\u00f6glich in die Klinik zu kommen oder sie werden von anderen \u00c4rzten zu uns \u00fcberwiesen.[\/et_pb_text][\/et_pb_column][et_pb_column type=&#8220;2_5&#8243; _builder_version=&#8220;4.16&#8243; custom_padding=&#8220;|||&#8220; global_colors_info=&#8220;{}&#8220; custom_padding__hover=&#8220;|||&#8220;][et_pb_image src=&#8220;https:\/\/gutgesell-cuxhaven.de\/wps\/wp-content\/uploads\/2020\/02\/skoliose-korsett_mit-einhorn.jpg&#8220; alt=&#8220;Lara mit ihrem Skoliose-Korsett&#8220; title_text=&#8220;Lara mit ihrem Skoliose-Korsett&#8220; _builder_version=&#8220;4.17.4&#8243; _module_preset=&#8220;default&#8220; global_colors_info=&#8220;{}&#8220;][\/et_pb_image][et_pb_image src=&#8220;https:\/\/gutgesell-cuxhaven.de\/wps\/wp-content\/uploads\/2020\/02\/skoliose-korsett_mit-einhorn_hinten.jpg&#8220; alt=&#8220;Skoliose Korsett mit Einhorn hinten&#8220; title_text=&#8220;Skoliose Korsett mit Einhorn hinten&#8220; _builder_version=&#8220;4.17.4&#8243; _module_preset=&#8220;default&#8220; global_colors_info=&#8220;{}&#8220;][\/et_pb_image][\/et_pb_column][\/et_pb_row][et_pb_row column_structure=&#8220;1_3,1_3,1_3&#8243; _builder_version=&#8220;4.17.4&#8243; _module_preset=&#8220;default&#8220; global_colors_info=&#8220;{}&#8220;][et_pb_column type=&#8220;1_3&#8243; _builder_version=&#8220;4.17.4&#8243; _module_preset=&#8220;default&#8220; global_colors_info=&#8220;{}&#8220;][et_pb_image src=&#8220;https:\/\/gutgesell-cuxhaven.de\/wps\/wp-content\/uploads\/2022\/06\/skoliose-korsett_positiv-cuxhaven.jpg&#8220; alt=&#8220;Skoliose-Korsett Positiv-Form&#8220; title_text=&#8220;Skoliose-Korsett Positiv-Form&#8220; show_in_lightbox=&#8220;on&#8220; _builder_version=&#8220;4.17.4&#8243; _module_preset=&#8220;default&#8220; global_colors_info=&#8220;{}&#8220;][\/et_pb_image][\/et_pb_column][et_pb_column type=&#8220;1_3&#8243; _builder_version=&#8220;4.17.4&#8243; _module_preset=&#8220;default&#8220; global_colors_info=&#8220;{}&#8220;][et_pb_image src=&#8220;https:\/\/gutgesell-cuxhaven.de\/wps\/wp-content\/uploads\/2022\/06\/skoliose-korsett_werkstatt-cuxhaven.jpg&#8220; alt=&#8220;Skoliose-Korsett in der Werkstatt&#8220; title_text=&#8220;Skoliose-Korsett in der Werkstatt&#8220; show_in_lightbox=&#8220;on&#8220; _builder_version=&#8220;4.17.4&#8243; _module_preset=&#8220;default&#8220; global_colors_info=&#8220;{}&#8220;][\/et_pb_image][\/et_pb_column][et_pb_column type=&#8220;1_3&#8243; _builder_version=&#8220;4.17.4&#8243; _module_preset=&#8220;default&#8220; global_colors_info=&#8220;{}&#8220;][et_pb_image src=&#8220;https:\/\/gutgesell-cuxhaven.de\/wps\/wp-content\/uploads\/2022\/06\/skoliose-korsett_vermessung-cuxhaven.jpg&#8220; alt=&#8220;Skoliose-Korsett bei der Vermessung&#8220; title_text=&#8220;Skoliose-Korsett bei der Vermessung&#8220; show_in_lightbox=&#8220;on&#8220; _builder_version=&#8220;4.17.4&#8243; _module_preset=&#8220;default&#8220; global_colors_info=&#8220;{}&#8220;][\/et_pb_image][\/et_pb_column][\/et_pb_row][et_pb_row _builder_version=&#8220;4.17.4&#8243; _module_preset=&#8220;default&#8220; global_colors_info=&#8220;{}&#8220;][et_pb_column type=&#8220;4_4&#8243; _builder_version=&#8220;4.17.4&#8243; _module_preset=&#8220;default&#8220; global_colors_info=&#8220;{}&#8220;][et_pb_text _builder_version=&#8220;4.17.4&#8243; _module_preset=&#8220;default&#8220; global_colors_info=&#8220;{}&#8220;]<\/p>\n<h2>3D-Scan: Gipsen war gestern<\/h2>\n<p>W\u00e4hrend des Aufenthaltes passen wir die Skoliose-Orthese minuti\u00f6s an. Auf die Bed\u00fcrfnisse der Kinder wird sensibel eingegangen, so dass Hobbys wie zum Beispiel Radfahren oder Reiten Ber\u00fccksichtigung finden. Der langsam ansteigende, korrigierende Druck im Skoliose-Korsett wird auf die Hautverh\u00e4ltnisse und die Akzeptanz des Patienten zunehmend auf ein Maximum erh\u00f6ht, so dass wir nicht irgendein Ergebnis erreichen, sondern das zu diesem Zeitpunkt optimale. Jedes Skoliose-Korsett wird individuell nach 3D-Scan und CAD \/ CAM angefertigt. Die H\u00f6he der Skoliose-Orthese richtet sich nach dem Kr\u00fcmmungsverlauf, das hei\u00dft eine lumbale Kr\u00fcmmung kann mit einem k\u00fcrzeren Skoliose-Korsett versorgt werden als eine thorakale oder doppelbogige Skoliose. Die exakte Form und die Positionierung der Korrekturpelotten werden nach dem R\u00f6ntgenbild festgelegt. Dabei wird keine Typisierung vorgenommen. Wir betrachten und behandeln jeden Patient individuell. Es gilt der Grundsatz: so wenig Skoliose Korsett wie m\u00f6glich, soviel wie n\u00f6tig! Nach dem Aufenthalt wird eine engmaschige Nachkontrolle alle sechs Monate durchgef\u00fchrt. Das Korsett wird anschlie\u00dfend in der Werkstatt bei uns gewartet.[\/et_pb_text][\/et_pb_column][\/et_pb_row][et_pb_row _builder_version=&#8220;4.17.4&#8243; _module_preset=&#8220;default&#8220; global_colors_info=&#8220;{}&#8220;][et_pb_column type=&#8220;4_4&#8243; _builder_version=&#8220;4.17.4&#8243; _module_preset=&#8220;default&#8220; global_colors_info=&#8220;{}&#8220;][et_pb_text _builder_version=&#8220;4.19.5&#8243; _module_preset=&#8220;default&#8220; text_font_size=&#8220;1.2em&#8220; background_color=&#8220;#fcbe00&#8243; text_orientation=&#8220;center&#8220; custom_padding=&#8220;1em|1em|1em|1em|true|true&#8220; border_radii=&#8220;on|6px|6px|6px|6px&#8220; global_colors_info=&#8220;{}&#8220;]<\/p>\n<p>M\u00f6chten Sie einen Termin mit uns machen?<br \/>Rufen Sie uns doch einfach an: <strong>(04721) 3 40 45<\/strong><\/p>\n<p><a href=\"\/wps\/kontakt\">Oder schicken Sie uns eine Nachricht<\/a><\/p>\n<p>[\/et_pb_text][\/et_pb_column][\/et_pb_row][et_pb_row column_structure=&#8220;1_3,1_3,1_3&#8243; _builder_version=&#8220;4.17.4&#8243; _module_preset=&#8220;default&#8220; global_colors_info=&#8220;{}&#8220;][et_pb_column type=&#8220;1_3&#8243; _builder_version=&#8220;4.17.4&#8243; _module_preset=&#8220;default&#8220; global_colors_info=&#8220;{}&#8220;][et_pb_image src=&#8220;https:\/\/gutgesell-cuxhaven.de\/wps\/wp-content\/uploads\/2022\/06\/skoliose-korsett_korrektur_vorher-nachher.jpg&#8220; alt=&#8220;Skoliosekorsett: Korrektur vorher \/ nachher&#8220; title_text=&#8220;Skoliosekorsett: Korrektur vorher \/ nachher&#8220; show_in_lightbox=&#8220;on&#8220; _builder_version=&#8220;4.17.4&#8243; _module_preset=&#8220;default&#8220; global_colors_info=&#8220;{}&#8220;][\/et_pb_image][\/et_pb_column][et_pb_column type=&#8220;1_3&#8243; _builder_version=&#8220;4.17.4&#8243; _module_preset=&#8220;default&#8220; global_colors_info=&#8220;{}&#8220;][et_pb_image src=&#8220;https:\/\/gutgesell-cuxhaven.de\/wps\/wp-content\/uploads\/2022\/06\/skoliose-korsett_innen.jpg&#8220; alt=&#8220;Skoliose-Korsett Innenansicht&#8220; title_text=&#8220;Skoliose-Korsett Innenansicht&#8220; show_in_lightbox=&#8220;on&#8220; _builder_version=&#8220;4.17.4&#8243; _module_preset=&#8220;default&#8220; global_colors_info=&#8220;{}&#8220;][\/et_pb_image][\/et_pb_column][et_pb_column type=&#8220;1_3&#8243; _builder_version=&#8220;4.17.4&#8243; _module_preset=&#8220;default&#8220; global_colors_info=&#8220;{}&#8220;][et_pb_image src=&#8220;https:\/\/gutgesell-cuxhaven.de\/wps\/wp-content\/uploads\/2020\/02\/skoliose-korsett_3d-daten.jpg&#8220; alt=&#8220;Skoliosekorsett: Bearbeitung der 3D-Daten am Computer&#8220; title_text=&#8220;Skoliosekorsett: Bearbeitung der 3D-Daten am Computer&#8220; show_in_lightbox=&#8220;on&#8220; _builder_version=&#8220;4.17.4&#8243; _module_preset=&#8220;default&#8220; global_colors_info=&#8220;{}&#8220;][\/et_pb_image][\/et_pb_column][\/et_pb_row][et_pb_row _builder_version=&#8220;4.17.4&#8243; _module_preset=&#8220;default&#8220; global_colors_info=&#8220;{}&#8220;][et_pb_column type=&#8220;4_4&#8243; _builder_version=&#8220;4.17.4&#8243; _module_preset=&#8220;default&#8220; global_colors_info=&#8220;{}&#8220;][et_pb_text _builder_version=&#8220;4.17.4&#8243; _module_preset=&#8220;default&#8220; global_colors_info=&#8220;{}&#8220;]<\/p>\n<h2>Skoliose Korsett: Antworten auf h\u00e4ufige Fragen<\/h2>\n<p>[\/et_pb_text][et_pb_accordion open_toggle_text_color=&#8220;#000000&#8243; closed_toggle_text_color=&#8220;#000000&#8243; icon_color=&#8220;#fcbe00&#8243; use_icon_font_size=&#8220;on&#8220; icon_font_size=&#8220;1.4em&#8220; _builder_version=&#8220;4.17.4&#8243; _module_preset=&#8220;default&#8220; toggle_text_color=&#8220;#000000&#8243; toggle_font_size=&#8220;1em&#8220; closed_toggle_font_size=&#8220;1em&#8220; global_colors_info=&#8220;{}&#8220;][et_pb_accordion_item title=&#8220;Wie wird ein Skoliose-Korsett getragen?&#8220; open=&#8220;on&#8220; _builder_version=&#8220;4.17.4&#8243; _module_preset=&#8220;default&#8220; global_colors_info=&#8220;{}&#8220;]Alle Fachleute sind sich einig:  Die t\u00e4gliche Tragezeit des Korsetts sollte 23 Stunden betragen. Die verbleibende Stunde wird f\u00fcr die K\u00f6rperhygiene genutzt. Studien belegen zudem, dass eine Tragezeit unter 16 Stunden wirkungslos ist. Deshalb sollte man das Skoliose Korsett unbedingt 16 bis 23 Stunden pro Tag tragen. 16 Stunden sind dabei aber das absolute Minimum f\u00fcr Ausnahmef\u00e4lle, wie sportliche Aktivit\u00e4ten, Urlaub, Haut\u00fcberreaktionen durch Hitzeeinwirkungen etc.[\/et_pb_accordion_item][et_pb_accordion_item title=&#8220;Kann man im Korsett auch reiten?&#8220; _builder_version=&#8220;4.17.4&#8243; _module_preset=&#8220;default&#8220; global_colors_info=&#8220;{}&#8220; open=&#8220;off&#8220;]Grunds\u00e4tzlich ist es uns m\u00f6glich, das Korsett so anzupassen, dass ein Pony bzw. normalgro\u00dfes Pferd noch dazwischen passt, besser ist es aber, w\u00e4hrend der Reitstunden das Korsett abzulegen. Grunds\u00e4tzlich gilt dabei f\u00fcr Skoliose-Patient*innen aber folgendes zu beachten: Wenn man noch gar nicht reiten und die St\u00f6\u00dfe des Pferdes ausgleichen kann, sollte man nicht mit dem Reiten anfangen. Die vertikalen St\u00f6\u00dfe, die beim Reiten auftreten, k\u00f6nnen nicht von der Muskulatur kompensiert werden und die Wirbels\u00e4ule wird gestaucht.[\/et_pb_accordion_item][et_pb_accordion_item title=&#8220;Sport im Korsett: geht das?&#8220; _builder_version=&#8220;4.17.4&#8243; _module_preset=&#8220;default&#8220; global_colors_info=&#8220;{}&#8220; open=&#8220;off&#8220;]Das Cuxhaven Korsett wird minuti\u00f6s angepasst, so dass Fahrradfahren, Laufen, Inlineskaten und normale t\u00e4gliche Aktivit\u00e4ten gut zu machen sind. F\u00fcr Mannschaftssportarten und Schulsport sollte das Skoliose-Korsett zum Schutz der anderen Sportler abgelegt werden.\u00a0[\/et_pb_accordion_item][et_pb_accordion_item title=&#8220;Worauf muss ich bei der Hygiene achten?&#8220; _builder_version=&#8220;4.17.4&#8243; _module_preset=&#8220;default&#8220; global_colors_info=&#8220;{}&#8220; open=&#8220;off&#8220;]Die Haut wir unter dem Korsett tats\u00e4chlich einer Belastungsprobe ausgesetzt. Wir versehen das Cuxhaven Korsett mit reichlich Luftl\u00f6chern, dennoch ist ein Schwitzen unter dem Skoliose-Korsett unvermeidlich. Der Schwei\u00df sollte dabei nicht so lange auf der Haut bleiben. Wir empfehlen unsere Korsetthemden im Winter mindestens zwei Mal am Tag zu wechseln, bei sportlichen Aktivit\u00e4ten auch \u00f6fter. Im Sommer kann es durchaus dazu f\u00fchren, dass das Hemd\u00a0\u00a04 oder 5 Mal t\u00e4glich gewechselt wird.\u00a0Bei der Auswahl der Duschgele und Lotionen sollte man darauf achten, dass sie PH-neutral sind, da die Duftstoffe lange auf der Haut bleiben und sie belasten k\u00f6nnen. Besondere Aufmerksamkeit verlangt der Bauchnabel, er stellt eine nat\u00fcrliche Vertiefung dar, in der sich Schwei\u00df ansammeln und zu Juckreiz f\u00fchren kann. Hitzepickel sind meist eine Reaktion der Haut auf den Schwei\u00df: um sie zu minimieren kann man einfach ein frisches Hemd anziehen. Bei Hautirritationen k\u00f6nnen Salben und \u00d6le verwendet werden: F\u00fcr sporadisch auftretenden Stellen, zum Beispiel nach dem Sport, kann das \u00d6l \u201ePC 30V\u201c die Haut belastungsf\u00e4higer machen. Bei offener bzw. stark beanspruchter Haut wirkt die Salbe \u201eTannolact\u201c nach unserer Erfahrung hervorragend. In beiden F\u00e4llen sollte unbedingt mit dem Arzt, Apotheker oder mit uns R\u00fccksprache gehalten werden. Bei dauerhaften Druckstellen arbeiten wir das Skoliose-Korsett selbstverst\u00e4ndlich nach.[\/et_pb_accordion_item][et_pb_accordion_item title=&#8220;Wie pflege ich das Cuxhaven Korsett?&#8220; _builder_version=&#8220;4.17.4&#8243; _module_preset=&#8220;default&#8220; global_colors_info=&#8220;{}&#8220; open=&#8220;off&#8220;]Das Cuxhaven Korsett kann mit PH-neutraler Seife ausgewischt werden. Zur Desinfizierung bitte das Mittel nicht direkt auftragen, da es den Kleber anl\u00f6st. Einfach Desinfektionst\u00fccher benutzen und eine fl\u00fcchtige Wischdesinfektion durchf\u00fchren[\/et_pb_accordion_item][et_pb_accordion_item title=&#8220;Darf das Skoliose-Korsett nass werden?&#8220; _builder_version=&#8220;4.17.4&#8243; _module_preset=&#8220;default&#8220; global_colors_info=&#8220;{}&#8220; open=&#8220;off&#8220;]Grunds\u00e4tzlich besteht das Korsett aus Polyethylen und pulverbeschichtetem Aluminium. Insofern ist es wasserfest. Da man es aber nicht so schnell wieder trocken bekommt, empfehlen wir, es f\u00fcr jegliche Wassersportarten abzulegen.[\/et_pb_accordion_item][et_pb_accordion_item title=&#8220;Muss das Cuxhaven-Korsett unbedingt in der Klinik angepasst werden?&#8220; _builder_version=&#8220;4.17.4&#8243; _module_preset=&#8220;default&#8220; global_colors_info=&#8220;{}&#8220; open=&#8220;off&#8220;]Es ist sicherlich auch m\u00f6glich das Cuxhaven-Korsett ambulant zu erstellen, jedoch ist die Akzeptanz bei den Kindern nach dem klinischen Aufenthalt deutlich h\u00f6her. Sie kommen sich nicht so alleine mit dieser Erkrankung vor, wie eventuell im Wartezimmer eines Orthop\u00e4den. Sie k\u00f6nnen sich hervorragend mit erfahrenen Korsettkindern austauschen und erlernen in der Klinik ihre Krankengymnastik, die sie danach selbstst\u00e4ndig ausf\u00fchren k\u00f6nnen. [\/et_pb_accordion_item][et_pb_accordion_item title=&#8220;Kann das Skoliose Korsett nicht auch vor Ort gebaut werden?&#8220; _builder_version=&#8220;4.17.4&#8243; _module_preset=&#8220;default&#8220; global_colors_info=&#8220;{}&#8220; open=&#8220;off&#8220;]Die Skoliose-Behandlung ist nach wie vor selten. Das Know-how, das wir in den vergangenen 40 Jahren erworben haben, kommt jeder Korsett-Versorgung zu Gute. Das Zeitfenster, in dem man die Skoliose optimal korrigieren kann, ist sehr eng: Mehrere Versuche ein Korsett zu erstellen, m\u00f6chte man dem Kind zuliebe nicht unternehmen. Es w\u00e4re wertvolle Zeit, die uns bei der optimalen Korrektur entgehen w\u00fcrde. Wir haben in den letzten Jahren einige ineffektive Korsette ersetzen m\u00fcssen. Die engmaschige Kontrolle war ausgeblieben und die Verschlechterung im Korsett wurde nicht bzw. zu sp\u00e4t diagnostiziert. Der Weg zu uns nach Cuxhaven lohnt sich also f\u00fcr eine optimale Korsett-Versorgung bei Skoliose.[\/et_pb_accordion_item][et_pb_accordion_item title=&#8220;Ist es unbedingt erforderlich jedes \u00bd Jahr zu r\u00f6ntgen?&#8220; _builder_version=&#8220;4.17.4&#8243; _module_preset=&#8220;default&#8220; global_colors_info=&#8220;{}&#8220; open=&#8220;off&#8220;]Nur mit einer engmaschigen Kontrolle im Korsett kann eine optimale Versorgung gew\u00e4hrleistet werden. Bei dieser Kontrolle wird der Sitz der Pelotten (Schaumstoff zur Korrektur der Kr\u00fcmmung) \u00fcberpr\u00fcft und auch die generelle Passform. Anschlie\u00dfend, am gleichen Tag, wird das Cuxhaven Korsett bei uns gewartet. Das ist unbedingt erforderlich, da wir die Funktion und Haltbarkeit des Verschlusssystems pr\u00fcfen und sicherstellen m\u00fcssen. Zudem werden die Achselpolster und der Kleiderschutz erneuert.[\/et_pb_accordion_item][et_pb_accordion_item title=&#8220;Was mache ich, wenn das Cuxhaven Korsett zu klein ist?&#8220; _builder_version=&#8220;4.17.4&#8243; _module_preset=&#8220;default&#8220; global_colors_info=&#8220;{}&#8220; open=&#8220;off&#8220;]Einfach einen Termin bei uns vereinbaren. Wir kontrollieren den Sitz des Korsetts und der Pelotten. Wenn das Skoliose-Korsett lediglich zu eng ist und die L\u00e4nge noch passt, k\u00f6nnen wir das Korsett punktgenau ausformen. Wenn das Korsett zu kurz ist, wird ein Termin mit der klinischen Ambulanz und dem Arzt vereinbart.[\/et_pb_accordion_item][\/et_pb_accordion][\/et_pb_column][\/et_pb_row][et_pb_row column_structure=&#8220;1_2,1_2&#8243; _builder_version=&#8220;4.17.4&#8243; _module_preset=&#8220;default&#8220; global_colors_info=&#8220;{}&#8220;][et_pb_column type=&#8220;1_2&#8243; _builder_version=&#8220;4.17.4&#8243; _module_preset=&#8220;default&#8220; global_colors_info=&#8220;{}&#8220;][et_pb_image src=&#8220;https:\/\/gutgesell-cuxhaven.de\/wps\/wp-content\/uploads\/2020\/09\/skoliose-korsett-fuer-einen-jungen.jpg&#8220; alt=&#8220;Skoliose Korsett f\u00fcr einen Jungen&#8220; title_text=&#8220;Skoliose Korsett f\u00fcr einen Jungen&#8220; show_in_lightbox=&#8220;on&#8220; _builder_version=&#8220;4.17.4&#8243; _module_preset=&#8220;default&#8220; global_colors_info=&#8220;{}&#8220;][\/et_pb_image][\/et_pb_column][et_pb_column type=&#8220;1_2&#8243; _builder_version=&#8220;4.17.4&#8243; _module_preset=&#8220;default&#8220; global_colors_info=&#8220;{}&#8220;][et_pb_image src=&#8220;https:\/\/gutgesell-cuxhaven.de\/wps\/wp-content\/uploads\/2019\/12\/skoliose-korsett-ohne-aufbau_vorne-cuxhaven-1.jpg&#8220; alt=&#8220;Skoliose Korsett&#8220; title_text=&#8220;Skoliose Korsett bei lumbaler Skoliose&#8220; show_in_lightbox=&#8220;on&#8220; _builder_version=&#8220;4.17.4&#8243; _module_preset=&#8220;default&#8220; global_colors_info=&#8220;{}&#8220;][\/et_pb_image][\/et_pb_column][\/et_pb_row][et_pb_row column_structure=&#8220;2_3,1_3&#8243; _builder_version=&#8220;4.17.4&#8243; _module_preset=&#8220;default&#8220; custom_margin=&#8220;||||false|false&#8220; custom_padding=&#8220;||80px||false|false&#8220; global_colors_info=&#8220;{}&#8220;][et_pb_column type=&#8220;2_3&#8243; _builder_version=&#8220;4.17.4&#8243; _module_preset=&#8220;default&#8220; global_colors_info=&#8220;{}&#8220;][et_pb_text _builder_version=&#8220;4.17.4&#8243; _module_preset=&#8220;default&#8220; global_colors_info=&#8220;{}&#8220;]<\/p>\n<h2>Die Geschichte des Skoliosekorsetts aus Cuxhaven<\/h2>\n<p>Seit 1976, nach Einf\u00fchrung des Boston Brace Systems als Skoliose-Korsett am Seehospital Sahlenburg in Cuxhaven, unter dem damaligen Chefarzt Dr. Peter Edelmann, entwickelten wir das Cuxhaven-Korsett. Dadurch sollten die Nachteile eines konfektionierten Moduls durch eine individuelle Anfertigung nach Gips ausgeschlossen werden.<\/p>\n<p>Die spontanen Korrekturen der Kr\u00fcmmungen gegen\u00fcber herk\u00f6mmlichen Skoliose-Orthesen (zum Beispiel Milwaukee, Stagnara) waren fast sensationell. Die positiven Ergebnisse wurden auch in einer Langzeitstudie nachgewiesen.<\/p>\n<p>Das Cuxhaven-Korsett ist ein Derotationsorthesensystem, das bei verschiedensten Kr\u00fcmmungsformen der Skoliose zur Anwendung kommt.  Konstruktiv von vorn betrachtet, sind es zwei sich \u00fcberlagernde Dreipunkte-Prinzipien. Diese Konstruktion begradigt die Wirbels\u00e4ule mit seitlichen Kr\u00e4ften. Haupts\u00e4chlich verantwortlich f\u00fcr die Korrektur sind die Korrekturpelotten, die eine Derotation der rotierten Wirbel bezwecken. Ohne Derotation kann kein bleibendes Korrekturergebnis erreicht werden.<\/p>\n<p>Um auch hochliegende Skoliose-Winkel effektiv behandeln zu k\u00f6nnen, verwenden wir ma\u00dfgefertigte Aluminiumaufbauten, sogenannte Cuxhavener Spangen. Das Skoliose-Korsett wird auf der R\u00fcckseite verschlossen, um die Dornforts\u00e4tze zu entlasten und die Korrekturpunkte zu ertasten. Im Laufe von \u00fcber 40 Jahren Skoliose-Arbeit und \u00fcber 5000 Korsetten haben wir einen gro\u00dfen Erfahrungsschatz erworben, der jedem Kind bei der Anpassung zugutekommt.[\/et_pb_text][\/et_pb_column][et_pb_column type=&#8220;1_3&#8243; _builder_version=&#8220;4.17.4&#8243; _module_preset=&#8220;default&#8220; global_colors_info=&#8220;{}&#8220;][et_pb_image src=&#8220;https:\/\/gutgesell-cuxhaven.de\/wps\/wp-content\/uploads\/2022\/01\/skoliose-korsett_2022.jpg&#8220; alt=&#8220;Ein neues Skoliose-Korsett f\u00fcr Lara&#8220; title_text=&#8220;Skoliose-Korsett 2022&#8243; show_in_lightbox=&#8220;on&#8220; _builder_version=&#8220;4.17.4&#8243; _module_preset=&#8220;default&#8220; global_colors_info=&#8220;{}&#8220;][\/et_pb_image][\/et_pb_column][\/et_pb_row][\/et_pb_section]<\/p>\n","protected":false},"excerpt":{"rendered":"<p>Das Cuxhaven-KorsettDieses Skoliose Korsett ist mehr als nur eine Skoliose-Orthese, es ist ein Gesamtkonzept: Unter dem Begriff Cuxhaven-Korsett hegen wir f\u00fcr uns den Anspruch, die bestm\u00f6gliche Skoliose-Versorgung zu bieten. Dieses Konzept des Skoliose-Korsetts umfasst das oft gew\u00fcnschte und selten erreichte Ziel der engen Zusammenarbeit aller Akteure. In unserem Falle sind es unsere Orthop\u00e4dietechnik-Meister und Skoliose-Experten [&hellip;]<\/p>\n","protected":false},"author":1,"featured_media":0,"parent":1147,"menu_order":0,"comment_status":"closed","ping_status":"closed","template":"","meta":{"_et_pb_use_builder":"on","_et_pb_old_content":"","_et_gb_content_width":"","footnotes":""},"class_list":["post-1157","page","type-page","status-publish","hentry"],"_links":{"self":[{"href":"https:\/\/gutgesell-cuxhaven.de\/wps\/wp-json\/wp\/v2\/pages\/1157","targetHints":{"allow":["GET"]}}],"collection":[{"href":"https:\/\/gutgesell-cuxhaven.de\/wps\/wp-json\/wp\/v2\/pages"}],"about":[{"href":"https:\/\/gutgesell-cuxhaven.de\/wps\/wp-json\/wp\/v2\/types\/page"}],"author":[{"embeddable":true,"href":"https:\/\/gutgesell-cuxhaven.de\/wps\/wp-json\/wp\/v2\/users\/1"}],"replies":[{"embeddable":true,"href":"https:\/\/gutgesell-cuxhaven.de\/wps\/wp-json\/wp\/v2\/comments?post=1157"}],"version-history":[{"count":42,"href":"https:\/\/gutgesell-cuxhaven.de\/wps\/wp-json\/wp\/v2\/pages\/1157\/revisions"}],"predecessor-version":[{"id":2481,"href":"https:\/\/gutgesell-cuxhaven.de\/wps\/wp-json\/wp\/v2\/pages\/1157\/revisions\/2481"}],"up":[{"embeddable":true,"href":"https:\/\/gutgesell-cuxhaven.de\/wps\/wp-json\/wp\/v2\/pages\/1147"}],"wp:attachment":[{"href":"https:\/\/gutgesell-cuxhaven.de\/wps\/wp-json\/wp\/v2\/media?parent=1157"}],"curies":[{"name":"wp","href":"https:\/\/api.w.org\/{rel}","templated":true}]}}