{"id":1153,"date":"2022-04-18T10:36:39","date_gmt":"2022-04-18T08:36:39","guid":{"rendered":"https:\/\/dev-gut.bambule.de\/?page_id=1153"},"modified":"2022-09-29T08:31:52","modified_gmt":"2022-09-29T06:31:52","slug":"orthesen","status":"publish","type":"page","link":"https:\/\/gutgesell-cuxhaven.de\/wps\/orthopaedie\/orthesen","title":{"rendered":"Orthesen"},"content":{"rendered":"<p>[et_pb_section fb_built=&#8220;1&#8243; admin_label=&#8220;section&#8220; _builder_version=&#8220;4.17.4&#8243; bottom_divider_style=&#8220;wave&#8220; bottom_divider_color=&#8220;#fcbe00&#8243; bottom_divider_height=&#8220;80px&#8220; bottom_divider_flip=&#8220;horizontal&#8220; global_colors_info=&#8220;{}&#8220;][et_pb_row admin_label=&#8220;row&#8220; _builder_version=&#8220;4.17.4&#8243; background_size=&#8220;initial&#8220; background_position=&#8220;top_left&#8220; background_repeat=&#8220;repeat&#8220; custom_margin=&#8220;||||false|false&#8220; custom_padding=&#8220;50px||20px||false|false&#8220; global_colors_info=&#8220;{}&#8220;][et_pb_column type=&#8220;4_4&#8243; _builder_version=&#8220;4.16&#8243; custom_padding=&#8220;|||&#8220; global_colors_info=&#8220;{}&#8220; custom_padding__hover=&#8220;|||&#8220;][et_pb_text _builder_version=&#8220;4.17.4&#8243; _module_preset=&#8220;default&#8220; background_color=&#8220;#fcbe00&#8243; custom_margin=&#8220;||1.6em||false|false&#8220; custom_padding=&#8220;10px|||20px|false|false&#8220; border_radii=&#8220;on|6px|6px|6px|6px&#8220; global_colors_info=&#8220;{}&#8220;]<\/p>\n<h1>Orthesen<\/h1>\n<p>[\/et_pb_text][et_pb_text _builder_version=&#8220;4.17.4&#8243; _module_preset=&#8220;default&#8220; global_colors_info=&#8220;{}&#8220;]Orthesen, individuell nach Gips erstellt, werden als Dauerversorgung z. B. bei Varus\/Valgusfehlstellungen, L\u00e4hmungen oder komplexen Knieinstabilit\u00e4ten, sowie bei Frakturen im Bereich der unteren und oberen Extremit\u00e4ten, hergestellt. Wir verwenden modernste Gelenksysteme und Materialien, z. B. Kohlefaser, Glasfaser, Polyethylen.Das innovative i.q.Gelenk der Firma Basko Healthcare und die Free Walk Orthese der Firma Otto Bock, z. B. setzen wir erfolgreich bei Quadrizepsl\u00e4hmung (Oberschenkelstrecker) ein. Diese Gelenke erm\u00f6glichen ein harmonisches Stehen und Gehen ohne das Gelenk zu versteifen, wie es bisher \u00fcblich war.<\/p>\n<p>Die Systeme sperren das Gelenk in der Standphase und entriegeln in der Schwungphase. Der Patient kann sein Bein beim Gehen normal beugen und muss somit nicht die andere Seite unnat\u00fcrlich anheben. Diese Arten von Orthesen entlasten die H\u00fcfte, Knie und den R\u00fccken. Einfache Handhabung sind oberstes Gebot, um diese Orthesen auch f\u00fcr \u00e4ltere und gehandikapte Patienten zug\u00e4nglich zu machen. Der Gewinn in der Dynamik des Anwenders ist enorm.[\/et_pb_text][\/et_pb_column][\/et_pb_row][et_pb_row _builder_version=&#8220;4.17.4&#8243; _module_preset=&#8220;default&#8220; global_colors_info=&#8220;{}&#8220;][et_pb_column type=&#8220;4_4&#8243; _builder_version=&#8220;4.17.4&#8243; _module_preset=&#8220;default&#8220; global_colors_info=&#8220;{}&#8220;][et_pb_text _builder_version=&#8220;4.17.4&#8243; _module_preset=&#8220;default&#8220; header_2_text_align=&#8220;center&#8220; text_orientation=&#8220;center&#8220; global_colors_info=&#8220;{}&#8220;]<\/p>\n<h2>Individuell gefertigte Orthesen aus unserer Werkstatt:<\/h2>\n<p>[\/et_pb_text][\/et_pb_column][\/et_pb_row][et_pb_row column_structure=&#8220;1_3,1_3,1_3&#8243; _builder_version=&#8220;4.17.4&#8243; _module_preset=&#8220;default&#8220; global_colors_info=&#8220;{}&#8220;][et_pb_column type=&#8220;1_3&#8243; _builder_version=&#8220;4.17.4&#8243; _module_preset=&#8220;default&#8220; global_colors_info=&#8220;{}&#8220;][et_pb_image src=&#8220;https:\/\/gutgesell-cuxhaven.de\/wps\/wp-content\/uploads\/2020\/01\/KAFO-mit-gesperrtem-Knie-und-Perofeder_1.jpg&#8220; alt=&#8220;KAFO (Knee Ankle Foot Orthosis) mit gesperrtem Knie und Pero-Feder.&#8220; title_text=&#8220;KAFO (Knee Ankle Foot Orthosis) mit gesperrtem Knie und Pero-Feder.&#8220; show_in_lightbox=&#8220;on&#8220; _builder_version=&#8220;4.17.4&#8243; _module_preset=&#8220;default&#8220; global_colors_info=&#8220;{}&#8220;][\/et_pb_image][et_pb_image src=&#8220;https:\/\/gutgesell-cuxhaven.de\/wps\/wp-content\/uploads\/2022\/01\/Postpolio-carbon-orthese_fior-gentz.jpg&#8220; alt=&#8220;Postpolio Carbon-Orthese&#8220; title_text=&#8220;Postpolio Carbon-Orthese&#8220; show_in_lightbox=&#8220;on&#8220; _builder_version=&#8220;4.17.4&#8243; _module_preset=&#8220;default&#8220; global_colors_info=&#8220;{}&#8220;][\/et_pb_image][et_pb_image src=&#8220;https:\/\/gutgesell-cuxhaven.de\/wps\/wp-content\/uploads\/2022\/01\/Knieorthese_massanfertigung_skull-scaled-1.jpg&#8220; alt=&#8220;Knieorthese in Ma\u00dfanfertigung und Dekor Skull&#8220; title_text=&#8220;Knieorthese in Ma\u00dfanfertigung und Dekor Skull&#8220; show_in_lightbox=&#8220;on&#8220; _builder_version=&#8220;4.17.4&#8243; _module_preset=&#8220;default&#8220; global_colors_info=&#8220;{}&#8220;][\/et_pb_image][\/et_pb_column][et_pb_column type=&#8220;1_3&#8243; _builder_version=&#8220;4.17.4&#8243; _module_preset=&#8220;default&#8220; global_colors_info=&#8220;{}&#8220;][et_pb_image src=&#8220;https:\/\/gutgesell-cuxhaven.de\/wps\/wp-content\/uploads\/2020\/01\/KAFO-mit-gesperrtem-Knie-und-Perofeder_2.jpg&#8220; alt=&#8220;KAFO (Knee Ankle Foot Orthosis) mit gesperrtem Knie und Pero-Feder.&#8220; title_text=&#8220;KAFO (Knee Ankle Foot Orthosis) mit gesperrtem Knie und Pero-Feder.&#8220; show_in_lightbox=&#8220;on&#8220; _builder_version=&#8220;4.17.4&#8243; _module_preset=&#8220;default&#8220; global_colors_info=&#8220;{}&#8220;][\/et_pb_image][et_pb_image src=&#8220;https:\/\/gutgesell-cuxhaven.de\/wps\/wp-content\/uploads\/2022\/01\/Kinderschiene-mit-quengelgelenk.jpg&#8220; alt=&#8220;Kinderschiene mit so genanntem Quengelgelenk&#8220; title_text=&#8220;Kinderschiene mit so genanntem Quengelgelenk&#8220; show_in_lightbox=&#8220;on&#8220; _builder_version=&#8220;4.17.4&#8243; _module_preset=&#8220;default&#8220; global_colors_info=&#8220;{}&#8220;][\/et_pb_image][et_pb_image src=&#8220;https:\/\/gutgesell-cuxhaven.de\/wps\/wp-content\/uploads\/2022\/01\/Lagerungsorthese-nach-mass-jeans-scaled-1.jpg&#8220; alt=&#8220;Lagerungsorthese mit Dekor Jeans&#8220; title_text=&#8220;Lagerungsorthese mit Dekor Jeans&#8220; show_in_lightbox=&#8220;on&#8220; _builder_version=&#8220;4.17.4&#8243; _module_preset=&#8220;default&#8220; global_colors_info=&#8220;{}&#8220;][\/et_pb_image][\/et_pb_column][et_pb_column type=&#8220;1_3&#8243; _builder_version=&#8220;4.17.4&#8243; _module_preset=&#8220;default&#8220; global_colors_info=&#8220;{}&#8220;][et_pb_image src=&#8220;https:\/\/gutgesell-cuxhaven.de\/wps\/wp-content\/uploads\/2020\/01\/KAFO-mit-gesperrtem-Knie-und-Perofeder_3.jpg&#8220; alt=&#8220;KAFO (Knee Ankle Foot Orthosis) mit gesperrtem Knie und Pero-Feder.&#8220; title_text=&#8220;KAFO (Knee Ankle Foot Orthosis) mit gesperrtem Knie und Pero-Feder.&#8220; show_in_lightbox=&#8220;on&#8220; _builder_version=&#8220;4.17.4&#8243; _module_preset=&#8220;default&#8220; global_colors_info=&#8220;{}&#8220;][\/et_pb_image][et_pb_image src=&#8220;https:\/\/gutgesell-cuxhaven.de\/wps\/wp-content\/uploads\/2022\/01\/KAFO_seitliche-ansicht-rotated-1.jpg&#8220; alt=&#8220;KAFO&#8220; title_text=&#8220;KAFO&#8220; show_in_lightbox=&#8220;on&#8220; _builder_version=&#8220;4.17.4&#8243; _module_preset=&#8220;default&#8220; global_colors_info=&#8220;{}&#8220;][\/et_pb_image][et_pb_image src=&#8220;https:\/\/gutgesell-cuxhaven.de\/wps\/wp-content\/uploads\/2022\/01\/AFO_Quengel-Tattoo.jpg&#8220; alt=&#8220;AFO Quengel mit Quengelgelenk im Design Tattoo&#8220; title_text=&#8220;AFO Quengel mit Quengelgelenk im Design Tattoo&#8220; show_in_lightbox=&#8220;on&#8220; _builder_version=&#8220;4.17.4&#8243; _module_preset=&#8220;default&#8220; global_colors_info=&#8220;{}&#8220;][\/et_pb_image][\/et_pb_column][\/et_pb_row][et_pb_row column_structure=&#8220;1_2,1_2&#8243; _builder_version=&#8220;4.17.4&#8243; _module_preset=&#8220;default&#8220; custom_padding=&#8220;||100px||false|false&#8220; global_colors_info=&#8220;{}&#8220;][et_pb_column type=&#8220;1_2&#8243; _builder_version=&#8220;4.17.4&#8243; _module_preset=&#8220;default&#8220; global_colors_info=&#8220;{}&#8220;][et_pb_image src=&#8220;https:\/\/gutgesell-cuxhaven.de\/wps\/wp-content\/uploads\/2020\/05\/bein-orthese_neurotronic-gelenk.jpg&#8220; alt=&#8220;Elektronisch gesteuerte Beinorthese aus Kohlefaser mit Neurotronic-Gelenk&#8220; title_text=&#8220;Bein-Orthese mit Neurotronic-Gelenk&#8220; show_in_lightbox=&#8220;on&#8220; _builder_version=&#8220;4.17.4&#8243; _module_preset=&#8220;default&#8220; global_colors_info=&#8220;{}&#8220;][\/et_pb_image][\/et_pb_column][et_pb_column type=&#8220;1_2&#8243; _builder_version=&#8220;4.17.4&#8243; _module_preset=&#8220;default&#8220; global_colors_info=&#8220;{}&#8220;][et_pb_video src=&#8220;\/wps\/wp-content\/uploads\/2019\/11\/orthesen-von-gutgesell.mp4&#8243; _builder_version=&#8220;4.18.0&#8243; _module_preset=&#8220;default&#8220; hover_enabled=&#8220;0&#8243; global_colors_info=&#8220;{}&#8220; sticky_enabled=&#8220;0&#8243;][\/et_pb_video][\/et_pb_column][\/et_pb_row][\/et_pb_section]<\/p>\n","protected":false},"excerpt":{"rendered":"<p>OrthesenOrthesen, individuell nach Gips erstellt, werden als Dauerversorgung z. B. bei Varus\/Valgusfehlstellungen, L\u00e4hmungen oder komplexen Knieinstabilit\u00e4ten, sowie bei Frakturen im Bereich der unteren und oberen Extremit\u00e4ten, hergestellt. Wir verwenden modernste Gelenksysteme und Materialien, z. B. Kohlefaser, Glasfaser, Polyethylen.Das innovative i.q.Gelenk der Firma Basko Healthcare und die Free Walk Orthese der Firma Otto Bock, z. B. [&hellip;]<\/p>\n","protected":false},"author":1,"featured_media":0,"parent":1147,"menu_order":0,"comment_status":"closed","ping_status":"closed","template":"","meta":{"_et_pb_use_builder":"on","_et_pb_old_content":"","_et_gb_content_width":"","footnotes":""},"class_list":["post-1153","page","type-page","status-publish","hentry"],"_links":{"self":[{"href":"https:\/\/gutgesell-cuxhaven.de\/wps\/wp-json\/wp\/v2\/pages\/1153","targetHints":{"allow":["GET"]}}],"collection":[{"href":"https:\/\/gutgesell-cuxhaven.de\/wps\/wp-json\/wp\/v2\/pages"}],"about":[{"href":"https:\/\/gutgesell-cuxhaven.de\/wps\/wp-json\/wp\/v2\/types\/page"}],"author":[{"embeddable":true,"href":"https:\/\/gutgesell-cuxhaven.de\/wps\/wp-json\/wp\/v2\/users\/1"}],"replies":[{"embeddable":true,"href":"https:\/\/gutgesell-cuxhaven.de\/wps\/wp-json\/wp\/v2\/comments?post=1153"}],"version-history":[{"count":8,"href":"https:\/\/gutgesell-cuxhaven.de\/wps\/wp-json\/wp\/v2\/pages\/1153\/revisions"}],"predecessor-version":[{"id":2144,"href":"https:\/\/gutgesell-cuxhaven.de\/wps\/wp-json\/wp\/v2\/pages\/1153\/revisions\/2144"}],"up":[{"embeddable":true,"href":"https:\/\/gutgesell-cuxhaven.de\/wps\/wp-json\/wp\/v2\/pages\/1147"}],"wp:attachment":[{"href":"https:\/\/gutgesell-cuxhaven.de\/wps\/wp-json\/wp\/v2\/media?parent=1153"}],"curies":[{"name":"wp","href":"https:\/\/api.w.org\/{rel}","templated":true}]}}