{"id":1151,"date":"2022-04-18T10:36:17","date_gmt":"2022-04-18T08:36:17","guid":{"rendered":"https:\/\/dev-gut.bambule.de\/?page_id=1151"},"modified":"2022-06-02T11:09:41","modified_gmt":"2022-06-02T09:09:41","slug":"prothesen","status":"publish","type":"page","link":"https:\/\/gutgesell-cuxhaven.de\/wps\/orthopaedie\/prothesen","title":{"rendered":"Prothesen"},"content":{"rendered":"<p>[et_pb_section fb_built=&#8220;1&#8243; fullwidth=&#8220;on&#8220; _builder_version=&#8220;4.17.1&#8243; _module_preset=&#8220;default&#8220; background_enable_image=&#8220;off&#8220; height=&#8220;70%&#8220; top_divider_style=&#8220;wave&#8220; top_divider_color=&#8220;#FFFFFF&#8220; top_divider_height=&#8220;60px&#8220; bottom_divider_style=&#8220;wave&#8220; bottom_divider_color=&#8220;#FFFFFF&#8220; bottom_divider_height=&#8220;50px&#8220; global_colors_info=&#8220;{}&#8220;][et_pb_fullwidth_header header_fullscreen=&#8220;on&#8220; header_scroll_down=&#8220;on&#8220; scroll_down_icon_color=&#8220;#FFFFFF&#8220; _builder_version=&#8220;4.17.4&#8243; _module_preset=&#8220;default&#8220; background_image=&#8220;https:\/\/gutgesell-cuxhaven.de\/wps\/wp-content\/uploads\/2018\/08\/otto-bock_prothesen.jpg&#8220; global_colors_info=&#8220;{}&#8220;][\/et_pb_fullwidth_header][\/et_pb_section][et_pb_section fb_built=&#8220;1&#8243; admin_label=&#8220;section&#8220; _builder_version=&#8220;4.17.4&#8243; bottom_divider_style=&#8220;wave&#8220; bottom_divider_color=&#8220;#fcbe00&#8243; bottom_divider_height=&#8220;80px&#8220; bottom_divider_flip=&#8220;horizontal&#8220; global_colors_info=&#8220;{}&#8220;][et_pb_row admin_label=&#8220;row&#8220; _builder_version=&#8220;4.17.4&#8243; background_size=&#8220;initial&#8220; background_position=&#8220;top_left&#8220; background_repeat=&#8220;repeat&#8220; custom_margin=&#8220;||||false|false&#8220; custom_padding=&#8220;50px||20px||false|false&#8220; global_colors_info=&#8220;{}&#8220;][et_pb_column type=&#8220;4_4&#8243; _builder_version=&#8220;4.16&#8243; custom_padding=&#8220;|||&#8220; global_colors_info=&#8220;{}&#8220; custom_padding__hover=&#8220;|||&#8220;][et_pb_text _builder_version=&#8220;4.17.4&#8243; _module_preset=&#8220;default&#8220; background_color=&#8220;#fcbe00&#8243; custom_margin=&#8220;||1.6em||false|false&#8220; custom_padding=&#8220;10px|||20px|false|false&#8220; hover_enabled=&#8220;0&#8243; border_radii=&#8220;on|6px|6px|6px|6px&#8220; global_colors_info=&#8220;{}&#8220; sticky_enabled=&#8220;0&#8243;]<\/p>\n<h1>Prothesen<\/h1>\n<p>[\/et_pb_text][et_pb_text _builder_version=&#8220;4.17.4&#8243; _module_preset=&#8220;default&#8220; global_colors_info=&#8220;{}&#8220;]Prothesen sind Hilfsmittel, die ein K\u00f6rperteil ersetzen. Das sind in den meisten F\u00e4llen Brustprothesen und h\u00e4ufig auch Beinprothesen. Der Verlust dieser K\u00f6rperteile ist traumatisch. Wir stellen diese bestm\u00f6glich in Optik und Funktion wieder her.<\/p>\n<p>Wie in der Medizintechnik generell dient auch bei der Weiterentwicklung von Prothesen die Natur als Vorbild, dem sich die modernen Hightech-Prothesen Schritt f\u00fcr Schritt immer mehr ann\u00e4hern. Dabei stellt vor allem die Sensibilit\u00e4t des Menschen eine Herausforderung dar, da sie nur schwer zu simulieren ist. Dennoch erf\u00fcllt Ihre Prothese viele unverzichtbare Funktionen: Sie stellt einen gro\u00dfen Teil Ihrer Mobilit\u00e4t wieder her und tr\u00e4gt dazu bei, dass Sie Ihren Alltag ohne fremde Hilfe bew\u00e4ltigen k\u00f6nnen. <\/p>\n<p>Durch das Tragen Ihrer Prothese vermeiden Sie Haltungssch\u00e4den oder Gleichgewichtsst\u00f6rungen, die aufgrund des fehlenden Gewichts Ihres amputierten Beines entstehen k\u00f6nnen. Dar\u00fcber hinaus verhindern Sie durch das Tragen Ihrer Prothese, dass Ihr erhaltenes Bein \u00fcberlastet und langfristig beeintr\u00e4chtigt wird.[\/et_pb_text][et_pb_text _builder_version=&#8220;4.17.4&#8243; _module_preset=&#8220;default&#8220; global_colors_info=&#8220;{}&#8220;]<\/p>\n<h2>Ihr Orthop\u00e4dietechniker<\/h2>\n<p>Wenn der Beinstumpf abgeheilt ist und Sie sich wieder in einer guten k\u00f6rperlichen Verfassung befinden, beginnt die Versorgung mit Ihrer endg\u00fcltigen Prothese. Allerdings wird Ihr Orthop\u00e4dietechniker Sie schon vorher begleiten und Ihnen zun\u00e4chst einige Fragen stellen, um auf Ihre Bed\u00fcrfnisse und W\u00fcnsche eingehen zu k\u00f6nnen. Zudem wird er bereits kurz nach der Amputation Ihren Stumpf untersuchen und herausfinden, ob f\u00fcr Sie eine Interimsprothese in Frage kommt. Wenn Sie es w\u00fcnschen oder Ihr Orthop\u00e4dietechniker es f\u00fcr notwendig h\u00e4lt, wird zudem ein Arzt Ihre Versorgung begleiten.<br \/>Nach diesen ersten Untersuchungen wird Ihnen Ihr Orthop\u00e4dietechniker verschiedene Versorgungsm\u00f6glichkeiten vorschlagen und diese mit Ihnen besprechen. Dabei sind drei Themen von zentraler Bedeutung:<\/p>\n<ul>\n<li>Die Passteilauswahl<\/li>\n<li>Der Prothesenschaft<\/li>\n<li>Der Prothesenaufbau<\/li>\n<\/ul>\n<p>Erst wenn alle drei Themen hinreichend ausdiskutiert sind und die Ergebnisse Ihren Anforderungen und denen des Rehabilitationsteams entsprechen, geht es einerseits an die Anpassung des Schafts, andererseits w\u00e4hlt Ihr Orthop\u00e4dietechniker die Prothesenpassteile aus. Danach kann die Prothese fertig gestellt werden, d. h. die Prothese wird endg\u00fcltig gefertigt und erh\u00e4lt eine kosmetische Verkleidung.<\/p>\n<p>[\/et_pb_text][\/et_pb_column][\/et_pb_row][et_pb_row column_structure=&#8220;1_3,1_3,1_3&#8243; _builder_version=&#8220;4.17.4&#8243; _module_preset=&#8220;default&#8220; global_colors_info=&#8220;{}&#8220;][et_pb_column type=&#8220;1_3&#8243; _builder_version=&#8220;4.17.4&#8243; _module_preset=&#8220;default&#8220; global_colors_info=&#8220;{}&#8220;][et_pb_image src=&#8220;https:\/\/gutgesell-cuxhaven.de\/wps\/wp-content\/uploads\/2020\/01\/unterschenkel-prothese_carbon-3.jpg&#8220; alt=&#8220;Eine Unterschenkel-Prothese aus Carbonfaser mit Carbon-Federfu\u00df&#8220; title_text=&#8220;Eine Unterschenkel-Prothese aus Carbonfaser mit Carbon-Federfu\u00df&#8220; show_in_lightbox=&#8220;on&#8220; _builder_version=&#8220;4.17.4&#8243; _module_preset=&#8220;default&#8220; global_colors_info=&#8220;{}&#8220;][\/et_pb_image][\/et_pb_column][et_pb_column type=&#8220;1_3&#8243; _builder_version=&#8220;4.17.4&#8243; _module_preset=&#8220;default&#8220; global_colors_info=&#8220;{}&#8220;][et_pb_image src=&#8220;https:\/\/gutgesell-cuxhaven.de\/wps\/wp-content\/uploads\/2020\/01\/unterschenkel-prothese_carbon-2.jpg&#8220; alt=&#8220;Eine Unterschenkel-Prothese aus Carbonfaser mit Carbon-Federfu\u00df&#8220; title_text=&#8220;Eine Unterschenkel-Prothese aus Carbonfaser mit Carbon-Federfu\u00df&#8220; show_in_lightbox=&#8220;on&#8220; _builder_version=&#8220;4.17.4&#8243; _module_preset=&#8220;default&#8220; global_colors_info=&#8220;{}&#8220;][\/et_pb_image][\/et_pb_column][et_pb_column type=&#8220;1_3&#8243; _builder_version=&#8220;4.17.4&#8243; _module_preset=&#8220;default&#8220; global_colors_info=&#8220;{}&#8220;][et_pb_image src=&#8220;https:\/\/gutgesell-cuxhaven.de\/wps\/wp-content\/uploads\/2020\/01\/unterschenkel-prothese_carbon-1.jpg&#8220; alt=&#8220;Eine Unterschenkel-Prothese aus Carbonfaser mit Carbon-Federfu\u00df&#8220; title_text=&#8220;Eine Unterschenkel-Prothese aus Carbonfaser mit Carbon-Federfu\u00df&#8220; show_in_lightbox=&#8220;on&#8220; _builder_version=&#8220;4.17.4&#8243; _module_preset=&#8220;default&#8220; global_colors_info=&#8220;{}&#8220;][\/et_pb_image][\/et_pb_column][\/et_pb_row][et_pb_row column_structure=&#8220;1_2,1_2&#8243; _builder_version=&#8220;4.17.4&#8243; _module_preset=&#8220;default&#8220; global_colors_info=&#8220;{}&#8220;][et_pb_column type=&#8220;1_2&#8243; _builder_version=&#8220;4.17.4&#8243; _module_preset=&#8220;default&#8220; global_colors_info=&#8220;{}&#8220;][et_pb_text _builder_version=&#8220;4.17.4&#8243; _module_preset=&#8220;default&#8220; global_colors_info=&#8220;{}&#8220;]<\/p>\n<h2>Interimsprothese<\/h2>\n<p>Bei der sogenannten Interimsprothese handelt es sich um eine \u00dcbergangsprothese, die Ihr Orthop\u00e4dietechniker f\u00fcr Sie anfertigt und die Sie tragen, bis die endg\u00fcltige Prothese angepasst werden kann. Eine Interimsprothese kann den Therapieverlauf g\u00fcnstig beeinflussen und die Indikation zur endg\u00fcltigen Versorgung erleichtern.<br \/>Eine Interimsprothese hilft Ihnen, schon fr\u00fchzeitig Steh- und Geh\u00fcbungen zu machen. Zudem lernt Ihr Orthop\u00e4dietechniker Ihre individuellen Bewegungsabl\u00e4ufe kennen und erh\u00e4lt so wichtige Hinweise, welche Prothesenpassteile f\u00fcr Sie die geeigneten sind. Daraufhin passt er den Prothesenschaft an und stellt zum Schluss die Prothese pr\u00e4zise auf Ihre Bed\u00fcrfnisse ein.<\/p>\n<p>[\/et_pb_text][\/et_pb_column][et_pb_column type=&#8220;1_2&#8243; _builder_version=&#8220;4.17.4&#8243; _module_preset=&#8220;default&#8220; global_colors_info=&#8220;{}&#8220;][et_pb_text _builder_version=&#8220;4.17.4&#8243; _module_preset=&#8220;default&#8220; global_colors_info=&#8220;{}&#8220;]<\/p>\n<h2>Prothesenaufbau<\/h2>\n<p>Wenn der Schaft nach mehreren Anproben seine richtige Passform erreicht hat und die Prothesenpassteile ausgew\u00e4hlt sind, werden Schaft und Passteile zusammengebaut. Dieser Prothesenaufbau kann von Anwender zu Anwender variieren, da zum Beispiel K\u00f6rperhaltung und -gr\u00f6\u00dfe mit hineinspielen.<br \/>Ihr Orthop\u00e4dietechniker orientiert sich beim Aufbau der Prothese an den Ergebnissen der Untersuchungen und auch an gegebenen Richtlinien.<\/p>\n<p>Quelle: Otto Bock HealthCare Deutschland GmbH \u2013 <a href=\"https:\/\/www.ottobock.de\/\" target=\"_blank\" rel=\"noopener noreferrer\">Otto Bock Prothesen<\/a><\/p>\n<p>[\/et_pb_text][\/et_pb_column][\/et_pb_row][et_pb_row column_structure=&#8220;1_2,1_2&#8243; _builder_version=&#8220;4.17.4&#8243; _module_preset=&#8220;default&#8220; custom_padding=&#8220;||100px||false|false&#8220; global_colors_info=&#8220;{}&#8220;][et_pb_column type=&#8220;1_2&#8243; _builder_version=&#8220;4.17.4&#8243; _module_preset=&#8220;default&#8220; global_colors_info=&#8220;{}&#8220;][et_pb_image src=&#8220;https:\/\/gutgesell-cuxhaven.de\/wps\/wp-content\/uploads\/2018\/08\/c-leg-prothese_02.jpg&#8220; alt=&#8220;C-Leg-Prothese Schaubild&#8220; title_text=&#8220;C-Leg-Prothese&#8220; show_in_lightbox=&#8220;on&#8220; _builder_version=&#8220;4.17.4&#8243; _module_preset=&#8220;default&#8220; global_colors_info=&#8220;{}&#8220;][\/et_pb_image][\/et_pb_column][et_pb_column type=&#8220;1_2&#8243; _builder_version=&#8220;4.17.4&#8243; _module_preset=&#8220;default&#8220; global_colors_info=&#8220;{}&#8220;][et_pb_image src=&#8220;https:\/\/gutgesell-cuxhaven.de\/wps\/wp-content\/uploads\/2018\/08\/c-leg-prothese-von-ottobock.jpg&#8220; alt=&#8220;Die C-Leg Prothese von OTTOBOCK&#8220; title_text=&#8220;Die C-Leg Prothese von OTTOBOCK&#8220; _builder_version=&#8220;4.17.4&#8243; _module_preset=&#8220;default&#8220; global_colors_info=&#8220;{}&#8220;][\/et_pb_image][et_pb_code _builder_version=&#8220;4.17.4&#8243; _module_preset=&#8220;default&#8220; global_colors_info=&#8220;{}&#8220;] <\/p>\n<div class=\"brlbs-cmpnt-container brlbs-cmpnt-content-blocker brlbs-cmpnt-with-individual-styles\" data-borlabs-cookie-content-blocker-id=\"youtube-content-blocker\" data-borlabs-cookie-content=\"PGlmcmFtZSB3aWR0aD0iNTYwIiBoZWlnaHQ9IjMxNSIgc3JjPSJodHRwczovL3d3dy55b3V0dWJlLW5vY29va2llLmNvbS9lbWJlZC9EQlFUbEVSVXB4cyIgdGl0bGU9IllvdVR1YmUgdmlkZW8gcGxheWVyIiBmcmFtZWJvcmRlcj0iMCIgYWxsb3c9ImFjY2VsZXJvbWV0ZXI7IGF1dG9wbGF5OyBjbGlwYm9hcmQtd3JpdGU7IGVuY3J5cHRlZC1tZWRpYTsgZ3lyb3Njb3BlOyBwaWN0dXJlLWluLXBpY3R1cmUiIGFsbG93ZnVsbHNjcmVlbj48L2lmcmFtZT4=\">\n<div class=\"brlbs-cmpnt-cb-preset-c brlbs-cmpnt-cb-youtube\">\n<div class=\"brlbs-cmpnt-cb-thumbnail\" style=\"background-image: url('https:\/\/gutgesell-cuxhaven.de\/wps\/wp-content\/uploads\/borlabs-cookie\/1\/yt_DBQTlERUpxs_hqdefault.jpg')\"><\/div>\n<div class=\"brlbs-cmpnt-cb-main\">\n<div class=\"brlbs-cmpnt-cb-play-button\"><\/div>\n<div class=\"brlbs-cmpnt-cb-content\">\n<p class=\"brlbs-cmpnt-cb-description\">Sie sehen gerade einen Platzhalterinhalt von <strong>YouTube<\/strong>. Um auf den eigentlichen Inhalt zuzugreifen, klicken Sie auf die Schaltfl\u00e4che unten. Bitte beachten Sie, dass dabei Daten an Drittanbieter weitergegeben werden.<\/p>\n<p> <a class=\"brlbs-cmpnt-cb-provider-toggle\" href=\"#\" data-borlabs-cookie-show-provider-information role=\"button\">Mehr Informationen<\/a> <\/div>\n<div class=\"brlbs-cmpnt-cb-buttons\"> <a class=\"brlbs-cmpnt-cb-btn\" href=\"#\" data-borlabs-cookie-unblock role=\"button\">Inhalt entsperren<\/a> <a class=\"brlbs-cmpnt-cb-btn\" href=\"#\" data-borlabs-cookie-accept-service role=\"button\" style=\"display: inherit\">Erforderlichen Service akzeptieren und Inhalte entsperren<\/a> <\/div>\n<\/p><\/div>\n<\/p><\/div>\n<\/div>\n<p>[\/et_pb_code][\/et_pb_column][\/et_pb_row][\/et_pb_section]<\/p>\n","protected":false},"excerpt":{"rendered":"<p>ProthesenProthesen sind Hilfsmittel, die ein K\u00f6rperteil ersetzen. Das sind in den meisten F\u00e4llen Brustprothesen und h\u00e4ufig auch Beinprothesen. Der Verlust dieser K\u00f6rperteile ist traumatisch. Wir stellen diese bestm\u00f6glich in Optik und Funktion wieder her. Wie in der Medizintechnik generell dient auch bei der Weiterentwicklung von Prothesen die Natur als Vorbild, dem sich die modernen Hightech-Prothesen [&hellip;]<\/p>\n","protected":false},"author":1,"featured_media":0,"parent":1147,"menu_order":0,"comment_status":"closed","ping_status":"closed","template":"","meta":{"_et_pb_use_builder":"on","_et_pb_old_content":"","_et_gb_content_width":"","footnotes":""},"class_list":["post-1151","page","type-page","status-publish","hentry"],"_links":{"self":[{"href":"https:\/\/gutgesell-cuxhaven.de\/wps\/wp-json\/wp\/v2\/pages\/1151","targetHints":{"allow":["GET"]}}],"collection":[{"href":"https:\/\/gutgesell-cuxhaven.de\/wps\/wp-json\/wp\/v2\/pages"}],"about":[{"href":"https:\/\/gutgesell-cuxhaven.de\/wps\/wp-json\/wp\/v2\/types\/page"}],"author":[{"embeddable":true,"href":"https:\/\/gutgesell-cuxhaven.de\/wps\/wp-json\/wp\/v2\/users\/1"}],"replies":[{"embeddable":true,"href":"https:\/\/gutgesell-cuxhaven.de\/wps\/wp-json\/wp\/v2\/comments?post=1151"}],"version-history":[{"count":18,"href":"https:\/\/gutgesell-cuxhaven.de\/wps\/wp-json\/wp\/v2\/pages\/1151\/revisions"}],"predecessor-version":[{"id":1545,"href":"https:\/\/gutgesell-cuxhaven.de\/wps\/wp-json\/wp\/v2\/pages\/1151\/revisions\/1545"}],"up":[{"embeddable":true,"href":"https:\/\/gutgesell-cuxhaven.de\/wps\/wp-json\/wp\/v2\/pages\/1147"}],"wp:attachment":[{"href":"https:\/\/gutgesell-cuxhaven.de\/wps\/wp-json\/wp\/v2\/media?parent=1151"}],"curies":[{"name":"wp","href":"https:\/\/api.w.org\/{rel}","templated":true}]}}