{"id":1145,"date":"2022-04-18T10:34:52","date_gmt":"2022-04-18T08:34:52","guid":{"rendered":"https:\/\/dev-gut.bambule.de\/?page_id=1145"},"modified":"2022-06-02T09:50:16","modified_gmt":"2022-06-02T07:50:16","slug":"impressum","status":"publish","type":"page","link":"https:\/\/gutgesell-cuxhaven.de\/wps\/impressum","title":{"rendered":"Impressum"},"content":{"rendered":"<p><strong>Gutgesell Cuxhaven GmbH<\/strong><br \/>\nOrthop\u00e4dietechnik \u2022 Sanit\u00e4tshaus \u2022 Reha-Technik \u2022 Hautnah<\/p>\n<p>Segelckestra\u00dfe 42<br \/>\n27472 Cuxhaven<\/p>\n<p>Telefon: 04721-34045<br \/>\nTelefax: 04721-34652<\/p>\n<p>E-Mail: info@gutgesell-cuxhaven.de<\/p>\n<p>Eingetragen in Register: HRB 110377<br \/>\nbei f\u00fchrender Stelle: Amtsgericht Tostedt<\/p>\n<p>Verantwortlicher gem\u00e4ss \u00a7 6 MDStV: Maik Scholz<br \/>\nGesch\u00e4ftsf\u00fchrer: Ralph Schnoor, Maik Scholz<\/p>\n<p>Umsatzsteuer-ID: DE200487899<\/p>\n<p>Dieses Impressum gilt auch f\u00fcr: <a href=\"https:\/\/www.instagram.com\/gutgesell_cuxhaven\/\">www.instagram.com\/gutgesell_cuxhaven\/<\/a> und <a href=\"https:\/\/www.facebook.com\/gutgesell.cuxhaven\/\">www.facebook.com\/gutgesell.cuxhaven\/<\/a><br \/>\n&nbsp;<br \/>&nbsp;<br \/>&nbsp;<br \/>&nbsp;<\/p>\n","protected":false},"excerpt":{"rendered":"<p>Gutgesell Cuxhaven GmbH Orthop\u00e4dietechnik \u2022 Sanit\u00e4tshaus \u2022 Reha-Technik \u2022 Hautnah Segelckestra\u00dfe 42 27472 Cuxhaven Telefon: 04721-34045 Telefax: 04721-34652 E-Mail: info@gutgesell-cuxhaven.de Eingetragen in Register: HRB 110377 bei f\u00fchrender Stelle: Amtsgericht Tostedt Verantwortlicher gem\u00e4ss \u00a7 6 MDStV: Maik Scholz Gesch\u00e4ftsf\u00fchrer: Ralph Schnoor, Maik Scholz Umsatzsteuer-ID: DE200487899 Dieses Impressum gilt auch f\u00fcr: www.instagram.com\/gutgesell_cuxhaven\/ und www.facebook.com\/gutgesell.cuxhaven\/ &nbsp;&nbsp;&nbsp;&nbsp;<\/p>\n","protected":false},"author":1,"featured_media":0,"parent":0,"menu_order":0,"comment_status":"closed","ping_status":"closed","template":"","meta":{"_et_pb_use_builder":"","_et_pb_old_content":"","_et_gb_content_width":"","footnotes":""},"class_list":["post-1145","page","type-page","status-publish","hentry"],"_links":{"self":[{"href":"https:\/\/gutgesell-cuxhaven.de\/wps\/wp-json\/wp\/v2\/pages\/1145","targetHints":{"allow":["GET"]}}],"collection":[{"href":"https:\/\/gutgesell-cuxhaven.de\/wps\/wp-json\/wp\/v2\/pages"}],"about":[{"href":"https:\/\/gutgesell-cuxhaven.de\/wps\/wp-json\/wp\/v2\/types\/page"}],"author":[{"embeddable":true,"href":"https:\/\/gutgesell-cuxhaven.de\/wps\/wp-json\/wp\/v2\/users\/1"}],"replies":[{"embeddable":true,"href":"https:\/\/gutgesell-cuxhaven.de\/wps\/wp-json\/wp\/v2\/comments?post=1145"}],"version-history":[{"count":4,"href":"https:\/\/gutgesell-cuxhaven.de\/wps\/wp-json\/wp\/v2\/pages\/1145\/revisions"}],"predecessor-version":[{"id":1462,"href":"https:\/\/gutgesell-cuxhaven.de\/wps\/wp-json\/wp\/v2\/pages\/1145\/revisions\/1462"}],"wp:attachment":[{"href":"https:\/\/gutgesell-cuxhaven.de\/wps\/wp-json\/wp\/v2\/media?parent=1145"}],"curies":[{"name":"wp","href":"https:\/\/api.w.org\/{rel}","templated":true}]}}