{"id":1133,"date":"2022-04-18T10:07:11","date_gmt":"2022-04-18T08:07:11","guid":{"rendered":"https:\/\/dev-gut.bambule.de\/?page_id=1133"},"modified":"2022-09-28T21:48:58","modified_gmt":"2022-09-28T19:48:58","slug":"startseite","status":"publish","type":"page","link":"https:\/\/gutgesell-cuxhaven.de\/wps\/","title":{"rendered":"Startseite"},"content":{"rendered":"<p>[et_pb_section fb_built=&#8220;1&#8243; fullwidth=&#8220;on&#8220; _builder_version=&#8220;4.17.1&#8243; _module_preset=&#8220;default&#8220; background_enable_image=&#8220;off&#8220; height=&#8220;70%&#8220; top_divider_style=&#8220;wave&#8220; top_divider_color=&#8220;#FFFFFF&#8220; top_divider_height=&#8220;60px&#8220; bottom_divider_style=&#8220;wave&#8220; bottom_divider_color=&#8220;#FFFFFF&#8220; bottom_divider_height=&#8220;50px&#8220; global_colors_info=&#8220;{}&#8220;][et_pb_fullwidth_header header_fullscreen=&#8220;on&#8220; header_scroll_down=&#8220;on&#8220; scroll_down_icon_color=&#8220;#FFFFFF&#8220; _builder_version=&#8220;4.17.4&#8243; _module_preset=&#8220;default&#8220; background_image=&#8220;https:\/\/gutgesell-cuxhaven.de\/wps\/wp-content\/uploads\/2022\/05\/sanitaetshaus-cuxhaven_start.jpg&#8220; global_colors_info=&#8220;{}&#8220;][\/et_pb_fullwidth_header][\/et_pb_section][et_pb_section fb_built=&#8220;1&#8243; admin_label=&#8220;section&#8220; _builder_version=&#8220;4.17.3&#8243; bottom_divider_style=&#8220;wave&#8220; bottom_divider_color=&#8220;#eeeeee&#8220; bottom_divider_height=&#8220;80px&#8220; bottom_divider_flip=&#8220;horizontal&#8220; global_colors_info=&#8220;{}&#8220;][et_pb_row column_structure=&#8220;3_5,2_5&#8243; admin_label=&#8220;row&#8220; _builder_version=&#8220;4.17.3&#8243; background_size=&#8220;initial&#8220; background_position=&#8220;top_left&#8220; background_repeat=&#8220;repeat&#8220; custom_margin=&#8220;||50px||false|false&#8220; global_colors_info=&#8220;{}&#8220;][et_pb_column type=&#8220;3_5&#8243; _builder_version=&#8220;4.16&#8243; custom_padding=&#8220;|||&#8220; global_colors_info=&#8220;{}&#8220; custom_padding__hover=&#8220;|||&#8220;][et_pb_text _builder_version=&#8220;4.18.0&#8243; _module_preset=&#8220;default&#8220; hover_enabled=&#8220;0&#8243; global_colors_info=&#8220;{}&#8220; sticky_enabled=&#8220;0&#8243;]<\/p>\n<h1>Orthop\u00e4die,\u00a0Sanit\u00e4tshaus, Reha-Technik<\/h1>\n<p>Mit unseren Versorgungen und Hilfsmitteln unterst\u00fctzen wir Sie seit Jahrzehnten einf\u00fchlsam und l\u00f6sungsorientiert.<\/p>\n<h2>Das bew\u00e4hrte Skoliose-Korsett<\/h2>\n<p>Das bei uns entwickelte Cuxhaven-Korsett ist ein \u00fcberregional gesch\u00e4tztes <a href=\"\/wps\/orthopaedie\/cuxhavenkorsett\">Skoliosekorsett.<\/a> Bei der Versorgung von Skoliosen arbeiten wir mit dem Norddeutschen Skoliose-Zentrum zusammen. Dabei nutzen wir modernste Verfahren wie den ber\u00fchrungslosen 3D-Scan, der das fr\u00fchere Gipsen ersetzt.[\/et_pb_text][\/et_pb_column][et_pb_column type=&#8220;2_5&#8243; _builder_version=&#8220;4.16&#8243; custom_padding=&#8220;|||&#8220; global_colors_info=&#8220;{}&#8220; custom_padding__hover=&#8220;|||&#8220;][et_pb_image src=&#8220;https:\/\/gutgesell-cuxhaven.de\/wps\/wp-content\/uploads\/2020\/01\/sanitaetshaus-cuxhaven_seit-1946.jpg&#8220; alt=&#8220;seit 1946 in Cuxhaven&#8220; title_text=&#8220;sanitaetshaus-cuxhaven_seit-1946&#8243; _builder_version=&#8220;4.17.1&#8243; _module_preset=&#8220;default&#8220; global_colors_info=&#8220;{}&#8220;][\/et_pb_image][\/et_pb_column][\/et_pb_row][et_pb_row column_structure=&#8220;1_2,1_2&#8243; _builder_version=&#8220;4.17.3&#8243; _module_preset=&#8220;default&#8220; custom_margin=&#8220;||||false|false&#8220; custom_padding=&#8220;||80px||false|false&#8220; global_colors_info=&#8220;{}&#8220;][et_pb_column type=&#8220;1_2&#8243; _builder_version=&#8220;4.17.1&#8243; _module_preset=&#8220;default&#8220; global_colors_info=&#8220;{}&#8220;][et_pb_image src=&#8220;https:\/\/gutgesell-cuxhaven.de\/wps\/wp-content\/uploads\/2020\/01\/skoliose-korsett_kundenstimme.jpg&#8220; alt=&#8220;Skoliose Korsett Kundenstimme&#8220; title_text=&#8220;Skoliose Korsett Kundenstimme&#8220; _builder_version=&#8220;4.17.1&#8243; _module_preset=&#8220;default&#8220; global_colors_info=&#8220;{}&#8220;][\/et_pb_image][\/et_pb_column][et_pb_column type=&#8220;1_2&#8243; _builder_version=&#8220;4.17.1&#8243; _module_preset=&#8220;default&#8220; global_colors_info=&#8220;{}&#8220;][et_pb_text _builder_version=&#8220;4.18.0&#8243; _module_preset=&#8220;default&#8220; hover_enabled=&#8220;0&#8243; global_colors_info=&#8220;{}&#8220; sticky_enabled=&#8220;0&#8243;]<\/p>\n<h2>Moderne Kompressions-Versorgung<\/h2>\n<p>Dieses Verfahren erleichtert auch das Anmessen von Kompressionsstr\u00fcmpfen in unserem <a href=\"\/wps\/sanitaetshaus\/kompressionstherapie\">Venenkompetenzzentrum.<\/a>\u00a0<\/p>\n<p>Hier stehen Ihnen au\u00dfer moderner Technik auch erfahrene Beraterinnen und Therapeuten f\u00fcr die Kompressionstherapie zur Seite.<\/p>\n<h3>Hilfsmittel f\u00fcr alle F\u00e4lle<\/h3>\n<p>M\u00f6chten Sie einen Rollator oder Rollstuhl leihen? Diese und andere Hilfsmittel stellen wir Ihnen gerne auf <a href=\"\/wps\/reha-technik\/verleihanfrage\">Anfrage<\/a> zur Verf\u00fcgung.<\/p>\n<p>[\/et_pb_text][\/et_pb_column][\/et_pb_row][\/et_pb_section][et_pb_section fb_built=&#8220;1&#8243; _builder_version=&#8220;4.17.3&#8243; _module_preset=&#8220;default&#8220; background_color=&#8220;#eeeeee&#8220; bottom_divider_style=&#8220;wave&#8220; bottom_divider_color=&#8220;#fcbe00&#8243; bottom_divider_height=&#8220;60px&#8220; global_colors_info=&#8220;{}&#8220;][et_pb_row _builder_version=&#8220;4.17.3&#8243; _module_preset=&#8220;default&#8220; background_enable_color=&#8220;off&#8220; global_colors_info=&#8220;{}&#8220;][et_pb_column type=&#8220;4_4&#8243; _builder_version=&#8220;4.17.3&#8243; _module_preset=&#8220;default&#8220; global_colors_info=&#8220;{}&#8220;][et_pb_blog fullwidth=&#8220;off&#8220; posts_number=&#8220;3&#8243; include_categories=&#8220;1&#8243; show_more=&#8220;on&#8220; show_author=&#8220;off&#8220; show_date=&#8220;off&#8220; show_categories=&#8220;off&#8220; show_pagination=&#8220;off&#8220; module_class=&#8220;et_blog_grid_equal_height&#8220; _builder_version=&#8220;4.17.3&#8243; _module_preset=&#8220;default&#8220; custom_padding=&#8220;50px||80px||false|false&#8220; global_colors_info=&#8220;{}&#8220;][\/et_pb_blog][\/et_pb_column][\/et_pb_row][\/et_pb_section]<\/p>\n","protected":false},"excerpt":{"rendered":"<p>Orthop\u00e4die,\u00a0Sanit\u00e4tshaus, Reha-Technik Mit unseren Versorgungen und Hilfsmitteln unterst\u00fctzen wir Sie seit Jahrzehnten einf\u00fchlsam und l\u00f6sungsorientiert. Das bew\u00e4hrte Skoliose-Korsett Das bei uns entwickelte Cuxhaven-Korsett ist ein \u00fcberregional gesch\u00e4tztes Skoliosekorsett. Bei der Versorgung von Skoliosen arbeiten wir mit dem Norddeutschen Skoliose-Zentrum zusammen. Dabei nutzen wir modernste Verfahren wie den ber\u00fchrungslosen 3D-Scan, der das fr\u00fchere Gipsen ersetzt.Moderne Kompressions-Versorgung [&hellip;]<\/p>\n","protected":false},"author":1,"featured_media":0,"parent":0,"menu_order":0,"comment_status":"closed","ping_status":"closed","template":"","meta":{"_et_pb_use_builder":"on","_et_pb_old_content":"","_et_gb_content_width":"","footnotes":""},"class_list":["post-1133","page","type-page","status-publish","hentry"],"_links":{"self":[{"href":"https:\/\/gutgesell-cuxhaven.de\/wps\/wp-json\/wp\/v2\/pages\/1133","targetHints":{"allow":["GET"]}}],"collection":[{"href":"https:\/\/gutgesell-cuxhaven.de\/wps\/wp-json\/wp\/v2\/pages"}],"about":[{"href":"https:\/\/gutgesell-cuxhaven.de\/wps\/wp-json\/wp\/v2\/types\/page"}],"author":[{"embeddable":true,"href":"https:\/\/gutgesell-cuxhaven.de\/wps\/wp-json\/wp\/v2\/users\/1"}],"replies":[{"embeddable":true,"href":"https:\/\/gutgesell-cuxhaven.de\/wps\/wp-json\/wp\/v2\/comments?post=1133"}],"version-history":[{"count":56,"href":"https:\/\/gutgesell-cuxhaven.de\/wps\/wp-json\/wp\/v2\/pages\/1133\/revisions"}],"predecessor-version":[{"id":2137,"href":"https:\/\/gutgesell-cuxhaven.de\/wps\/wp-json\/wp\/v2\/pages\/1133\/revisions\/2137"}],"wp:attachment":[{"href":"https:\/\/gutgesell-cuxhaven.de\/wps\/wp-json\/wp\/v2\/media?parent=1133"}],"curies":[{"name":"wp","href":"https:\/\/api.w.org\/{rel}","templated":true}]}}